{"id":941,"date":"2016-07-07T13:59:07","date_gmt":"2016-07-07T12:59:07","guid":{"rendered":"https:\/\/www.globaware.com\/es\/localizacion\/"},"modified":"2021-10-20T09:35:39","modified_gmt":"2021-10-20T08:35:39","slug":"localizacion","status":"publish","type":"page","link":"https:\/\/www.globaware.com\/es\/localizacion\/","title":{"rendered":"Agencia de localizaci\u00f3n"},"content":{"rendered":"\n<div class=\"wp-block-cover\" style=\"min-height:250px;aspect-ratio:unset;\"><img loading=\"lazy\" decoding=\"async\" width=\"1050\" height=\"265\" class=\"wp-block-cover__image-background wp-image-2048\" alt=\"\" src=\"https:\/\/www.globaware.com\/wp-content\/uploads\/2014\/10\/bandeau_localisation.jpg\" data-object-fit=\"cover\"\/><div class=\"wp-block-cover__inner-container is-layout-flow wp-block-cover-is-layout-flow\">\n<p class=\"has-text-align-center has-large-font-size\"><\/p>\n<\/div><\/div>\n\n\n\n<div style=\"height:13px\" aria-hidden=\"true\" class=\"wp-block-spacer\"><\/div>\n\n\n\n<h2 class=\"has-text-align-center has-text-color has-large-font-size wp-block-heading\" style=\"color:#009475\"> Globaware, agencia de localizaci\u00f3n <\/h2>\n\n\n\n<div style=\"height:14px\" aria-hidden=\"true\" class=\"wp-block-spacer\"><\/div>\n\n\n\n<p class=\"has-text-align-center\">Por supuesto, la traducci\u00f3n y la localizaci\u00f3n est\u00e1n estrechamente relacionadas. Sin embargo, el proceso de localizaci\u00f3n no puede comenzar hasta que la traducci\u00f3n est\u00e9 completa. La adaptaci\u00f3n de los textos no es el \u00fanico aspecto de la localizaci\u00f3n. Tambi\u00e9n incluye la armonizaci\u00f3n de gr\u00e1ficos, iconos y formatos a los h\u00e1bitos del usuario final. Est\u00e1 claro que la <a href=\"https:\/\/www.cairn.info\/revue-hermes-la-revue-2007-3-page-37.htm\">localizaci\u00f3n representa un gran paso adelante al servicio de la globalizaci\u00f3n<\/a>. Inaudito hace 20 a\u00f1os, ahora se ha convertido en algo esencial para el crecimiento internacional de las empresas.<\/p>\n\n\n\n<p class=\"has-text-align-center\">Como hace que los usuarios est\u00e9n m\u00e1s familiarizados con su entorno de trabajo, aumenta su satisfacci\u00f3n. Como resultado, la frecuencia de uso de las herramientas proporcionadas ha aumentado. <\/p>\n\n\n\n<p class=\"has-text-align-center\">En \u00faltima instancia, al hacer que sus contenidos sean accesibles a su p\u00fablico internacional, aumentar\u00e1 sus ventas o su notoriedad.<br>As\u00ed pues, \u00a1d\u00e9se ventajas competitivas reales adaptando sus herramientas a los pa\u00edses que distribuye ! . Como especialista en localizaci\u00f3n de sitios web, software y contenidos, Globaware utiliza una metodolog\u00eda precisa y sutil. <\/p>\n\n\n\n<div class=\"wp-block-columns has-g-palette-1633780710265-color has-dark-gray-background-color has-text-color has-background cnvs-block-core-columns-1629295068617 is-layout-flex wp-container-core-columns-is-layout-9d6595d7 wp-block-columns-is-layout-flex\">\n<div class=\"wp-block-column has-white-background-color has-background cnvs-block-core-column-1629295072000 is-layout-flow wp-block-column-is-layout-flow\">\n<div class=\"wp-block-image\"><figure class=\"aligncenter size-full\"><a href=\"https:\/\/www.globaware.com\/wp-content\/uploads\/2021\/08\/icons8-unite-organisationnelle-50.png\"><img loading=\"lazy\" decoding=\"async\" width=\"50\" height=\"50\" src=\"https:\/\/www.globaware.com\/wp-content\/uploads\/2021\/08\/icons8-unite-organisationnelle-50.png\" alt=\"\" class=\"wp-image-3939\"\/><\/a><\/figure><\/div>\n\n\n\n<h2 class=\"has-text-align-center has-text-color cnvs-block-core-heading-1629295254528 wp-block-heading\" style=\"color:#009475\"><a href=\"https:\/\/www.globaware.com\/es\/localizacion-de-software\/\">SOFTWARE<\/a><\/h2>\n<\/div>\n\n\n\n<div class=\"wp-block-column has-white-background-color has-background cnvs-block-core-column-1629295071992 is-layout-flow wp-block-column-is-layout-flow\">\n<div class=\"wp-block-image\"><figure class=\"aligncenter size-full\"><a href=\"https:\/\/www.globaware.com\/wp-content\/uploads\/2021\/08\/icons8-web-50.png\"><img loading=\"lazy\" decoding=\"async\" width=\"50\" height=\"50\" src=\"https:\/\/www.globaware.com\/wp-content\/uploads\/2021\/08\/icons8-web-50.png\" alt=\"\" class=\"wp-image-4033\"\/><\/a><\/figure><\/div>\n\n\n\n<h2 class=\"has-text-align-center has-g-palette-1633780710265-color has-text-color wp-block-heading\"><a href=\"https:\/\/www.globaware.com\/es\/localizacion-marketing-web\/\">SITIO WEB Y MARKETING<\/a><\/h2>\n<\/div>\n<\/div>\n\n\n\n<div class=\"wp-block-columns has-g-palette-1633780710265-color has-dark-gray-background-color has-text-color has-background cnvs-block-core-columns-1633771427538 is-layout-flex wp-container-core-columns-is-layout-9d6595d7 wp-block-columns-is-layout-flex\">\n<div class=\"wp-block-column has-white-background-color has-background cnvs-block-core-column-1633771427507 is-layout-flow wp-block-column-is-layout-flow\">\n<div class=\"wp-block-image\"><figure class=\"aligncenter size-full is-resized\"><a href=\"https:\/\/www.globaware.com\/wp-content\/uploads\/2021\/10\/traduction-e-learning.png\"><img loading=\"lazy\" decoding=\"async\" src=\"https:\/\/www.globaware.com\/wp-content\/uploads\/2021\/10\/traduction-e-learning.png\" alt=\"Traducci\u00f3n de e-learning\" class=\"wp-image-5859\" width=\"50\" height=\"50\" srcset=\"https:\/\/www.globaware.com\/wp-content\/uploads\/2021\/10\/traduction-e-learning.png 100w, https:\/\/www.globaware.com\/wp-content\/uploads\/2021\/10\/traduction-e-learning-80x80.png 80w\" sizes=\"auto, (max-width: 50px) 100vw, 50px\" \/><\/a><\/figure><\/div>\n\n\n\n<h2 class=\"has-text-align-center has-text-color wp-block-heading\" style=\"color:#009475\"><a href=\"https:\/\/www.globaware.com\/es\/lcalizacion-de-e-learning\/\">E-LEARNING<\/a><\/h2>\n<\/div>\n\n\n\n<div class=\"wp-block-column has-white-background-color has-background cnvs-block-core-column-1633771427528 is-layout-flow wp-block-column-is-layout-flow\">\n<div class=\"wp-block-image\"><figure class=\"aligncenter size-full\"><a href=\"https:\/\/www.globaware.com\/wp-content\/uploads\/2021\/10\/traduction-financiere.png\"><img loading=\"lazy\" decoding=\"async\" width=\"50\" height=\"50\" src=\"https:\/\/www.globaware.com\/wp-content\/uploads\/2021\/10\/traduction-financiere.png\" alt=\"traducci\u00f3n financiera icono mano\" class=\"wp-image-5869\"\/><\/a><\/figure><\/div>\n\n\n\n<h2 class=\"has-text-align-center has-text-color cnvs-block-core-heading-1633771427520 wp-block-heading\" style=\"color:#009475\"><a href=\"https:\/\/www.globaware.com\/es\/localizacion-de-contenidos\/\">LOCALIZACI\u00d3N DE CONTENIDO<\/a><\/h2>\n<\/div>\n<\/div>\n\n\n\n<div class=\"wp-block-columns is-layout-flex wp-container-core-columns-is-layout-9d6595d7 wp-block-columns-is-layout-flex\">\n<div class=\"wp-block-column has-black-color has-text-color has-background cnvs-block-core-column-1629209650498 is-layout-flow wp-block-column-is-layout-flow\" style=\"background-color:#eccbb5;flex-basis:66.66%\">\n<div class=\"wp-block-image cnvs-block-core-image-1629213398972\"><figure class=\"aligncenter size-full\"><a href=\"https:\/\/www.globaware.com\/wp-content\/uploads\/2021\/08\/icons8-gestion-des-clients-64-1.png\"><img loading=\"lazy\" decoding=\"async\" width=\"64\" height=\"64\" src=\"https:\/\/www.globaware.com\/wp-content\/uploads\/2021\/08\/icons8-gestion-des-clients-64-1.png\" alt=\"\" class=\"wp-image-3759\"\/><\/a><\/figure><\/div>\n\n\n\n<h2 class=\"has-text-align-center is-style-default cnvs-block-core-heading-1629209999430 wp-block-heading\" style=\"font-size:28px\">Servicios + agencia de localizaci\u00f3n Globaware <\/h2>\n\n\n\n<p class=\"has-text-align-center\">\u00bfC\u00f3mo lo hacemos?<\/p>\n\n\n\n<ul class=\"wp-block-list\"><li><strong>Ingenier\u00eda de software<\/strong>o web: Para garantizar la correcta transcripci\u00f3n del entorno existente, volvemos a desarrollar el software\/sitio web original despu\u00e9s de la traducci\u00f3n.<\/li><li>Grabaci\u00f3n de audio<\/li><li>Transcripci\u00f3n de audio o v\u00eddeo<\/li><li>Pruebas y validaci\u00f3n ling\u00fc\u00edstica y funcional del software<\/li><li>Movilizaci\u00f3n de gestores de proyectos y perfiles t\u00e9cnicos,<\/li><li>Dominio t\u00e9cnico, funcional y gr\u00e1fico de las herramientas de software y hardware,<\/li><li>Garantizar la seguridad y confidencialidad de la informaci\u00f3n.<\/li><\/ul>\n<\/div>\n\n\n\n<div class=\"wp-block-column cnvs-block-core-column-1629209650506 is-layout-flow wp-block-column-is-layout-flow\" style=\"flex-basis:33.33%\">\n<figure class=\"wp-block-image size-full cnvs-block-core-image-1629277682588\"><a href=\"#\"><img loading=\"lazy\" decoding=\"async\" width=\"640\" height=\"365\" src=\"https:\/\/www.globaware.com\/wp-content\/uploads\/2021\/08\/galaxy-2150186_640.png\" alt=\"\" class=\"wp-image-4054\"\/><\/a><\/figure>\n\n\n\n<div class=\"wp-block-buttons is-layout-flex wp-block-buttons-is-layout-flex\">\n<div class=\"wp-block-button has-custom-width wp-block-button__width-100 cnvs-block-core-button-1629277789240\"><a class=\"wp-block-button__link has-white-color has-text-color has-background\" href=\"https:\/\/www.globaware.com\/es\/presupuesto-en-linea\/\" style=\"background-color:#009475\">ESTIMADO<\/a><\/div>\n<\/div>\n<\/div>\n<\/div>\n\n\n","protected":false},"excerpt":{"rendered":"<p>Globaware, agencia de localizaci\u00f3n Por supuesto, la traducci\u00f3n y la localizaci\u00f3n est\u00e1n estrechamente relacionadas. Sin embargo, el proceso de localizaci\u00f3n no puede comenzar hasta que la traducci\u00f3n est\u00e9 completa. La adaptaci\u00f3n de los textos no es el \u00fanico aspecto de la localizaci\u00f3n. Tambi\u00e9n incluye la armonizaci\u00f3n de gr\u00e1ficos, iconos y formatos a los h\u00e1bitos del [&hellip;]<\/p>\n","protected":false},"author":15,"featured_media":435,"parent":0,"menu_order":0,"comment_status":"closed","ping_status":"closed","template":"","meta":{"ocean_post_layout":"","ocean_both_sidebars_style":"","ocean_both_sidebars_content_width":0,"ocean_both_sidebars_sidebars_width":0,"ocean_sidebar":"0","ocean_second_sidebar":"0","ocean_disable_margins":"on","ocean_add_body_class":"","ocean_shortcode_before_top_bar":"","ocean_shortcode_after_top_bar":"","ocean_shortcode_before_header":"","ocean_shortcode_after_header":"","ocean_has_shortcode":"","ocean_shortcode_after_title":"","ocean_shortcode_before_footer_widgets":"","ocean_shortcode_after_footer_widgets":"","ocean_shortcode_before_footer_bottom":"","ocean_shortcode_after_footer_bottom":"","ocean_display_top_bar":"default","ocean_display_header":"default","ocean_header_style":"","ocean_center_header_left_menu":"0","ocean_custom_header_template":"0","ocean_custom_logo":0,"ocean_custom_retina_logo":0,"ocean_custom_logo_max_width":0,"ocean_custom_logo_tablet_max_width":0,"ocean_custom_logo_mobile_max_width":0,"ocean_custom_logo_max_height":0,"ocean_custom_logo_tablet_max_height":0,"ocean_custom_logo_mobile_max_height":0,"ocean_header_custom_menu":"0","ocean_menu_typo_font_family":"0","ocean_menu_typo_font_subset":"","ocean_menu_typo_font_size":0,"ocean_menu_typo_font_size_tablet":0,"ocean_menu_typo_font_size_mobile":0,"ocean_menu_typo_font_size_unit":"px","ocean_menu_typo_font_weight":"","ocean_menu_typo_font_weight_tablet":"","ocean_menu_typo_font_weight_mobile":"","ocean_menu_typo_transform":"","ocean_menu_typo_transform_tablet":"","ocean_menu_typo_transform_mobile":"","ocean_menu_typo_line_height":0,"ocean_menu_typo_line_height_tablet":0,"ocean_menu_typo_line_height_mobile":0,"ocean_menu_typo_line_height_unit":"","ocean_menu_typo_spacing":0,"ocean_menu_typo_spacing_tablet":0,"ocean_menu_typo_spacing_mobile":0,"ocean_menu_typo_spacing_unit":"","ocean_menu_link_color":"","ocean_menu_link_color_hover":"","ocean_menu_link_color_active":"","ocean_menu_link_background":"","ocean_menu_link_hover_background":"","ocean_menu_link_active_background":"","ocean_menu_social_links_bg":"","ocean_menu_social_hover_links_bg":"","ocean_menu_social_links_color":"","ocean_menu_social_hover_links_color":"","ocean_disable_title":"default","ocean_disable_heading":"default","ocean_post_title":"","ocean_post_subheading":"","ocean_post_title_style":"","ocean_post_title_background_color":"","ocean_post_title_background":0,"ocean_post_title_bg_image_position":"","ocean_post_title_bg_image_attachment":"","ocean_post_title_bg_image_repeat":"","ocean_post_title_bg_image_size":"","ocean_post_title_height":0,"ocean_post_title_bg_overlay":0.5,"ocean_post_title_bg_overlay_color":"","ocean_disable_breadcrumbs":"default","ocean_breadcrumbs_color":"","ocean_breadcrumbs_separator_color":"","ocean_breadcrumbs_links_color":"","ocean_breadcrumbs_links_hover_color":"","ocean_display_footer_widgets":"default","ocean_display_footer_bottom":"default","ocean_custom_footer_template":"0","footnotes":""},"class_list":["post-941","page","type-page","status-publish","has-post-thumbnail","hentry","entry","has-media","owp-thumbs-layout-horizontal","owp-btn-normal","owp-tabs-layout-horizontal","has-no-thumbnails","has-product-nav"],"yoast_head":"<!-- This site is optimized with the Yoast SEO plugin v27.5 - https:\/\/yoast.com\/product\/yoast-seo-wordpress\/ -->\n<title>agencia de localizaci\u00f3n<\/title>\n<meta name=\"description\" content=\"Globaware es una agencia de localizaci\u00f3n de sitios web y software que utiliza una metodolog\u00eda precisa y sutil.\" \/>\n<meta name=\"robots\" content=\"index, follow, max-snippet:-1, max-image-preview:large, max-video-preview:-1\" \/>\n<link rel=\"canonical\" href=\"https:\/\/www.globaware.com\/es\/localizacion\/\" \/>\n<meta property=\"og:locale\" content=\"es_ES\" \/>\n<meta property=\"og:type\" content=\"article\" \/>\n<meta property=\"og:title\" content=\"agencia de localizaci\u00f3n\" \/>\n<meta property=\"og:description\" content=\"Globaware es una agencia de localizaci\u00f3n de sitios web y software que utiliza una metodolog\u00eda precisa y sutil.\" \/>\n<meta property=\"og:url\" content=\"https:\/\/www.globaware.com\/es\/localizacion\/\" \/>\n<meta property=\"article:modified_time\" content=\"2021-10-20T08:35:39+00:00\" \/>\n<meta property=\"og:image\" content=\"https:\/\/www.globaware.com\/wp-content\/uploads\/2014\/10\/bandeau_localisation.jpg\" \/>\n\t<meta property=\"og:image:width\" content=\"1050\" \/>\n\t<meta property=\"og:image:height\" content=\"265\" \/>\n\t<meta property=\"og:image:type\" content=\"image\/jpeg\" \/>\n<meta name=\"twitter:label1\" content=\"Tiempo de lectura\" \/>\n\t<meta name=\"twitter:data1\" content=\"3 minutos\" \/>\n<script type=\"application\/ld+json\" class=\"yoast-schema-graph\">{\"@context\":\"https:\\\/\\\/schema.org\",\"@graph\":[{\"@type\":\"WebPage\",\"@id\":\"https:\\\/\\\/www.globaware.com\\\/es\\\/localizacion\\\/\",\"url\":\"https:\\\/\\\/www.globaware.com\\\/es\\\/localizacion\\\/\",\"name\":\"agencia de localizaci\u00f3n\",\"isPartOf\":{\"@id\":\"https:\\\/\\\/www.globaware.com\\\/#website\"},\"primaryImageOfPage\":{\"@id\":\"https:\\\/\\\/www.globaware.com\\\/es\\\/localizacion\\\/#primaryimage\"},\"image\":{\"@id\":\"https:\\\/\\\/www.globaware.com\\\/es\\\/localizacion\\\/#primaryimage\"},\"thumbnailUrl\":\"https:\\\/\\\/www.globaware.com\\\/wp-content\\\/uploads\\\/2014\\\/10\\\/bandeau_localisation.jpg\",\"datePublished\":\"2016-07-07T12:59:07+00:00\",\"dateModified\":\"2021-10-20T08:35:39+00:00\",\"description\":\"Globaware es una agencia de localizaci\u00f3n de sitios web y software que utiliza una metodolog\u00eda precisa y sutil.\",\"breadcrumb\":{\"@id\":\"https:\\\/\\\/www.globaware.com\\\/es\\\/localizacion\\\/#breadcrumb\"},\"inLanguage\":\"es\",\"potentialAction\":[{\"@type\":\"ReadAction\",\"target\":[\"https:\\\/\\\/www.globaware.com\\\/es\\\/localizacion\\\/\"]}]},{\"@type\":\"ImageObject\",\"inLanguage\":\"es\",\"@id\":\"https:\\\/\\\/www.globaware.com\\\/es\\\/localizacion\\\/#primaryimage\",\"url\":\"https:\\\/\\\/www.globaware.com\\\/wp-content\\\/uploads\\\/2014\\\/10\\\/bandeau_localisation.jpg\",\"contentUrl\":\"https:\\\/\\\/www.globaware.com\\\/wp-content\\\/uploads\\\/2014\\\/10\\\/bandeau_localisation.jpg\",\"width\":1050,\"height\":265,\"caption\":\"agence de localisation\"},{\"@type\":\"BreadcrumbList\",\"@id\":\"https:\\\/\\\/www.globaware.com\\\/es\\\/localizacion\\\/#breadcrumb\",\"itemListElement\":[{\"@type\":\"ListItem\",\"position\":1,\"name\":\"Portada\",\"item\":\"https:\\\/\\\/www.globaware.com\\\/es\\\/\"},{\"@type\":\"ListItem\",\"position\":2,\"name\":\"Agencia de localizaci\u00f3n\"}]},{\"@type\":\"WebSite\",\"@id\":\"https:\\\/\\\/www.globaware.com\\\/#website\",\"url\":\"https:\\\/\\\/www.globaware.com\\\/\",\"name\":\"\",\"description\":\"\",\"potentialAction\":[{\"@type\":\"SearchAction\",\"target\":{\"@type\":\"EntryPoint\",\"urlTemplate\":\"https:\\\/\\\/www.globaware.com\\\/?s={search_term_string}\"},\"query-input\":{\"@type\":\"PropertyValueSpecification\",\"valueRequired\":true,\"valueName\":\"search_term_string\"}}],\"inLanguage\":\"es\"}]}<\/script>\n<!-- \/ Yoast SEO plugin. -->","yoast_head_json":{"title":"agencia de localizaci\u00f3n","description":"Globaware es una agencia de localizaci\u00f3n de sitios web y software que utiliza una metodolog\u00eda precisa y sutil.","robots":{"index":"index","follow":"follow","max-snippet":"max-snippet:-1","max-image-preview":"max-image-preview:large","max-video-preview":"max-video-preview:-1"},"canonical":"https:\/\/www.globaware.com\/es\/localizacion\/","og_locale":"es_ES","og_type":"article","og_title":"agencia de localizaci\u00f3n","og_description":"Globaware es una agencia de localizaci\u00f3n de sitios web y software que utiliza una metodolog\u00eda precisa y sutil.","og_url":"https:\/\/www.globaware.com\/es\/localizacion\/","article_modified_time":"2021-10-20T08:35:39+00:00","og_image":[{"width":1050,"height":265,"url":"https:\/\/www.globaware.com\/wp-content\/uploads\/2014\/10\/bandeau_localisation.jpg","type":"image\/jpeg"}],"twitter_misc":{"Tiempo de lectura":"3 minutos"},"schema":{"@context":"https:\/\/schema.org","@graph":[{"@type":"WebPage","@id":"https:\/\/www.globaware.com\/es\/localizacion\/","url":"https:\/\/www.globaware.com\/es\/localizacion\/","name":"agencia de localizaci\u00f3n","isPartOf":{"@id":"https:\/\/www.globaware.com\/#website"},"primaryImageOfPage":{"@id":"https:\/\/www.globaware.com\/es\/localizacion\/#primaryimage"},"image":{"@id":"https:\/\/www.globaware.com\/es\/localizacion\/#primaryimage"},"thumbnailUrl":"https:\/\/www.globaware.com\/wp-content\/uploads\/2014\/10\/bandeau_localisation.jpg","datePublished":"2016-07-07T12:59:07+00:00","dateModified":"2021-10-20T08:35:39+00:00","description":"Globaware es una agencia de localizaci\u00f3n de sitios web y software que utiliza una metodolog\u00eda precisa y sutil.","breadcrumb":{"@id":"https:\/\/www.globaware.com\/es\/localizacion\/#breadcrumb"},"inLanguage":"es","potentialAction":[{"@type":"ReadAction","target":["https:\/\/www.globaware.com\/es\/localizacion\/"]}]},{"@type":"ImageObject","inLanguage":"es","@id":"https:\/\/www.globaware.com\/es\/localizacion\/#primaryimage","url":"https:\/\/www.globaware.com\/wp-content\/uploads\/2014\/10\/bandeau_localisation.jpg","contentUrl":"https:\/\/www.globaware.com\/wp-content\/uploads\/2014\/10\/bandeau_localisation.jpg","width":1050,"height":265,"caption":"agence de localisation"},{"@type":"BreadcrumbList","@id":"https:\/\/www.globaware.com\/es\/localizacion\/#breadcrumb","itemListElement":[{"@type":"ListItem","position":1,"name":"Portada","item":"https:\/\/www.globaware.com\/es\/"},{"@type":"ListItem","position":2,"name":"Agencia de localizaci\u00f3n"}]},{"@type":"WebSite","@id":"https:\/\/www.globaware.com\/#website","url":"https:\/\/www.globaware.com\/","name":"","description":"","potentialAction":[{"@type":"SearchAction","target":{"@type":"EntryPoint","urlTemplate":"https:\/\/www.globaware.com\/?s={search_term_string}"},"query-input":{"@type":"PropertyValueSpecification","valueRequired":true,"valueName":"search_term_string"}}],"inLanguage":"es"}]}},"_links":{"self":[{"href":"https:\/\/www.globaware.com\/es\/wp-json\/wp\/v2\/pages\/941","targetHints":{"allow":["GET"]}}],"collection":[{"href":"https:\/\/www.globaware.com\/es\/wp-json\/wp\/v2\/pages"}],"about":[{"href":"https:\/\/www.globaware.com\/es\/wp-json\/wp\/v2\/types\/page"}],"author":[{"embeddable":true,"href":"https:\/\/www.globaware.com\/es\/wp-json\/wp\/v2\/users\/15"}],"replies":[{"embeddable":true,"href":"https:\/\/www.globaware.com\/es\/wp-json\/wp\/v2\/comments?post=941"}],"version-history":[{"count":0,"href":"https:\/\/www.globaware.com\/es\/wp-json\/wp\/v2\/pages\/941\/revisions"}],"wp:featuredmedia":[{"embeddable":true,"href":"https:\/\/www.globaware.com\/es\/wp-json\/wp\/v2\/media\/435"}],"wp:attachment":[{"href":"https:\/\/www.globaware.com\/es\/wp-json\/wp\/v2\/media?parent=941"}],"curies":[{"name":"wp","href":"https:\/\/api.w.org\/{rel}","templated":true}]}}