{"id":938,"date":"2016-07-07T13:59:07","date_gmt":"2016-07-07T12:59:07","guid":{"rendered":"https:\/\/www.globaware.com\/es\/conformidad-linguistica\/"},"modified":"2021-10-20T09:17:25","modified_gmt":"2021-10-20T08:17:25","slug":"conformidad-linguistica","status":"publish","type":"page","link":"https:\/\/www.globaware.com\/es\/conformidad-linguistica\/","title":{"rendered":"Conformidad ling\u00fc\u00edstica"},"content":{"rendered":"\n<p class=\"has-text-align-center\" style=\"font-size:18px\"> <\/p>\n\n<div class=\"wp-block-cover\" style=\"min-height:300px;aspect-ratio:unset;\"><img loading=\"lazy\" decoding=\"async\" width=\"1050\" height=\"265\" class=\"wp-block-cover__image-background wp-image-2090\" alt=\"\" src=\"https:\/\/www.globaware.com\/wp-content\/uploads\/2014\/10\/bandeau_francisation1.jpg\" data-object-fit=\"cover\"\/><div class=\"wp-block-cover__inner-container is-layout-flow wp-block-cover-is-layout-flow\">\n<p class=\"has-text-align-center has-large-font-size\"><\/p>\n<\/div><\/div>\n\n<div style=\"height:14px\" aria-hidden=\"true\" class=\"wp-block-spacer\"><\/div>\n\n<h2 class=\"has-text-align-center has-text-color has-large-font-size wp-block-heading\" style=\"color:#009475\"> GlobaWare, agencia de conformidad ling\u00fc\u00edstica de las empresas <\/h2>\n\n<div style=\"height:14px\" aria-hidden=\"true\" class=\"wp-block-spacer\"><\/div>\n\n<p class=\"has-text-align-center\">Adem\u00e1s de cumplir con la normativa francesa y quebequense, la conformidad ing\u00fc\u00edstica de sus documentos t\u00e9cnicos <strong>refuerza el apego de sus equipos a la empresa<\/strong> y transmite la imagen de un actor local. <strong>Con 20 a\u00f1os de experiencia en Francia y 10 en Quebec<\/strong>, GlobaWare ha desarrollado m\u00e9todos y programas inform\u00e1ticos adaptados y ofrece una soluci\u00f3n referenciada por el Office qu\u00e9b\u00e9cois de la Langue Fran\u00e7aise (OQLF). Facilite el trabajo y mejore la productividad de sus empleados.<\/p>\n\n<div class=\"wp-block-columns is-layout-flex wp-container-core-columns-is-layout-9d6595d7 wp-block-columns-is-layout-flex\">\n<div class=\"wp-block-column has-background cnvs-block-core-column-1629295071992 is-layout-flow wp-block-column-is-layout-flow\" style=\"background-color:#c1e3f1\">\n<div class=\"wp-block-image\"><figure class=\"aligncenter size-full\"><a href=\"#\"><img loading=\"lazy\" decoding=\"async\" width=\"64\" height=\"64\" src=\"https:\/\/www.globaware.com\/wp-content\/uploads\/2021\/08\/icons8-competences-de-communication-64.png\" alt=\"\" class=\"wp-image-3938\"\/><\/a><\/figure><\/div>\n\n\n\n<h2 class=\"has-text-align-center wp-block-heading\" style=\"font-size:26px\">DIAGN\u00d3STICO Y ASESORAMIENTO<\/h2>\n<\/div>\n\n\n\n<div class=\"wp-block-column has-background cnvs-block-core-column-1629295072000 is-layout-flow wp-block-column-is-layout-flow\" style=\"background-color:#e7c1e7\">\n<div class=\"wp-block-image\"><figure class=\"aligncenter size-full is-resized\"><a href=\"#\"><img loading=\"lazy\" decoding=\"async\" src=\"https:\/\/www.globaware.com\/wp-content\/uploads\/2021\/08\/icons8-unite-organisationnelle-50.png\" alt=\"\" class=\"wp-image-3939\" width=\"64\" height=\"64\"\/><\/a><\/figure><\/div>\n\n\n\n<h2 class=\"has-text-align-center cnvs-block-core-heading-1629295254528 wp-block-heading\" style=\"font-size:26px\">UNA SOLUCI\u00d3N INFORM\u00c1TICA<\/h2>\n<\/div>\n<\/div>\n\n<div class=\"wp-block-columns is-layout-flex wp-container-core-columns-is-layout-9d6595d7 wp-block-columns-is-layout-flex\">\n<div class=\"wp-block-column has-black-color has-text-color has-background cnvs-block-core-column-1629209650498 is-layout-flow wp-block-column-is-layout-flow\" style=\"background-color:#eccbb5\">\n<div class=\"wp-block-image cnvs-block-core-image-1629213398972\"><figure class=\"aligncenter size-full\"><a href=\"#\"><img loading=\"lazy\" decoding=\"async\" width=\"64\" height=\"64\" src=\"https:\/\/www.globaware.com\/wp-content\/uploads\/2021\/08\/icons8-gestion-des-clients-64-1.png\" alt=\"\" class=\"wp-image-3759\"\/><\/a><\/figure><\/div>\n\n\n\n<h2 class=\"has-text-align-center is-style-default cnvs-block-core-heading-1629209999430 wp-block-heading\" style=\"font-size:32px\">Servicios + Globaware <\/h2>\n\n\n\n<p><\/p>\n\n\n\n<p class=\"has-text-align-center\">&#8211; Diagn\u00f3stico personalizado: evaluaci\u00f3n de la situaci\u00f3n ling\u00fc\u00edstica en la empresa y de las cuestiones en juego,<br\/>\u2022 conformidad ling\u00fc\u00edstica para documentos t\u00e9cnicos, contenido<br\/>&#8211; Suministro de terminolog\u00eda y conocimientos de ingenier\u00eda de software,<br\/>&#8211; Perfecto conocimiento de la normativa ling\u00fc\u00edstica.<\/p>\n<\/div>\n<\/div>\n","protected":false},"excerpt":{"rendered":"<p>GlobaWare, agencia de conformidad ling\u00fc\u00edstica de las empresas Adem\u00e1s de cumplir con la normativa francesa y quebequense, la conformidad ing\u00fc\u00edstica de sus documentos t\u00e9cnicos refuerza el apego de sus equipos a la empresa y transmite la imagen de un actor local. Con 20 a\u00f1os de experiencia en Francia y 10 en Quebec, GlobaWare ha desarrollado [&hellip;]<\/p>\n","protected":false},"author":15,"featured_media":550,"parent":0,"menu_order":0,"comment_status":"closed","ping_status":"closed","template":"","meta":{"ocean_post_layout":"","ocean_both_sidebars_style":"","ocean_both_sidebars_content_width":0,"ocean_both_sidebars_sidebars_width":0,"ocean_sidebar":"0","ocean_second_sidebar":"0","ocean_disable_margins":"enable","ocean_add_body_class":"","ocean_shortcode_before_top_bar":"","ocean_shortcode_after_top_bar":"","ocean_shortcode_before_header":"","ocean_shortcode_after_header":"","ocean_has_shortcode":"","ocean_shortcode_after_title":"","ocean_shortcode_before_footer_widgets":"","ocean_shortcode_after_footer_widgets":"","ocean_shortcode_before_footer_bottom":"","ocean_shortcode_after_footer_bottom":"","ocean_display_top_bar":"default","ocean_display_header":"default","ocean_header_style":"","ocean_center_header_left_menu":"0","ocean_custom_header_template":"0","ocean_custom_logo":0,"ocean_custom_retina_logo":0,"ocean_custom_logo_max_width":0,"ocean_custom_logo_tablet_max_width":0,"ocean_custom_logo_mobile_max_width":0,"ocean_custom_logo_max_height":0,"ocean_custom_logo_tablet_max_height":0,"ocean_custom_logo_mobile_max_height":0,"ocean_header_custom_menu":"0","ocean_menu_typo_font_family":"0","ocean_menu_typo_font_subset":"","ocean_menu_typo_font_size":0,"ocean_menu_typo_font_size_tablet":0,"ocean_menu_typo_font_size_mobile":0,"ocean_menu_typo_font_size_unit":"px","ocean_menu_typo_font_weight":"","ocean_menu_typo_font_weight_tablet":"","ocean_menu_typo_font_weight_mobile":"","ocean_menu_typo_transform":"","ocean_menu_typo_transform_tablet":"","ocean_menu_typo_transform_mobile":"","ocean_menu_typo_line_height":0,"ocean_menu_typo_line_height_tablet":0,"ocean_menu_typo_line_height_mobile":0,"ocean_menu_typo_line_height_unit":"","ocean_menu_typo_spacing":0,"ocean_menu_typo_spacing_tablet":0,"ocean_menu_typo_spacing_mobile":0,"ocean_menu_typo_spacing_unit":"","ocean_menu_link_color":"","ocean_menu_link_color_hover":"","ocean_menu_link_color_active":"","ocean_menu_link_background":"","ocean_menu_link_hover_background":"","ocean_menu_link_active_background":"","ocean_menu_social_links_bg":"","ocean_menu_social_hover_links_bg":"","ocean_menu_social_links_color":"","ocean_menu_social_hover_links_color":"","ocean_disable_title":"default","ocean_disable_heading":"default","ocean_post_title":"","ocean_post_subheading":"","ocean_post_title_style":"","ocean_post_title_background_color":"","ocean_post_title_background":0,"ocean_post_title_bg_image_position":"","ocean_post_title_bg_image_attachment":"","ocean_post_title_bg_image_repeat":"","ocean_post_title_bg_image_size":"","ocean_post_title_height":0,"ocean_post_title_bg_overlay":0.5,"ocean_post_title_bg_overlay_color":"","ocean_disable_breadcrumbs":"default","ocean_breadcrumbs_color":"","ocean_breadcrumbs_separator_color":"","ocean_breadcrumbs_links_color":"","ocean_breadcrumbs_links_hover_color":"","ocean_display_footer_widgets":"default","ocean_display_footer_bottom":"default","ocean_custom_footer_template":"0","footnotes":""},"class_list":["post-938","page","type-page","status-publish","has-post-thumbnail","hentry","entry","has-media","owp-thumbs-layout-horizontal","owp-btn-normal","owp-tabs-layout-horizontal","has-no-thumbnails","has-product-nav"],"yoast_head":"<!-- This site is optimized with the Yoast SEO plugin v27.5 - https:\/\/yoast.com\/product\/yoast-seo-wordpress\/ -->\n<title>la conformidad ling\u00fc\u00edstica de documentos t\u00e9cnicos : GlobaWare<\/title>\n<meta name=\"description\" content=\"La conformidad ling\u00fc\u00edstica de sus documentos t\u00e9cnicos refuerza el apego de sus equipos a la empresa y transmite la imagen de un actor local.\" \/>\n<meta name=\"robots\" content=\"index, follow, max-snippet:-1, max-image-preview:large, max-video-preview:-1\" \/>\n<link rel=\"canonical\" href=\"https:\/\/www.globaware.com\/es\/conformidad-linguistica\/\" \/>\n<meta property=\"og:locale\" content=\"es_ES\" \/>\n<meta property=\"og:type\" content=\"article\" \/>\n<meta property=\"og:title\" content=\"la conformidad ling\u00fc\u00edstica de documentos t\u00e9cnicos : GlobaWare\" \/>\n<meta property=\"og:description\" content=\"La conformidad ling\u00fc\u00edstica de sus documentos t\u00e9cnicos refuerza el apego de sus equipos a la empresa y transmite la imagen de un actor local.\" \/>\n<meta property=\"og:url\" content=\"https:\/\/www.globaware.com\/es\/conformidad-linguistica\/\" \/>\n<meta property=\"article:modified_time\" content=\"2021-10-20T08:17:25+00:00\" \/>\n<meta property=\"og:image\" content=\"https:\/\/www.globaware.com\/wp-content\/uploads\/2014\/10\/bandeau_francisation1.jpg\" \/>\n\t<meta property=\"og:image:width\" content=\"1050\" \/>\n\t<meta property=\"og:image:height\" content=\"265\" \/>\n\t<meta property=\"og:image:type\" content=\"image\/jpeg\" \/>\n<meta name=\"twitter:label1\" content=\"Tiempo de lectura\" \/>\n\t<meta name=\"twitter:data1\" content=\"2 minutos\" \/>\n<script type=\"application\/ld+json\" class=\"yoast-schema-graph\">{\"@context\":\"https:\\\/\\\/schema.org\",\"@graph\":[{\"@type\":\"WebPage\",\"@id\":\"https:\\\/\\\/www.globaware.com\\\/es\\\/conformidad-linguistica\\\/\",\"url\":\"https:\\\/\\\/www.globaware.com\\\/es\\\/conformidad-linguistica\\\/\",\"name\":\"la conformidad ling\u00fc\u00edstica de documentos t\u00e9cnicos : GlobaWare\",\"isPartOf\":{\"@id\":\"https:\\\/\\\/www.globaware.com\\\/#website\"},\"primaryImageOfPage\":{\"@id\":\"https:\\\/\\\/www.globaware.com\\\/es\\\/conformidad-linguistica\\\/#primaryimage\"},\"image\":{\"@id\":\"https:\\\/\\\/www.globaware.com\\\/es\\\/conformidad-linguistica\\\/#primaryimage\"},\"thumbnailUrl\":\"https:\\\/\\\/www.globaware.com\\\/wp-content\\\/uploads\\\/2014\\\/10\\\/bandeau_francisation1.jpg\",\"datePublished\":\"2016-07-07T12:59:07+00:00\",\"dateModified\":\"2021-10-20T08:17:25+00:00\",\"description\":\"La conformidad ling\u00fc\u00edstica de sus documentos t\u00e9cnicos refuerza el apego de sus equipos a la empresa y transmite la imagen de un actor local.\",\"breadcrumb\":{\"@id\":\"https:\\\/\\\/www.globaware.com\\\/es\\\/conformidad-linguistica\\\/#breadcrumb\"},\"inLanguage\":\"es\",\"potentialAction\":[{\"@type\":\"ReadAction\",\"target\":[\"https:\\\/\\\/www.globaware.com\\\/es\\\/conformidad-linguistica\\\/\"]}]},{\"@type\":\"ImageObject\",\"inLanguage\":\"es\",\"@id\":\"https:\\\/\\\/www.globaware.com\\\/es\\\/conformidad-linguistica\\\/#primaryimage\",\"url\":\"https:\\\/\\\/www.globaware.com\\\/wp-content\\\/uploads\\\/2014\\\/10\\\/bandeau_francisation1.jpg\",\"contentUrl\":\"https:\\\/\\\/www.globaware.com\\\/wp-content\\\/uploads\\\/2014\\\/10\\\/bandeau_francisation1.jpg\",\"width\":1050,\"height\":265,\"caption\":\"repr\u00e9sentation francisation de documents technqiues\"},{\"@type\":\"BreadcrumbList\",\"@id\":\"https:\\\/\\\/www.globaware.com\\\/es\\\/conformidad-linguistica\\\/#breadcrumb\",\"itemListElement\":[{\"@type\":\"ListItem\",\"position\":1,\"name\":\"Portada\",\"item\":\"https:\\\/\\\/www.globaware.com\\\/es\\\/\"},{\"@type\":\"ListItem\",\"position\":2,\"name\":\"Conformidad ling\u00fc\u00edstica\"}]},{\"@type\":\"WebSite\",\"@id\":\"https:\\\/\\\/www.globaware.com\\\/#website\",\"url\":\"https:\\\/\\\/www.globaware.com\\\/\",\"name\":\"\",\"description\":\"\",\"potentialAction\":[{\"@type\":\"SearchAction\",\"target\":{\"@type\":\"EntryPoint\",\"urlTemplate\":\"https:\\\/\\\/www.globaware.com\\\/?s={search_term_string}\"},\"query-input\":{\"@type\":\"PropertyValueSpecification\",\"valueRequired\":true,\"valueName\":\"search_term_string\"}}],\"inLanguage\":\"es\"}]}<\/script>\n<!-- \/ Yoast SEO plugin. -->","yoast_head_json":{"title":"la conformidad ling\u00fc\u00edstica de documentos t\u00e9cnicos : GlobaWare","description":"La conformidad ling\u00fc\u00edstica de sus documentos t\u00e9cnicos refuerza el apego de sus equipos a la empresa y transmite la imagen de un actor local.","robots":{"index":"index","follow":"follow","max-snippet":"max-snippet:-1","max-image-preview":"max-image-preview:large","max-video-preview":"max-video-preview:-1"},"canonical":"https:\/\/www.globaware.com\/es\/conformidad-linguistica\/","og_locale":"es_ES","og_type":"article","og_title":"la conformidad ling\u00fc\u00edstica de documentos t\u00e9cnicos : GlobaWare","og_description":"La conformidad ling\u00fc\u00edstica de sus documentos t\u00e9cnicos refuerza el apego de sus equipos a la empresa y transmite la imagen de un actor local.","og_url":"https:\/\/www.globaware.com\/es\/conformidad-linguistica\/","article_modified_time":"2021-10-20T08:17:25+00:00","og_image":[{"width":1050,"height":265,"url":"https:\/\/www.globaware.com\/wp-content\/uploads\/2014\/10\/bandeau_francisation1.jpg","type":"image\/jpeg"}],"twitter_misc":{"Tiempo de lectura":"2 minutos"},"schema":{"@context":"https:\/\/schema.org","@graph":[{"@type":"WebPage","@id":"https:\/\/www.globaware.com\/es\/conformidad-linguistica\/","url":"https:\/\/www.globaware.com\/es\/conformidad-linguistica\/","name":"la conformidad ling\u00fc\u00edstica de documentos t\u00e9cnicos : GlobaWare","isPartOf":{"@id":"https:\/\/www.globaware.com\/#website"},"primaryImageOfPage":{"@id":"https:\/\/www.globaware.com\/es\/conformidad-linguistica\/#primaryimage"},"image":{"@id":"https:\/\/www.globaware.com\/es\/conformidad-linguistica\/#primaryimage"},"thumbnailUrl":"https:\/\/www.globaware.com\/wp-content\/uploads\/2014\/10\/bandeau_francisation1.jpg","datePublished":"2016-07-07T12:59:07+00:00","dateModified":"2021-10-20T08:17:25+00:00","description":"La conformidad ling\u00fc\u00edstica de sus documentos t\u00e9cnicos refuerza el apego de sus equipos a la empresa y transmite la imagen de un actor local.","breadcrumb":{"@id":"https:\/\/www.globaware.com\/es\/conformidad-linguistica\/#breadcrumb"},"inLanguage":"es","potentialAction":[{"@type":"ReadAction","target":["https:\/\/www.globaware.com\/es\/conformidad-linguistica\/"]}]},{"@type":"ImageObject","inLanguage":"es","@id":"https:\/\/www.globaware.com\/es\/conformidad-linguistica\/#primaryimage","url":"https:\/\/www.globaware.com\/wp-content\/uploads\/2014\/10\/bandeau_francisation1.jpg","contentUrl":"https:\/\/www.globaware.com\/wp-content\/uploads\/2014\/10\/bandeau_francisation1.jpg","width":1050,"height":265,"caption":"repr\u00e9sentation francisation de documents technqiues"},{"@type":"BreadcrumbList","@id":"https:\/\/www.globaware.com\/es\/conformidad-linguistica\/#breadcrumb","itemListElement":[{"@type":"ListItem","position":1,"name":"Portada","item":"https:\/\/www.globaware.com\/es\/"},{"@type":"ListItem","position":2,"name":"Conformidad ling\u00fc\u00edstica"}]},{"@type":"WebSite","@id":"https:\/\/www.globaware.com\/#website","url":"https:\/\/www.globaware.com\/","name":"","description":"","potentialAction":[{"@type":"SearchAction","target":{"@type":"EntryPoint","urlTemplate":"https:\/\/www.globaware.com\/?s={search_term_string}"},"query-input":{"@type":"PropertyValueSpecification","valueRequired":true,"valueName":"search_term_string"}}],"inLanguage":"es"}]}},"_links":{"self":[{"href":"https:\/\/www.globaware.com\/es\/wp-json\/wp\/v2\/pages\/938","targetHints":{"allow":["GET"]}}],"collection":[{"href":"https:\/\/www.globaware.com\/es\/wp-json\/wp\/v2\/pages"}],"about":[{"href":"https:\/\/www.globaware.com\/es\/wp-json\/wp\/v2\/types\/page"}],"author":[{"embeddable":true,"href":"https:\/\/www.globaware.com\/es\/wp-json\/wp\/v2\/users\/15"}],"replies":[{"embeddable":true,"href":"https:\/\/www.globaware.com\/es\/wp-json\/wp\/v2\/comments?post=938"}],"version-history":[{"count":0,"href":"https:\/\/www.globaware.com\/es\/wp-json\/wp\/v2\/pages\/938\/revisions"}],"wp:featuredmedia":[{"embeddable":true,"href":"https:\/\/www.globaware.com\/es\/wp-json\/wp\/v2\/media\/550"}],"wp:attachment":[{"href":"https:\/\/www.globaware.com\/es\/wp-json\/wp\/v2\/media?parent=938"}],"curies":[{"name":"wp","href":"https:\/\/api.w.org\/{rel}","templated":true}]}}