{"id":7731,"date":"2021-10-21T17:52:02","date_gmt":"2021-10-21T16:52:02","guid":{"rendered":"https:\/\/www.globaware.com\/politica-de-privacidad\/"},"modified":"2021-10-21T18:23:39","modified_gmt":"2021-10-21T17:23:39","slug":"politica-de-privacidad","status":"publish","type":"page","link":"https:\/\/www.globaware.com\/es\/politica-de-privacidad\/","title":{"rendered":"Pol\u00edtica de privacidad"},"content":{"rendered":"\n<h2 class=\"wp-block-heading\" style=\"font-size:26px\">Pol\u00edtica de privacidad<\/h2>\n\n\n\n<h2 class=\"has-g-palette-1633780710265-color has-text-color wp-block-heading\">\u00bfQui\u00e9nes somos?<\/h2>\n\n\n\n<p style=\"font-size:14px\">La direcci\u00f3n de nuestro sitio web es: https:\/\/www.globaware.com.<\/p>\n\n\n\n<h2 class=\"has-g-palette-1633780710265-color has-text-color wp-block-heading\">Cookies<\/h2>\n\n\n\n<p style=\"font-size:14px\">Nuestro sitio web https:\/\/www.globaware.com (en adelante, \u00abel sitio web\u00bb) utiliza cookies. Una cookie es un archivo sencillo y ligero que se env\u00eda con las p\u00e1ginas de este sitio web y que su navegador almacena en el disco duro de su ordenador u otro dispositivo. La informaci\u00f3n almacenada all\u00ed puede ser enviada de vuelta a nuestros servidores o a los servidores de los terceros correspondientes en una visita posterior. Las cookies se utilizan para almacenar informaci\u00f3n como el idioma o la configuraci\u00f3n del sitio. Se conservan durante un m\u00e1ximo de 13 meses.<\/p>\n\n\n\n<p>\n          <strong>\n            <u>Cookies t\u00e9cnicas o funcionales<\/u>\n          <\/strong>\n        <\/p>\n\n\n\n<p style=\"font-size:14px\">Algunas cookies garantizan el buen funcionamiento de ciertas partes del sitio y la confidencialidad de sus preferencias de usuario. Mediante la instalaci\u00f3n de cookies funcionales, facilitamos su visita a nuestro sitio web. Si va a la p\u00e1gina de inicio de sesi\u00f3n de su espacio personal, se crear\u00e1 una cookie temporal para determinar si su navegador acepta cookies. No contiene ning\u00fan dato personal y se eliminar\u00e1 autom\u00e1ticamente al cerrar el navegador. Cuando te conectes, estableceremos una cookie que te permitir\u00e1 seguir conectado. Si cierra la sesi\u00f3n de su cuenta, la cookie de inicio de sesi\u00f3n se eliminar\u00e1. Estas cookies no requieren su consentimiento. <\/p>\n\n\n\n<p>\n          <strong>\n            <u>Cookies anal\u00edticas de terceros<\/u>\n          <\/strong>\n        <\/p>\n\n\n\n<p style=\"font-size:14px\">Las cookies anal\u00edticas se utilizan para las estad\u00edsticas de visitas al sitio web y requieren su consentimiento. El sitio web https:\/\/www.globaware.com recoge datos sobre las visitas a las p\u00e1ginas mediante la tecnolog\u00eda de Google Analytics 4. Se debe obtener el consentimiento antes de depositar y\/o leer las cookies (fuente CNIL).<\/p>\n\n\n\n<p style=\"font-size:14px\">Cuando visita nuestro sitio web por primera vez, le mostramos una ventana que le informa de que utilizamos cookies. Puede aceptar todas las cookies haciendo clic en el bot\u00f3n \u00abAcepto\u00bb. Tambi\u00e9n puede hacer clic en el bot\u00f3n de configuraci\u00f3n para elegir no habilitar las cookies anal\u00edticas. Sin ninguna acci\u00f3n por su parte en el banner, no se depositan cookies anal\u00edticas. Si acepta el dep\u00f3sito de cookies anal\u00edticas, se depositar\u00e1n 2 cookies _ga y _ga-, esta \u00faltima seguida de un c\u00f3digo correspondiente al identificador de Globaware en la interfaz de Google Analytics. La vida \u00fatil de estas cookies es de 2 meses. Cuando usted decide aceptar o rechazar las cookies anal\u00edticas, una cookie llamada moove_gdpr_p registrar\u00e1 y recordar\u00e1 sus preferencias. La bandera desaparece. No obstante, puede cambiar su elecci\u00f3n en cualquier momento haciendo clic en la peque\u00f1a rueda dentada blanca sobre fondo negro situada en la parte inferior izquierda de cada p\u00e1gina del sitio.<\/p>\n\n\n\n<p>\n          <strong>\n            <u>Otras cookies de terceros<\/u>\n          <\/strong>\n        <\/p>\n\n\n\n<p style=\"font-size:14px\">Para ofrecerle una informaci\u00f3n rica y completa, el sitio web https:\/\/www.globaware.com contiene enlaces a otros sitios web. Si hace clic en estos enlaces, es probable que estos sitios instalen cookies. Para m\u00e1s informaci\u00f3n, consulte la pol\u00edtica de privacidad de estos sitios. Puede desactivar el uso de cookies o gestionarlas a trav\u00e9s de su navegador. <\/p>\n\n\n\n<p>\n          <strong>\n            <u>Cookies de publicidad<\/u>\n          <\/strong>\n        <\/p>\n\n\n\n<p style=\"font-size:14px\">El sitio web https:\/\/www.globaware.com no utiliza cookies publicitarias. Son cookies que se utilizan para mostrarle publicidad o enviarle informaci\u00f3n adaptada a sus intereses mientras navega por Internet. Se utilizan, por ejemplo, para limitar el n\u00famero de veces que se ve un anuncio y para ayudar a medir la eficacia de una campa\u00f1a publicitaria. Este tipo de cookie no puede ser depositado sin su consentimiento. El rechazo de estas cookies publicitarias no tiene ning\u00fan impacto en el uso del sitio web. Sin embargo, rechazar las cookies publicitarias no har\u00e1 que deje de haber publicidad en Internet. Esto s\u00f3lo dar\u00e1 lugar a una publicidad que no tiene en cuenta sus intereses o preferencias. Estas cookies son principalmente cookies de terceros, que dependen sobre todo de las agencias de publicidad. <\/p>\n\n\n\n<h2 class=\"has-g-palette-1633780710265-color has-text-color wp-block-heading\">Uso y transmisi\u00f3n de sus datos personales<\/h2>\n\n\n\n<p style=\"font-size:14px\">Seg\u00fan la CNIL, los \u00abdatos personales\u00bb son \u00abcualquier informaci\u00f3n relativa a una persona f\u00edsica identificada o identificable\u00bb. Por lo tanto, incluyen sus datos postales, telef\u00f3nicos o digitales de contacto.<\/p>\n\n\n\n<p>\n          <strong>\n            <u>Medios de comunicaci\u00f3n<\/u>\n          <\/strong>\n        <\/p>\n\n\n\n<p style=\"font-size:14px\">Si sube im\u00e1genes al sitio, le aconsejamos que evite subir im\u00e1genes que contengan datos EXIF de coordenadas GPS. De estas im\u00e1genes se pueden extraer datos de localizaci\u00f3n.<\/p>\n\n\n\n<p>\n          <strong>\n            <u>Acceso a su espacio personal<\/u>\n          <\/strong>\n        <\/p>\n\n\n\n<p style=\"font-size:14px\">Si solicita un restablecimiento de la contrase\u00f1a, su direcci\u00f3n IP se incluir\u00e1 en el correo electr\u00f3nico de restablecimiento.<\/p>\n\n\n\n<p>\n          <strong>\n            <u>Otros datos personales<\/u>\n          <\/strong>\n        <\/p>\n\n\n\n<p style=\"font-size:14px\">Otros datos que pueden ser recogidos por GLOBAWARE son los que usted proporciona a trav\u00e9s de los formularios de contacto o de solicitud de presupuesto del sitio web o cuando realiza compras en la tienda de alquiler de oficinas y salas de reuniones. En estos formularios u hojas de pedido se recogen su nombre, apellidos, direcci\u00f3n de correo electr\u00f3nico y n\u00famero de tel\u00e9fono. Se trata de datos personales. Estos datos nos permiten ponernos en contacto con usted y responder a su solicitud. No se utilizan para ning\u00fan otro fin ni se transmiten a terceros.<\/p>\n\n\n\n<p style=\"font-size:14px\">Para enviar uno de estos formularios, o su pedido, debe marcar la casilla para consentir el uso de sus datos personales para nuestra relaci\u00f3n comercial. Sin su consentimiento, el formulario no puede ser enviado. Tambi\u00e9n puede ponerse en contacto con nosotros por tel\u00e9fono.<\/p>\n\n\n\n<p>\n          <strong>\n            <u>Seguridad de la transmisi\u00f3n de datos personales<\/u>\n          <\/strong>\n        <\/p>\n\n\n\n<p style=\"font-size:14px\">El sitio web https:\/\/www.globaware.com cuenta con un certificado SSL para asegurar las transmisiones de datos.<\/p>\n\n\n\n<p style=\"font-size:14px\">Siempre que GLOBAWARE procesa datos personales, el responsable de la protecci\u00f3n de datos toma todas las medidas razonables para garantizar que los datos personales son exactos y pertinentes para los fines para los que se procesan. Se compromete a respetar las disposiciones legales vigentes. Garantiza que sus datos no se transmitan a personas no autorizadas. Si tenemos conocimiento de un incidente con impacto en los datos personales, nos aseguramos de notificarlo a la Comisi\u00f3n Nacional de Inform\u00e1tica y Libertades (CNIL) lo antes posible, de acuerdo con el marco normativo, tras haber tomado nota del mismo y haber informado a las personas afectadas. GLOBAWARE sigue siendo libre de elegir a sus subcontratistas t\u00e9cnicos y comerciales siempre que presenten garant\u00edas suficientes con respecto a los requisitos del Reglamento General de Protecci\u00f3n de Datos (GDPR: n\u00b0 2016-679). <\/p>\n\n\n\n<p>\n          <strong>\n            <u>Sus derechos sobre sus datos personales<\/u>\n          <\/strong>\n        <\/p>\n\n\n\n<ul class=\"wp-block-list\" style=\"font-size:14px\"><li>Tiene derecho a saber por qu\u00e9 se necesitan sus datos personales, qu\u00e9 pasar\u00e1 con ellos y cu\u00e1nto tiempo se conservar\u00e1n.<\/li><li>Derecho de acceso: Tiene derecho a acceder a los datos personales que conocemos.<\/li><li>Derecho de rectificaci\u00f3n: tiene derecho a completar, corregir, eliminar o bloquear sus datos personales en cualquier momento.<\/li><li>Si nos da su consentimiento para el tratamiento de sus datos, tiene derecho a revocar dicho consentimiento y a eliminar sus datos personales.<\/li><li>Derecho a transferir sus datos: tiene derecho a solicitar al responsable del tratamiento todos sus datos personales y a transferirlos \u00edntegramente a otro responsable.<\/li><li>Derecho de oposici\u00f3n: puede oponerse al tratamiento de sus datos.<\/li><\/ul>\n\n\n\n<p style=\"font-size:14px\">Puede ponerse en contacto con nosotros por tel\u00e9fono para hacer su solicitud en el +33 (0)492 29 50 30 o enviarnos un correo electr\u00f3nico a info@globaware.com.<\/p>\n","protected":false},"excerpt":{"rendered":"<p>Pol\u00edtica de privacidad \u00bfQui\u00e9nes somos? La direcci\u00f3n de nuestro sitio web es: https:\/\/www.globaware.com. Cookies Nuestro sitio web https:\/\/www.globaware.com (en adelante, \u00abel sitio web\u00bb) utiliza cookies. Una cookie es un archivo sencillo y ligero que se env\u00eda con las p\u00e1ginas de este sitio web y que su navegador almacena en el disco duro de su ordenador [&hellip;]<\/p>\n","protected":false},"author":4,"featured_media":0,"parent":0,"menu_order":0,"comment_status":"closed","ping_status":"closed","template":"","meta":{"ocean_post_layout":"","ocean_both_sidebars_style":"","ocean_both_sidebars_content_width":0,"ocean_both_sidebars_sidebars_width":0,"ocean_sidebar":"0","ocean_second_sidebar":"0","ocean_disable_margins":"enable","ocean_add_body_class":"","ocean_shortcode_before_top_bar":"","ocean_shortcode_after_top_bar":"","ocean_shortcode_before_header":"","ocean_shortcode_after_header":"","ocean_has_shortcode":"","ocean_shortcode_after_title":"","ocean_shortcode_before_footer_widgets":"","ocean_shortcode_after_footer_widgets":"","ocean_shortcode_before_footer_bottom":"","ocean_shortcode_after_footer_bottom":"","ocean_display_top_bar":"default","ocean_display_header":"default","ocean_header_style":"","ocean_center_header_left_menu":"0","ocean_custom_header_template":"0","ocean_custom_logo":0,"ocean_custom_retina_logo":0,"ocean_custom_logo_max_width":0,"ocean_custom_logo_tablet_max_width":0,"ocean_custom_logo_mobile_max_width":0,"ocean_custom_logo_max_height":0,"ocean_custom_logo_tablet_max_height":0,"ocean_custom_logo_mobile_max_height":0,"ocean_header_custom_menu":"0","ocean_menu_typo_font_family":"0","ocean_menu_typo_font_subset":"","ocean_menu_typo_font_size":0,"ocean_menu_typo_font_size_tablet":0,"ocean_menu_typo_font_size_mobile":0,"ocean_menu_typo_font_size_unit":"px","ocean_menu_typo_font_weight":"","ocean_menu_typo_font_weight_tablet":"","ocean_menu_typo_font_weight_mobile":"","ocean_menu_typo_transform":"","ocean_menu_typo_transform_tablet":"","ocean_menu_typo_transform_mobile":"","ocean_menu_typo_line_height":0,"ocean_menu_typo_line_height_tablet":0,"ocean_menu_typo_line_height_mobile":0,"ocean_menu_typo_line_height_unit":"","ocean_menu_typo_spacing":0,"ocean_menu_typo_spacing_tablet":0,"ocean_menu_typo_spacing_mobile":0,"ocean_menu_typo_spacing_unit":"","ocean_menu_link_color":"","ocean_menu_link_color_hover":"","ocean_menu_link_color_active":"","ocean_menu_link_background":"","ocean_menu_link_hover_background":"","ocean_menu_link_active_background":"","ocean_menu_social_links_bg":"","ocean_menu_social_hover_links_bg":"","ocean_menu_social_links_color":"","ocean_menu_social_hover_links_color":"","ocean_disable_title":"default","ocean_disable_heading":"default","ocean_post_title":"","ocean_post_subheading":"","ocean_post_title_style":"","ocean_post_title_background_color":"","ocean_post_title_background":0,"ocean_post_title_bg_image_position":"","ocean_post_title_bg_image_attachment":"","ocean_post_title_bg_image_repeat":"","ocean_post_title_bg_image_size":"","ocean_post_title_height":0,"ocean_post_title_bg_overlay":0.5,"ocean_post_title_bg_overlay_color":"","ocean_disable_breadcrumbs":"default","ocean_breadcrumbs_color":"","ocean_breadcrumbs_separator_color":"","ocean_breadcrumbs_links_color":"","ocean_breadcrumbs_links_hover_color":"","ocean_display_footer_widgets":"default","ocean_display_footer_bottom":"default","ocean_custom_footer_template":"0","footnotes":""},"class_list":["post-7731","page","type-page","status-publish","hentry","entry","owp-thumbs-layout-horizontal","owp-btn-normal","owp-tabs-layout-horizontal","has-no-thumbnails","has-product-nav"],"yoast_head":"<!-- This site is optimized with the Yoast SEO plugin v27.5 - https:\/\/yoast.com\/product\/yoast-seo-wordpress\/ -->\n<title>Pol\u00edtica de privacidad -<\/title>\n<meta name=\"robots\" content=\"index, follow, max-snippet:-1, max-image-preview:large, max-video-preview:-1\" \/>\n<link rel=\"canonical\" href=\"https:\/\/www.globaware.com\/es\/politica-de-privacidad\/\" \/>\n<meta property=\"og:locale\" content=\"es_ES\" \/>\n<meta property=\"og:type\" content=\"article\" \/>\n<meta property=\"og:title\" content=\"Pol\u00edtica de privacidad -\" \/>\n<meta property=\"og:description\" content=\"Pol\u00edtica de privacidad \u00bfQui\u00e9nes somos? La direcci\u00f3n de nuestro sitio web es: https:\/\/www.globaware.com. Cookies Nuestro sitio web https:\/\/www.globaware.com (en adelante, \u00abel sitio web\u00bb) utiliza cookies. Una cookie es un archivo sencillo y ligero que se env\u00eda con las p\u00e1ginas de este sitio web y que su navegador almacena en el disco duro de su ordenador [&hellip;]\" \/>\n<meta property=\"og:url\" content=\"https:\/\/www.globaware.com\/es\/politica-de-privacidad\/\" \/>\n<meta property=\"article:modified_time\" content=\"2021-10-21T17:23:39+00:00\" \/>\n<meta name=\"twitter:label1\" content=\"Tiempo de lectura\" \/>\n\t<meta name=\"twitter:data1\" content=\"5 minutos\" \/>\n<script type=\"application\/ld+json\" class=\"yoast-schema-graph\">{\"@context\":\"https:\\\/\\\/schema.org\",\"@graph\":[{\"@type\":\"WebPage\",\"@id\":\"https:\\\/\\\/www.globaware.com\\\/es\\\/politica-de-privacidad\\\/\",\"url\":\"https:\\\/\\\/www.globaware.com\\\/es\\\/politica-de-privacidad\\\/\",\"name\":\"Pol\u00edtica de privacidad -\",\"isPartOf\":{\"@id\":\"https:\\\/\\\/www.globaware.com\\\/#website\"},\"datePublished\":\"2021-10-21T16:52:02+00:00\",\"dateModified\":\"2021-10-21T17:23:39+00:00\",\"breadcrumb\":{\"@id\":\"https:\\\/\\\/www.globaware.com\\\/es\\\/politica-de-privacidad\\\/#breadcrumb\"},\"inLanguage\":\"es\",\"potentialAction\":[{\"@type\":\"ReadAction\",\"target\":[\"https:\\\/\\\/www.globaware.com\\\/es\\\/politica-de-privacidad\\\/\"]}]},{\"@type\":\"BreadcrumbList\",\"@id\":\"https:\\\/\\\/www.globaware.com\\\/es\\\/politica-de-privacidad\\\/#breadcrumb\",\"itemListElement\":[{\"@type\":\"ListItem\",\"position\":1,\"name\":\"Portada\",\"item\":\"https:\\\/\\\/www.globaware.com\\\/es\\\/\"},{\"@type\":\"ListItem\",\"position\":2,\"name\":\"Pol\u00edtica de privacidad\"}]},{\"@type\":\"WebSite\",\"@id\":\"https:\\\/\\\/www.globaware.com\\\/#website\",\"url\":\"https:\\\/\\\/www.globaware.com\\\/\",\"name\":\"\",\"description\":\"\",\"potentialAction\":[{\"@type\":\"SearchAction\",\"target\":{\"@type\":\"EntryPoint\",\"urlTemplate\":\"https:\\\/\\\/www.globaware.com\\\/?s={search_term_string}\"},\"query-input\":{\"@type\":\"PropertyValueSpecification\",\"valueRequired\":true,\"valueName\":\"search_term_string\"}}],\"inLanguage\":\"es\"}]}<\/script>\n<!-- \/ Yoast SEO plugin. -->","yoast_head_json":{"title":"Pol\u00edtica de privacidad -","robots":{"index":"index","follow":"follow","max-snippet":"max-snippet:-1","max-image-preview":"max-image-preview:large","max-video-preview":"max-video-preview:-1"},"canonical":"https:\/\/www.globaware.com\/es\/politica-de-privacidad\/","og_locale":"es_ES","og_type":"article","og_title":"Pol\u00edtica de privacidad -","og_description":"Pol\u00edtica de privacidad \u00bfQui\u00e9nes somos? La direcci\u00f3n de nuestro sitio web es: https:\/\/www.globaware.com. Cookies Nuestro sitio web https:\/\/www.globaware.com (en adelante, \u00abel sitio web\u00bb) utiliza cookies. Una cookie es un archivo sencillo y ligero que se env\u00eda con las p\u00e1ginas de este sitio web y que su navegador almacena en el disco duro de su ordenador [&hellip;]","og_url":"https:\/\/www.globaware.com\/es\/politica-de-privacidad\/","article_modified_time":"2021-10-21T17:23:39+00:00","twitter_misc":{"Tiempo de lectura":"5 minutos"},"schema":{"@context":"https:\/\/schema.org","@graph":[{"@type":"WebPage","@id":"https:\/\/www.globaware.com\/es\/politica-de-privacidad\/","url":"https:\/\/www.globaware.com\/es\/politica-de-privacidad\/","name":"Pol\u00edtica de privacidad -","isPartOf":{"@id":"https:\/\/www.globaware.com\/#website"},"datePublished":"2021-10-21T16:52:02+00:00","dateModified":"2021-10-21T17:23:39+00:00","breadcrumb":{"@id":"https:\/\/www.globaware.com\/es\/politica-de-privacidad\/#breadcrumb"},"inLanguage":"es","potentialAction":[{"@type":"ReadAction","target":["https:\/\/www.globaware.com\/es\/politica-de-privacidad\/"]}]},{"@type":"BreadcrumbList","@id":"https:\/\/www.globaware.com\/es\/politica-de-privacidad\/#breadcrumb","itemListElement":[{"@type":"ListItem","position":1,"name":"Portada","item":"https:\/\/www.globaware.com\/es\/"},{"@type":"ListItem","position":2,"name":"Pol\u00edtica de privacidad"}]},{"@type":"WebSite","@id":"https:\/\/www.globaware.com\/#website","url":"https:\/\/www.globaware.com\/","name":"","description":"","potentialAction":[{"@type":"SearchAction","target":{"@type":"EntryPoint","urlTemplate":"https:\/\/www.globaware.com\/?s={search_term_string}"},"query-input":{"@type":"PropertyValueSpecification","valueRequired":true,"valueName":"search_term_string"}}],"inLanguage":"es"}]}},"_links":{"self":[{"href":"https:\/\/www.globaware.com\/es\/wp-json\/wp\/v2\/pages\/7731","targetHints":{"allow":["GET"]}}],"collection":[{"href":"https:\/\/www.globaware.com\/es\/wp-json\/wp\/v2\/pages"}],"about":[{"href":"https:\/\/www.globaware.com\/es\/wp-json\/wp\/v2\/types\/page"}],"author":[{"embeddable":true,"href":"https:\/\/www.globaware.com\/es\/wp-json\/wp\/v2\/users\/4"}],"replies":[{"embeddable":true,"href":"https:\/\/www.globaware.com\/es\/wp-json\/wp\/v2\/comments?post=7731"}],"version-history":[{"count":0,"href":"https:\/\/www.globaware.com\/es\/wp-json\/wp\/v2\/pages\/7731\/revisions"}],"wp:attachment":[{"href":"https:\/\/www.globaware.com\/es\/wp-json\/wp\/v2\/media?parent=7731"}],"curies":[{"name":"wp","href":"https:\/\/api.w.org\/{rel}","templated":true}]}}