{"id":7727,"date":"2021-10-21T16:44:46","date_gmt":"2021-10-21T15:44:46","guid":{"rendered":"https:\/\/www.globaware.com\/informacion-legal\/"},"modified":"2022-01-31T21:48:27","modified_gmt":"2022-01-31T20:48:27","slug":"informacion-legal","status":"publish","type":"page","link":"https:\/\/www.globaware.com\/es\/informacion-legal\/","title":{"rendered":"Informaci\u00f3n legal"},"content":{"rendered":"\n          \n          \n\n          <p><\/p>\n          \n\n          \n          \n\n          \n\n          \n          \n\n          <h2 class=\"wp-block-heading\" style=\"font-size:26px\">AVISOS LEGALES<\/h2>\n          \n\n          \n          \n\n          \n\n          \n          \n\n          <h2 class=\"has-g-palette-1633780710265-color has-text-color has-medium-font-size wp-block-heading\">Identificaci\u00f3n de los directores de obra<\/h2>\n          \n\n          \n          \n\n          \n\n          \n          \n\n          <p style=\"font-size:14px\"><strong>Nuestro sitio web est\u00e1 administrado por<\/strong>: Globaware<\/p>\n          \n\n          \n          \n\n          \n\n          \n          \n\n          <p style=\"font-size:14px\"><strong>Siret :<\/strong> 42273291700022<\/p>\n          \n\n          \n          \n\n          \n\n          \n          \n\n          <p style=\"font-size:14px\">\n            <strong>Direcciones :<\/strong>\n          <\/p>\n          \n\n          \n          \n\n          \n\n          \n          \n\n          <p style=\"font-size:14px\">FRANCIA<\/p>\n          \n\n          \n          \n\n          \n\n          \n          \n\n          <p style=\"font-size:14px\">GlobaWare International<br>Nice Premier<br>455 promenade des Anglais<br>06200 Nice<br>France<\/p>\n          \n\n          \n          \n\n          \n\n          \n          \n\n          <p style=\"font-size:14px\">AM\u00c9RICA DEL NORTE<\/p>\n          \n\n          \n          \n\n          \n\n          \n          \n\n          <p style=\"font-size:14px\">Solutions GlobaWare Inc.<br>1000, rue de la Gaucheti\u00e8re Ouest<br>Bureau 2400<br>Montr\u00e9al, Qu\u00e9bec, H3B 4W5<br>Canada<\/p>\n          \n\n          \n          \n\n          \n\n          \n          \n\n          <p style=\"font-size:14px\">ESPA\u00d1A<\/p>\n          \n\n          \n          \n\n          \n\n          \n          \n\n          <p style=\"font-size:14px\">Servicios y Consultor\u00eda IDIX, S. L.<br>C\/ Moi\u00e1 1, 2\u00aa planta<br>08006 Barcelone, Espagne<br><\/p>\n          \n\n          \n          \n\n          \n\n          \n          \n\n          <p style=\"font-size:14px\">\n            <strong>Tel\u00e9fono :<\/strong>\n          <\/p>\n          \n\n          \n          \n\n          \n\n          \n          \n\n          <p style=\"font-size:14px\">+33 (0)492 29 50 30 (Francia)<\/p>\n          \n\n          \n          \n\n          \n\n          \n          \n\n          <p style=\"font-size:14px\">+1 514 448-2198 (Am\u00e9rica del Norte)<\/p>\n          \n\n          \n          \n\n          \n\n          \n          \n\n          <p style=\"font-size:14px\">+34 93 414 34 24 ( Espa\u00f1a)<\/p>\n          \n\n          \n          \n\n          \n\n          \n          \n\n          <p style=\"font-size:14px\"><strong>Correo electr\u00f3nico :<\/strong> info@globaware.com<\/p>\n          \n\n          \n          \n\n          \n\n          \n          \n\n          <p style=\"font-size:14px\">El director de la publicaci\u00f3n es Fran\u00e7ois Chalumeau<\/p>\n          \n\n          \n          \n\n          \n\n          \n          \n\n          <p style=\"font-size:14px\">El responsable de la protecci\u00f3n de datos es Fran\u00e7ois Chalumeau<\/p>\n          \n\n          \n          \n\n          \n\n          \n          \n\n          <h2 class=\"wp-block-heading\" style=\"font-size:14px\">\n            <strong>Alojamiento<\/strong>\n          <\/h2>\n          \n\n          \n          \n\n          \n\n          \n          \n\n          <p style=\"font-size:14px\">O2 switch<a href=\"https:\/\/www.o2switch.fr\/\"> www.O2SWITCH.fr<\/a> <\/p>\n          \n\n          \n          \n\n          \n\n          \n          \n\n          <p style=\"font-size:14px\">222 Bd Gustave Flaubert, 63000 Clermont-Ferrand<\/p>\n          \n\n          \n          \n\n          \n\n          \n          \n\n          <h2 class=\"has-g-palette-1633780710265-color has-text-color has-medium-font-size wp-block-heading\">Uso y accesibilidad de https:\/\/www.globaware.com<\/h2>\n          \n\n          \n          \n\n          \n\n          \n          \n\n          <p style=\"font-size:14px\">El uso del sitio web <a href=\"https:\/\/www.globaware.com\">https:\/\/www.globaware.com<\/a> implica la plena aceptaci\u00f3n de las condiciones generales de uso descritas a continuaci\u00f3n y del presente aviso legal. Estas condiciones de uso y avisos legales pueden ser modificados o completados en cualquier momento bajo la responsabilidad del director de publicaci\u00f3n del sitio.<br>Se invita a los usuarios del sitio a consultarlos regularmente.<br>El sitio est\u00e1 dise\u00f1ado, mantenido y alojado para maximizar su accesibilidad.<br>Este sitio web es normalmente accesible para los usuarios en todo momento.<br>No obstante, <a href=\"https:\/\/www.globaware.com\">https:\/\/www.globaware.com<\/a> puede decidir interrumpir el sitio web por motivos de mantenimiento t\u00e9cnico. En este caso, https:\/\/www.globaware.com se esforzar\u00e1 por informar a los usuarios de las fechas y horas de la intervenci\u00f3n con antelaci\u00f3n.<br>El sitio web <a href=\"https:\/\/www.globaware.com\">https:\/\/www.globaware.com<\/a> est\u00e1 alojado en un proveedor de servicios de la Uni\u00f3n Europea de acuerdo con las disposiciones del Reglamento General de Protecci\u00f3n de Datos (GDPR: n\u00b0 2016-679).<br>El anfitri\u00f3n garantiza la continuidad de su servicio las 24 horas del d\u00eda, todos los d\u00edas del a\u00f1o. No obstante, se reserva el derecho de interrumpir el servicio de alojamiento, en particular por motivos de mantenimiento, para mejorar su infraestructura, o en caso de fallo en sus enlaces.<br>El sitio <a href=\"https:\/\/www.globaware.com\">https:\/\/www.globaware.com<\/a>y el anfitri\u00f3n no pueden ser considerados responsables en caso de mal funcionamiento de la red de Internet, de las l\u00edneas telef\u00f3nicas o del equipo inform\u00e1tico y telef\u00f3nico del usuario, o en caso de congesti\u00f3n de la red que impida el acceso al servidor.<\/p>\n          \n\n          \n          \n\n          \n\n          \n          \n\n          <p style=\"font-size:14px\">El usuario del sitio se compromete a acceder al mismo utilizando un equipo reciente y libre de virus y un navegador actualizado de \u00faltima generaci\u00f3n.<\/p>\n          \n\n          \n          \n\n          \n\n          \n          \n\n          <p style=\"font-size:14px\">GLOBAWARE no se hace responsable de ning\u00fan da\u00f1o material relacionado con el uso del sitio web <a href=\"https:\/\/www.globaware.com\">https:\/\/www.globaware.com,<\/a> ni de los da\u00f1os directos e indirectos causados al equipo del usuario al acceder al sitio en caso de que el equipo no cumpla con las especificaciones mencionadas o en caso de error o incompatibilidad.<\/p>\n          \n\n          \n          \n\n          \n\n          \n          \n\n          <h2 class=\"has-g-palette-1633780710265-color has-text-color has-medium-font-size wp-block-heading\">Servicios prestados<\/h2>\n          \n\n          \n          \n\n          \n\n          \n          \n\n          <p style=\"font-size:14px\">El objetivo del sitio web <a href=\"https:\/\/www.globaware.com\">https:\/\/www.globaware.com<\/a>es proporcionar informaci\u00f3n lo m\u00e1s precisa posible sobre todas las actividades de la empresa GLOBAWARE. Los contenidos del sitio web publicado por Globaware han sido recopilados con el m\u00e1ximo cuidado. Por ello, no se difunden contenidos il\u00edcitos o difamatorios en ellos. Adem\u00e1s, no presentan ning\u00fan car\u00e1cter que pueda considerarse como \u00abpublicidad enga\u00f1osa\u00bb en el sentido de los art\u00edculos 121-1 y siguientes del C\u00f3digo de Consumo franc\u00e9s. GLOBAWARE no se responsabiliza de las omisiones, inexactitudes o deficiencias en la actualizaci\u00f3n de la informaci\u00f3n, ya sean causadas por GLOBAWARE o por terceros asociados que proporcionen la informaci\u00f3n. La informaci\u00f3n contenida en el sitio web<a href=\"https:\/\/www.globaware.com\">https:\/\/www.globaware.com<\/a>se ofrece a t\u00edtulo informativo, no es exhaustiva y est\u00e1 sujeta a cambios.<\/p>\n          \n\n          \n          \n\n          \n\n          \n          \n\n          <p style=\"font-size:14px\">GLOBAWARE act\u00faa como editor del sitio web <a href=\"https:\/\/www.globaware.com\">https:\/\/www.globaware.com.<\/a> Como tal, es responsable de la calidad y exactitud de los contenidos que publica.<\/p>\n          \n\n          \n          \n\n          \n\n          \n          \n\n          <p style=\"font-size:14px\">Llegado el caso, <a href=\"https:\/\/www.globaware.com\">https:\/\/www.globaware.com se reserva el derecho a cuestionar la responsabilidad civil y\/o penal del usuario, en particular en caso de mensaje racista, abusivo, difamatorio o pornogr\u00e1fico, cualquiera que sea el medio utilizado (texto, fotograf\u00eda, etc.), enviado por el usuario en el \u00ab<\/a>vuestro mensaje\u00bb formularios de contacto del sitio.<\/p>\n          \n\n          \n          \n\n          \n\n          \n          \n\n          <h2 class=\"has-g-palette-1633780710265-color has-text-color has-medium-font-size wp-block-heading\">Propiedad Intelectual<\/h2>\n          \n\n          \n          \n\n          \n\n          \n          \n\n          <p style=\"font-size:14px\">Todos los elementos que componen el esqueleto del sitio (fotos, im\u00e1genes, logotipos, animaciones flash\u00ae, elementos modelados&#8230;), as\u00ed como los elementos tecnol\u00f3gicos (creaciones de software, back-office de administraci\u00f3n, servicios propuestos&#8230;) est\u00e1n protegidos por los derechos de autor y son propiedad exclusiva de sus respectivos autores, salvo en los casos limitados de cesi\u00f3n total o parcial de derechos a Globaware. Los contenidos del sitio (textos, art\u00edculos, etc.) son propiedad exclusiva de sus autores y no pueden ser reproducidos o explotados sin su consentimiento. De conformidad con las disposiciones del art\u00edculo L. 122-4 del C\u00f3digo de la Propiedad Intelectual franc\u00e9s, queda prohibida toda reproducci\u00f3n total o parcial del contenido del sitio, sea cual sea su forma (reproducci\u00f3n, anidamiento, distribuci\u00f3n, t\u00e9cnicas de \u00abinline linking\u00bb y \u00abframing\u00bb, etc.). Tambi\u00e9n est\u00e1n prohibidos los enlaces directos a archivos descargables (en cualquier formato) en nuestro sitio. Si desea establecer un enlace con nuestro sitio, p\u00f3ngase en contacto con Globaware antes de establecer un enlace con nuestro sitio o sus contenidos. Los textos presentados aqu\u00ed procedentes de fuentes externas se han reproducido con el acuerdo impl\u00edcito o expl\u00edcito de sus respectivos autores. Las fuentes y los autores se mencionan en el sitio. Cualquier uso no autorizado del sitio o de alguno de los elementos que contiene se considerar\u00e1 constitutivo de infracci\u00f3n y ser\u00e1 perseguido de acuerdo con las disposiciones de los art\u00edculos L.335-2 y siguientes del C\u00f3digo de la Propiedad Intelectual franc\u00e9s.<\/p>\n          \n\n          \n          \n\n          \n\n          \n          \n\n          <h2 class=\"has-g-palette-1633780710265-color has-text-color has-medium-font-size wp-block-heading\">Enlaces externos <\/h2>\n          \n\n          \n          \n\n          \n\n          \n          \n\n          <p style=\"font-size:14px\">Los enlaces presentes en el sitio (enlaces directos, enlaces permanentes, enlaces de socios, etc.) redirigen al usuario a sitios cuyo contenido es responsabilidad de los editores de dichos sitios. Globaware no se hace responsable del contenido de estos sitios. Dado que concedemos especial importancia a la legalidad de los contenidos de los sitios a los que apuntan nuestros enlaces, le pedimos que tenga la amabilidad de informarnos de cualquier contenido que pueda parecerle il\u00edcito en los sitios a los que se han establecido enlaces.<\/p>\n          \n\n          \n          \n\n          \n\n          \n          \n\n          <h2 class=\"has-g-palette-1633780710265-color has-text-color has-medium-font-size wp-block-heading\">Publicidad<\/h2>\n          \n\n          \n          \n\n          \n\n          \n          \n\n          <p style=\"font-size:14px\">La publicidad puede aparecer en nuestros sitios. Pueden proceder de fuentes externas (plataformas de gesti\u00f3n de afiliados de terceros, anuncios de Google\u00ae, etc.) o ser gestionados por nuestra propia agencia de publicidad. Globaware no se hace responsable de la publicidad \u00abenga\u00f1osa o agresiva\u00bb de fuentes externas. En cuanto a los anuncios gestionados por Globaware, \u00e9sta se reserva el derecho de no distribuir anuncios que sean claramente enga\u00f1osos en el sentido de los art\u00edculos 121-1 y siguientes del C\u00f3digo de Consumo franc\u00e9s.<\/p>\n          \n\n          \n          \n\n          \n\n          \n          \n\n          <h2 class=\"has-g-palette-1633780710265-color has-text-color has-medium-font-size wp-block-heading\">Pol\u00edtica de privacidad<\/h2>\n          \n\n          \n          \n\n          \n\n          \n          \n\n          <p style=\"font-size:14px\">Para obtener m\u00e1s informaci\u00f3n sobre los datos personales recopilados y c\u00f3mo se utilizan, visite nuestra p\u00e1gina de<a href=\"https:\/\/www.globaware.com\/politique-de-confidentialite\/\">pol\u00edtica de privacidad.<\/a> <\/p>\n          \n\n          \n        ","protected":false},"excerpt":{"rendered":"<p>AVISOS LEGALES Identificaci\u00f3n de los directores de obra Nuestro sitio web est\u00e1 administrado por: Globaware Siret : 42273291700022 Direcciones : FRANCIA GlobaWare InternationalNice Premier455 promenade des Anglais06200 NiceFrance AM\u00c9RICA DEL NORTE Solutions GlobaWare Inc.1000, rue de la Gaucheti\u00e8re OuestBureau 2400Montr\u00e9al, Qu\u00e9bec, H3B 4W5Canada ESPA\u00d1A Servicios y Consultor\u00eda IDIX, S. L.C\/ Moi\u00e1 1, 2\u00aa planta08006 Barcelone, [&hellip;]<\/p>\n","protected":false},"author":4,"featured_media":0,"parent":0,"menu_order":0,"comment_status":"closed","ping_status":"closed","template":"","meta":{"ocean_post_layout":"","ocean_both_sidebars_style":"","ocean_both_sidebars_content_width":0,"ocean_both_sidebars_sidebars_width":0,"ocean_sidebar":"0","ocean_second_sidebar":"0","ocean_disable_margins":"enable","ocean_add_body_class":"","ocean_shortcode_before_top_bar":"","ocean_shortcode_after_top_bar":"","ocean_shortcode_before_header":"","ocean_shortcode_after_header":"","ocean_has_shortcode":"","ocean_shortcode_after_title":"","ocean_shortcode_before_footer_widgets":"","ocean_shortcode_after_footer_widgets":"","ocean_shortcode_before_footer_bottom":"","ocean_shortcode_after_footer_bottom":"","ocean_display_top_bar":"default","ocean_display_header":"default","ocean_header_style":"","ocean_center_header_left_menu":"0","ocean_custom_header_template":"0","ocean_custom_logo":0,"ocean_custom_retina_logo":0,"ocean_custom_logo_max_width":0,"ocean_custom_logo_tablet_max_width":0,"ocean_custom_logo_mobile_max_width":0,"ocean_custom_logo_max_height":0,"ocean_custom_logo_tablet_max_height":0,"ocean_custom_logo_mobile_max_height":0,"ocean_header_custom_menu":"0","ocean_menu_typo_font_family":"0","ocean_menu_typo_font_subset":"","ocean_menu_typo_font_size":0,"ocean_menu_typo_font_size_tablet":0,"ocean_menu_typo_font_size_mobile":0,"ocean_menu_typo_font_size_unit":"px","ocean_menu_typo_font_weight":"","ocean_menu_typo_font_weight_tablet":"","ocean_menu_typo_font_weight_mobile":"","ocean_menu_typo_transform":"","ocean_menu_typo_transform_tablet":"","ocean_menu_typo_transform_mobile":"","ocean_menu_typo_line_height":0,"ocean_menu_typo_line_height_tablet":0,"ocean_menu_typo_line_height_mobile":0,"ocean_menu_typo_line_height_unit":"","ocean_menu_typo_spacing":0,"ocean_menu_typo_spacing_tablet":0,"ocean_menu_typo_spacing_mobile":0,"ocean_menu_typo_spacing_unit":"","ocean_menu_link_color":"","ocean_menu_link_color_hover":"","ocean_menu_link_color_active":"","ocean_menu_link_background":"","ocean_menu_link_hover_background":"","ocean_menu_link_active_background":"","ocean_menu_social_links_bg":"","ocean_menu_social_hover_links_bg":"","ocean_menu_social_links_color":"","ocean_menu_social_hover_links_color":"","ocean_disable_title":"default","ocean_disable_heading":"default","ocean_post_title":"","ocean_post_subheading":"","ocean_post_title_style":"","ocean_post_title_background_color":"","ocean_post_title_background":0,"ocean_post_title_bg_image_position":"","ocean_post_title_bg_image_attachment":"","ocean_post_title_bg_image_repeat":"","ocean_post_title_bg_image_size":"","ocean_post_title_height":0,"ocean_post_title_bg_overlay":0.5,"ocean_post_title_bg_overlay_color":"","ocean_disable_breadcrumbs":"default","ocean_breadcrumbs_color":"","ocean_breadcrumbs_separator_color":"","ocean_breadcrumbs_links_color":"","ocean_breadcrumbs_links_hover_color":"","ocean_display_footer_widgets":"default","ocean_display_footer_bottom":"default","ocean_custom_footer_template":"0","footnotes":""},"class_list":["post-7727","page","type-page","status-publish","hentry","entry","owp-thumbs-layout-horizontal","owp-btn-normal","owp-tabs-layout-horizontal","has-no-thumbnails","has-product-nav"],"yoast_head":"<!-- This site is optimized with the Yoast SEO plugin v27.5 - https:\/\/yoast.com\/product\/yoast-seo-wordpress\/ -->\n<title>Informaci\u00f3n legal -<\/title>\n<meta name=\"robots\" content=\"index, follow, max-snippet:-1, max-image-preview:large, max-video-preview:-1\" \/>\n<link rel=\"canonical\" href=\"https:\/\/www.globaware.com\/es\/informacion-legal\/\" \/>\n<meta property=\"og:locale\" content=\"es_ES\" \/>\n<meta property=\"og:type\" content=\"article\" \/>\n<meta property=\"og:title\" content=\"Informaci\u00f3n legal -\" \/>\n<meta property=\"og:description\" content=\"AVISOS LEGALES Identificaci\u00f3n de los directores de obra Nuestro sitio web est\u00e1 administrado por: Globaware Siret : 42273291700022 Direcciones : FRANCIA GlobaWare InternationalNice Premier455 promenade des Anglais06200 NiceFrance AM\u00c9RICA DEL NORTE Solutions GlobaWare Inc.1000, rue de la Gaucheti\u00e8re OuestBureau 2400Montr\u00e9al, Qu\u00e9bec, H3B 4W5Canada ESPA\u00d1A Servicios y Consultor\u00eda IDIX, S. L.C\/ Moi\u00e1 1, 2\u00aa planta08006 Barcelone, [&hellip;]\" \/>\n<meta property=\"og:url\" content=\"https:\/\/www.globaware.com\/es\/informacion-legal\/\" \/>\n<meta property=\"article:modified_time\" content=\"2022-01-31T20:48:27+00:00\" \/>\n<meta name=\"twitter:label1\" content=\"Tiempo de lectura\" \/>\n\t<meta name=\"twitter:data1\" content=\"5 minutos\" \/>\n<script type=\"application\/ld+json\" class=\"yoast-schema-graph\">{\"@context\":\"https:\\\/\\\/schema.org\",\"@graph\":[{\"@type\":\"WebPage\",\"@id\":\"https:\\\/\\\/www.globaware.com\\\/es\\\/informacion-legal\\\/\",\"url\":\"https:\\\/\\\/www.globaware.com\\\/es\\\/informacion-legal\\\/\",\"name\":\"Informaci\u00f3n legal -\",\"isPartOf\":{\"@id\":\"https:\\\/\\\/www.globaware.com\\\/#website\"},\"datePublished\":\"2021-10-21T15:44:46+00:00\",\"dateModified\":\"2022-01-31T20:48:27+00:00\",\"breadcrumb\":{\"@id\":\"https:\\\/\\\/www.globaware.com\\\/es\\\/informacion-legal\\\/#breadcrumb\"},\"inLanguage\":\"es\",\"potentialAction\":[{\"@type\":\"ReadAction\",\"target\":[\"https:\\\/\\\/www.globaware.com\\\/es\\\/informacion-legal\\\/\"]}]},{\"@type\":\"BreadcrumbList\",\"@id\":\"https:\\\/\\\/www.globaware.com\\\/es\\\/informacion-legal\\\/#breadcrumb\",\"itemListElement\":[{\"@type\":\"ListItem\",\"position\":1,\"name\":\"Portada\",\"item\":\"https:\\\/\\\/www.globaware.com\\\/es\\\/\"},{\"@type\":\"ListItem\",\"position\":2,\"name\":\"Informaci\u00f3n legal\"}]},{\"@type\":\"WebSite\",\"@id\":\"https:\\\/\\\/www.globaware.com\\\/#website\",\"url\":\"https:\\\/\\\/www.globaware.com\\\/\",\"name\":\"\",\"description\":\"\",\"potentialAction\":[{\"@type\":\"SearchAction\",\"target\":{\"@type\":\"EntryPoint\",\"urlTemplate\":\"https:\\\/\\\/www.globaware.com\\\/?s={search_term_string}\"},\"query-input\":{\"@type\":\"PropertyValueSpecification\",\"valueRequired\":true,\"valueName\":\"search_term_string\"}}],\"inLanguage\":\"es\"}]}<\/script>\n<!-- \/ Yoast SEO plugin. -->","yoast_head_json":{"title":"Informaci\u00f3n legal -","robots":{"index":"index","follow":"follow","max-snippet":"max-snippet:-1","max-image-preview":"max-image-preview:large","max-video-preview":"max-video-preview:-1"},"canonical":"https:\/\/www.globaware.com\/es\/informacion-legal\/","og_locale":"es_ES","og_type":"article","og_title":"Informaci\u00f3n legal -","og_description":"AVISOS LEGALES Identificaci\u00f3n de los directores de obra Nuestro sitio web est\u00e1 administrado por: Globaware Siret : 42273291700022 Direcciones : FRANCIA GlobaWare InternationalNice Premier455 promenade des Anglais06200 NiceFrance AM\u00c9RICA DEL NORTE Solutions GlobaWare Inc.1000, rue de la Gaucheti\u00e8re OuestBureau 2400Montr\u00e9al, Qu\u00e9bec, H3B 4W5Canada ESPA\u00d1A Servicios y Consultor\u00eda IDIX, S. L.C\/ Moi\u00e1 1, 2\u00aa planta08006 Barcelone, [&hellip;]","og_url":"https:\/\/www.globaware.com\/es\/informacion-legal\/","article_modified_time":"2022-01-31T20:48:27+00:00","twitter_misc":{"Tiempo de lectura":"5 minutos"},"schema":{"@context":"https:\/\/schema.org","@graph":[{"@type":"WebPage","@id":"https:\/\/www.globaware.com\/es\/informacion-legal\/","url":"https:\/\/www.globaware.com\/es\/informacion-legal\/","name":"Informaci\u00f3n legal -","isPartOf":{"@id":"https:\/\/www.globaware.com\/#website"},"datePublished":"2021-10-21T15:44:46+00:00","dateModified":"2022-01-31T20:48:27+00:00","breadcrumb":{"@id":"https:\/\/www.globaware.com\/es\/informacion-legal\/#breadcrumb"},"inLanguage":"es","potentialAction":[{"@type":"ReadAction","target":["https:\/\/www.globaware.com\/es\/informacion-legal\/"]}]},{"@type":"BreadcrumbList","@id":"https:\/\/www.globaware.com\/es\/informacion-legal\/#breadcrumb","itemListElement":[{"@type":"ListItem","position":1,"name":"Portada","item":"https:\/\/www.globaware.com\/es\/"},{"@type":"ListItem","position":2,"name":"Informaci\u00f3n legal"}]},{"@type":"WebSite","@id":"https:\/\/www.globaware.com\/#website","url":"https:\/\/www.globaware.com\/","name":"","description":"","potentialAction":[{"@type":"SearchAction","target":{"@type":"EntryPoint","urlTemplate":"https:\/\/www.globaware.com\/?s={search_term_string}"},"query-input":{"@type":"PropertyValueSpecification","valueRequired":true,"valueName":"search_term_string"}}],"inLanguage":"es"}]}},"_links":{"self":[{"href":"https:\/\/www.globaware.com\/es\/wp-json\/wp\/v2\/pages\/7727","targetHints":{"allow":["GET"]}}],"collection":[{"href":"https:\/\/www.globaware.com\/es\/wp-json\/wp\/v2\/pages"}],"about":[{"href":"https:\/\/www.globaware.com\/es\/wp-json\/wp\/v2\/types\/page"}],"author":[{"embeddable":true,"href":"https:\/\/www.globaware.com\/es\/wp-json\/wp\/v2\/users\/4"}],"replies":[{"embeddable":true,"href":"https:\/\/www.globaware.com\/es\/wp-json\/wp\/v2\/comments?post=7727"}],"version-history":[{"count":0,"href":"https:\/\/www.globaware.com\/es\/wp-json\/wp\/v2\/pages\/7727\/revisions"}],"wp:attachment":[{"href":"https:\/\/www.globaware.com\/es\/wp-json\/wp\/v2\/media?parent=7727"}],"curies":[{"name":"wp","href":"https:\/\/api.w.org\/{rel}","templated":true}]}}