{"id":6774,"date":"2021-10-10T15:33:49","date_gmt":"2021-10-10T14:33:49","guid":{"rendered":"https:\/\/www.globaware.com\/lcalizacion-de-e-learning\/"},"modified":"2021-10-20T08:21:13","modified_gmt":"2021-10-20T07:21:13","slug":"lcalizacion-de-e-learning","status":"publish","type":"page","link":"https:\/\/www.globaware.com\/es\/lcalizacion-de-e-learning\/","title":{"rendered":"Localizaci\u00f3n de e-learning"},"content":{"rendered":"\n<div class=\"wp-block-cover\" style=\"min-height:250px;aspect-ratio:unset;\"><img loading=\"lazy\" decoding=\"async\" width=\"1280\" height=\"720\" class=\"wp-block-cover__image-background wp-image-5973\" alt=\"\" src=\"https:\/\/www.globaware.com\/wp-content\/uploads\/2021\/10\/localisation-e-learning.jpg\" data-object-fit=\"cover\"\/><div class=\"wp-block-cover__inner-container is-layout-flow wp-block-cover-is-layout-flow\">\n<p class=\"has-text-align-center has-large-font-size\"><\/p>\n<\/div><\/div>\n\n\n\n<div style=\"height:14px\" aria-hidden=\"true\" class=\"wp-block-spacer\"><\/div>\n\n\n\n<h2 class=\"has-text-align-center has-text-color has-large-font-size wp-block-heading\" style=\"color:#009475\">Localizaci\u00f3n de e-learning<\/h2>\n\n\n\n<div style=\"height:14px\" aria-hidden=\"true\" class=\"wp-block-spacer\"><\/div>\n\n\n\n<div class=\"wp-block-columns is-layout-flex wp-container-core-columns-is-layout-9d6595d7 wp-block-columns-is-layout-flex\">\n<div class=\"wp-block-column has-background cnvs-block-core-column-1633362111239 is-layout-flow wp-block-column-is-layout-flow\" style=\"background-color:#e5d0ea\">\n<div class=\"wp-block-image cnvs-block-core-image-1633368538667\"><figure class=\"aligncenter size-full\"><a href=\"#\"><img loading=\"lazy\" decoding=\"async\" width=\"100\" height=\"100\" src=\"https:\/\/www.globaware.com\/wp-content\/uploads\/2021\/10\/traduction-e-learning.png\" alt=\"Traducci\u00f3n de e-learning\" class=\"wp-image-5859\" srcset=\"https:\/\/www.globaware.com\/wp-content\/uploads\/2021\/10\/traduction-e-learning.png 100w, https:\/\/www.globaware.com\/wp-content\/uploads\/2021\/10\/traduction-e-learning-80x80.png 80w\" sizes=\"auto, (max-width: 100px) 100vw, 100px\" \/><\/a><\/figure><\/div>\n\n\n\n<h2 class=\"has-text-align-center cnvs-block-core-heading-1633362385028 wp-block-heading\" style=\"font-size:32px\">LOCALIZACI\u00d3N PARA MEJORAR LA IMPLICACI\u00d3N DE LOS PARTICIPANTES<\/h2>\n\n\n\n<p class=\"has-text-align-center cnvs-block-core-paragraph-1633536365647\">Con la creciente demanda de formaci\u00f3n en l\u00ednea, ahora hay una gran cantidad de ofertas en la web. Por desgracia, no siempre son cualitativos. De hecho, muchas organizaciones se conforman con traducciones aproximadas con la esperanza de llegar a su p\u00fablico a pesar de que los textos, los v\u00eddeos y el microaprendizaje no est\u00e1n adaptados a su audiencia. En contra de lo que cabr\u00eda imaginar, este fuerte crecimiento de la demanda no hace que el p\u00fablico sea menos selectivo.<\/p>\n\n\n\n<p class=\"has-text-align-center cnvs-block-core-paragraph-1633539649427\">La formaci\u00f3n es un trabajo real, \u00a1tambi\u00e9n en l\u00ednea! As\u00ed que consiga un socio de calidad para sus programas y plataformas de e-learning.<\/p>\n\n\n\n<p class=\"has-text-align-center cnvs-block-core-paragraph-1633536365665\"><\/p>\n<\/div>\n\n\n\n<div class=\"wp-block-column has-text-color cnvs-block-core-column-1633362111244 is-layout-flow wp-block-column-is-layout-flow\" style=\"color:#6260d2\">\n<h2 class=\"has-text-align-center has-text-color cnvs-block-core-heading-1633362525354 wp-block-heading\" style=\"color:#009475;font-size:32px\">AGENCIA DE LOCALIZACI\u00d3N DE E-LEARNING GLOBAWARE<\/h2>\n\n\n\n<p class=\"has-text-align-center has-text-color cnvs-block-core-paragraph-1633540223255\" style=\"color:#009475\">Localizar las actividades de e-learning es nuestro negocio. Nuestras variadas actividades incluyen tambi\u00e9n<a href=\"https:\/\/idixlingua.com\/en\/\">cursos de idiomas en l\u00ednea.<\/a> Tanto si su p\u00fablico es<strong>t\u00e9cnico, cient\u00edfico o comercial<\/strong>, adaptamos sus mensajes a su objetivo. Los v\u00eddeos y podcasts est\u00e1n subtitulados, doblados y adaptados a su p\u00fablico objetivo. Le ofrecemos una formidable gama de competencias y conocimientos. Por no hablar de nuestras soluciones t\u00e9cnicas que le permiten ahorrar tiempo y dinero. Lo importante, en definitiva, es <strong>preservar el sentido y la coherencia de sus traducciones.<\/strong><\/p>\n\n\n\n<p class=\"has-text-align-center has-text-color cnvs-block-core-paragraph-1633536633968\" style=\"color:#6260d2\"><\/p>\n<\/div>\n<\/div>\n\n\n\n<div class=\"wp-block-columns is-layout-flex wp-container-core-columns-is-layout-9d6595d7 wp-block-columns-is-layout-flex\">\n<div class=\"wp-block-column is-layout-flow wp-block-column-is-layout-flow\">\n<p class=\"cnvs-block-core-paragraph-1633609722578\" style=\"font-size:18px\"> <\/p>\n\n\n\n<ul class=\"has-medium-font-size wp-block-list\"><li>Formaci\u00f3n en ventas y servicio al cliente<\/li><li>Tutoriales de software<\/li><li>Educaci\u00f3n t\u00e9cnica<\/li><\/ul>\n\n\n\n<p> <\/p>\n<\/div>\n\n\n\n<div class=\"wp-block-column is-layout-flow wp-block-column-is-layout-flow\">\n<p> <\/p>\n\n\n\n<ul class=\"has-medium-font-size wp-block-list\"><li>Webinars cient\u00edficos<\/li><li>Cursos universitarios<\/li><li>Cursos de certificaci\u00f3n<\/li><\/ul>\n<\/div>\n<\/div>\n\n\n\n<div class=\"wp-block-columns cnvs-block-core-columns-1633435497589 is-layout-flex wp-container-core-columns-is-layout-9d6595d7 wp-block-columns-is-layout-flex\">\n<div class=\"wp-block-column cnvs-block-core-column-1633435497568 is-layout-flow wp-block-column-is-layout-flow\"><\/div>\n<\/div>\n","protected":false},"excerpt":{"rendered":"<p>Localizaci\u00f3n de e-learning LOCALIZACI\u00d3N PARA MEJORAR LA IMPLICACI\u00d3N DE LOS PARTICIPANTES Con la creciente demanda de formaci\u00f3n en l\u00ednea, ahora hay una gran cantidad de ofertas en la web. Por desgracia, no siempre son cualitativos. De hecho, muchas organizaciones se conforman con traducciones aproximadas con la esperanza de llegar a su p\u00fablico a pesar de [&hellip;]<\/p>\n","protected":false},"author":4,"featured_media":0,"parent":0,"menu_order":0,"comment_status":"closed","ping_status":"closed","template":"","meta":{"ocean_post_layout":"","ocean_both_sidebars_style":"","ocean_both_sidebars_content_width":0,"ocean_both_sidebars_sidebars_width":0,"ocean_sidebar":"0","ocean_second_sidebar":"0","ocean_disable_margins":"enable","ocean_add_body_class":"","ocean_shortcode_before_top_bar":"","ocean_shortcode_after_top_bar":"","ocean_shortcode_before_header":"","ocean_shortcode_after_header":"","ocean_has_shortcode":"","ocean_shortcode_after_title":"","ocean_shortcode_before_footer_widgets":"","ocean_shortcode_after_footer_widgets":"","ocean_shortcode_before_footer_bottom":"","ocean_shortcode_after_footer_bottom":"","ocean_display_top_bar":"default","ocean_display_header":"default","ocean_header_style":"","ocean_center_header_left_menu":"0","ocean_custom_header_template":"0","ocean_custom_logo":0,"ocean_custom_retina_logo":0,"ocean_custom_logo_max_width":0,"ocean_custom_logo_tablet_max_width":0,"ocean_custom_logo_mobile_max_width":0,"ocean_custom_logo_max_height":0,"ocean_custom_logo_tablet_max_height":0,"ocean_custom_logo_mobile_max_height":0,"ocean_header_custom_menu":"0","ocean_menu_typo_font_family":"0","ocean_menu_typo_font_subset":"","ocean_menu_typo_font_size":0,"ocean_menu_typo_font_size_tablet":0,"ocean_menu_typo_font_size_mobile":0,"ocean_menu_typo_font_size_unit":"px","ocean_menu_typo_font_weight":"","ocean_menu_typo_font_weight_tablet":"","ocean_menu_typo_font_weight_mobile":"","ocean_menu_typo_transform":"","ocean_menu_typo_transform_tablet":"","ocean_menu_typo_transform_mobile":"","ocean_menu_typo_line_height":0,"ocean_menu_typo_line_height_tablet":0,"ocean_menu_typo_line_height_mobile":0,"ocean_menu_typo_line_height_unit":"","ocean_menu_typo_spacing":0,"ocean_menu_typo_spacing_tablet":0,"ocean_menu_typo_spacing_mobile":0,"ocean_menu_typo_spacing_unit":"","ocean_menu_link_color":"","ocean_menu_link_color_hover":"","ocean_menu_link_color_active":"","ocean_menu_link_background":"","ocean_menu_link_hover_background":"","ocean_menu_link_active_background":"","ocean_menu_social_links_bg":"","ocean_menu_social_hover_links_bg":"","ocean_menu_social_links_color":"","ocean_menu_social_hover_links_color":"","ocean_disable_title":"default","ocean_disable_heading":"default","ocean_post_title":"","ocean_post_subheading":"","ocean_post_title_style":"","ocean_post_title_background_color":"","ocean_post_title_background":0,"ocean_post_title_bg_image_position":"","ocean_post_title_bg_image_attachment":"","ocean_post_title_bg_image_repeat":"","ocean_post_title_bg_image_size":"","ocean_post_title_height":0,"ocean_post_title_bg_overlay":0.5,"ocean_post_title_bg_overlay_color":"","ocean_disable_breadcrumbs":"default","ocean_breadcrumbs_color":"","ocean_breadcrumbs_separator_color":"","ocean_breadcrumbs_links_color":"","ocean_breadcrumbs_links_hover_color":"","ocean_display_footer_widgets":"default","ocean_display_footer_bottom":"default","ocean_custom_footer_template":"0","footnotes":""},"class_list":["post-6774","page","type-page","status-publish","hentry","entry","owp-thumbs-layout-horizontal","owp-btn-normal","owp-tabs-layout-horizontal","has-no-thumbnails","has-product-nav"],"yoast_head":"<!-- This site is optimized with the Yoast SEO plugin v27.5 - https:\/\/yoast.com\/product\/yoast-seo-wordpress\/ -->\n<title>Localizaci\u00f3n de e-learning -<\/title>\n<meta name=\"description\" content=\"La localizaci\u00f3n del e-learning es nuestro negocio. Tanto si su p\u00fablico es t\u00e9cnico, cient\u00edfico o comercial, nos adaptamos a su objetivo.\" \/>\n<meta name=\"robots\" content=\"index, follow, max-snippet:-1, max-image-preview:large, max-video-preview:-1\" \/>\n<link rel=\"canonical\" href=\"https:\/\/www.globaware.com\/es\/lcalizacion-de-e-learning\/\" \/>\n<meta property=\"og:locale\" content=\"es_ES\" \/>\n<meta property=\"og:type\" content=\"article\" \/>\n<meta property=\"og:title\" content=\"Localizaci\u00f3n de e-learning -\" \/>\n<meta property=\"og:description\" content=\"La localizaci\u00f3n del e-learning es nuestro negocio. Tanto si su p\u00fablico es t\u00e9cnico, cient\u00edfico o comercial, nos adaptamos a su objetivo.\" \/>\n<meta property=\"og:url\" content=\"https:\/\/www.globaware.com\/es\/lcalizacion-de-e-learning\/\" \/>\n<meta property=\"article:modified_time\" content=\"2021-10-20T07:21:13+00:00\" \/>\n<meta property=\"og:image\" content=\"https:\/\/www.globaware.com\/wp-content\/uploads\/2021\/10\/localisation-e-learning.jpg\" \/>\n<meta name=\"twitter:label1\" content=\"Tiempo de lectura\" \/>\n\t<meta name=\"twitter:data1\" content=\"2 minutos\" \/>\n<script type=\"application\/ld+json\" class=\"yoast-schema-graph\">{\"@context\":\"https:\\\/\\\/schema.org\",\"@graph\":[{\"@type\":\"WebPage\",\"@id\":\"https:\\\/\\\/www.globaware.com\\\/es\\\/lcalizacion-de-e-learning\\\/\",\"url\":\"https:\\\/\\\/www.globaware.com\\\/es\\\/lcalizacion-de-e-learning\\\/\",\"name\":\"Localizaci\u00f3n de e-learning -\",\"isPartOf\":{\"@id\":\"https:\\\/\\\/www.globaware.com\\\/#website\"},\"primaryImageOfPage\":{\"@id\":\"https:\\\/\\\/www.globaware.com\\\/es\\\/lcalizacion-de-e-learning\\\/#primaryimage\"},\"image\":{\"@id\":\"https:\\\/\\\/www.globaware.com\\\/es\\\/lcalizacion-de-e-learning\\\/#primaryimage\"},\"thumbnailUrl\":\"https:\\\/\\\/www.globaware.com\\\/wp-content\\\/uploads\\\/2021\\\/10\\\/localisation-e-learning.jpg\",\"datePublished\":\"2021-10-10T14:33:49+00:00\",\"dateModified\":\"2021-10-20T07:21:13+00:00\",\"description\":\"La localizaci\u00f3n del e-learning es nuestro negocio. Tanto si su p\u00fablico es t\u00e9cnico, cient\u00edfico o comercial, nos adaptamos a su objetivo.\",\"breadcrumb\":{\"@id\":\"https:\\\/\\\/www.globaware.com\\\/es\\\/lcalizacion-de-e-learning\\\/#breadcrumb\"},\"inLanguage\":\"es\",\"potentialAction\":[{\"@type\":\"ReadAction\",\"target\":[\"https:\\\/\\\/www.globaware.com\\\/es\\\/lcalizacion-de-e-learning\\\/\"]}]},{\"@type\":\"ImageObject\",\"inLanguage\":\"es\",\"@id\":\"https:\\\/\\\/www.globaware.com\\\/es\\\/lcalizacion-de-e-learning\\\/#primaryimage\",\"url\":\"https:\\\/\\\/www.globaware.com\\\/wp-content\\\/uploads\\\/2021\\\/10\\\/localisation-e-learning.jpg\",\"contentUrl\":\"https:\\\/\\\/www.globaware.com\\\/wp-content\\\/uploads\\\/2021\\\/10\\\/localisation-e-learning.jpg\"},{\"@type\":\"BreadcrumbList\",\"@id\":\"https:\\\/\\\/www.globaware.com\\\/es\\\/lcalizacion-de-e-learning\\\/#breadcrumb\",\"itemListElement\":[{\"@type\":\"ListItem\",\"position\":1,\"name\":\"Portada\",\"item\":\"https:\\\/\\\/www.globaware.com\\\/es\\\/\"},{\"@type\":\"ListItem\",\"position\":2,\"name\":\"Localizaci\u00f3n de e-learning\"}]},{\"@type\":\"WebSite\",\"@id\":\"https:\\\/\\\/www.globaware.com\\\/#website\",\"url\":\"https:\\\/\\\/www.globaware.com\\\/\",\"name\":\"\",\"description\":\"\",\"potentialAction\":[{\"@type\":\"SearchAction\",\"target\":{\"@type\":\"EntryPoint\",\"urlTemplate\":\"https:\\\/\\\/www.globaware.com\\\/?s={search_term_string}\"},\"query-input\":{\"@type\":\"PropertyValueSpecification\",\"valueRequired\":true,\"valueName\":\"search_term_string\"}}],\"inLanguage\":\"es\"}]}<\/script>\n<!-- \/ Yoast SEO plugin. -->","yoast_head_json":{"title":"Localizaci\u00f3n de e-learning -","description":"La localizaci\u00f3n del e-learning es nuestro negocio. Tanto si su p\u00fablico es t\u00e9cnico, cient\u00edfico o comercial, nos adaptamos a su objetivo.","robots":{"index":"index","follow":"follow","max-snippet":"max-snippet:-1","max-image-preview":"max-image-preview:large","max-video-preview":"max-video-preview:-1"},"canonical":"https:\/\/www.globaware.com\/es\/lcalizacion-de-e-learning\/","og_locale":"es_ES","og_type":"article","og_title":"Localizaci\u00f3n de e-learning -","og_description":"La localizaci\u00f3n del e-learning es nuestro negocio. Tanto si su p\u00fablico es t\u00e9cnico, cient\u00edfico o comercial, nos adaptamos a su objetivo.","og_url":"https:\/\/www.globaware.com\/es\/lcalizacion-de-e-learning\/","article_modified_time":"2021-10-20T07:21:13+00:00","og_image":[{"url":"https:\/\/www.globaware.com\/wp-content\/uploads\/2021\/10\/localisation-e-learning.jpg","type":"","width":"","height":""}],"twitter_misc":{"Tiempo de lectura":"2 minutos"},"schema":{"@context":"https:\/\/schema.org","@graph":[{"@type":"WebPage","@id":"https:\/\/www.globaware.com\/es\/lcalizacion-de-e-learning\/","url":"https:\/\/www.globaware.com\/es\/lcalizacion-de-e-learning\/","name":"Localizaci\u00f3n de e-learning -","isPartOf":{"@id":"https:\/\/www.globaware.com\/#website"},"primaryImageOfPage":{"@id":"https:\/\/www.globaware.com\/es\/lcalizacion-de-e-learning\/#primaryimage"},"image":{"@id":"https:\/\/www.globaware.com\/es\/lcalizacion-de-e-learning\/#primaryimage"},"thumbnailUrl":"https:\/\/www.globaware.com\/wp-content\/uploads\/2021\/10\/localisation-e-learning.jpg","datePublished":"2021-10-10T14:33:49+00:00","dateModified":"2021-10-20T07:21:13+00:00","description":"La localizaci\u00f3n del e-learning es nuestro negocio. Tanto si su p\u00fablico es t\u00e9cnico, cient\u00edfico o comercial, nos adaptamos a su objetivo.","breadcrumb":{"@id":"https:\/\/www.globaware.com\/es\/lcalizacion-de-e-learning\/#breadcrumb"},"inLanguage":"es","potentialAction":[{"@type":"ReadAction","target":["https:\/\/www.globaware.com\/es\/lcalizacion-de-e-learning\/"]}]},{"@type":"ImageObject","inLanguage":"es","@id":"https:\/\/www.globaware.com\/es\/lcalizacion-de-e-learning\/#primaryimage","url":"https:\/\/www.globaware.com\/wp-content\/uploads\/2021\/10\/localisation-e-learning.jpg","contentUrl":"https:\/\/www.globaware.com\/wp-content\/uploads\/2021\/10\/localisation-e-learning.jpg"},{"@type":"BreadcrumbList","@id":"https:\/\/www.globaware.com\/es\/lcalizacion-de-e-learning\/#breadcrumb","itemListElement":[{"@type":"ListItem","position":1,"name":"Portada","item":"https:\/\/www.globaware.com\/es\/"},{"@type":"ListItem","position":2,"name":"Localizaci\u00f3n de e-learning"}]},{"@type":"WebSite","@id":"https:\/\/www.globaware.com\/#website","url":"https:\/\/www.globaware.com\/","name":"","description":"","potentialAction":[{"@type":"SearchAction","target":{"@type":"EntryPoint","urlTemplate":"https:\/\/www.globaware.com\/?s={search_term_string}"},"query-input":{"@type":"PropertyValueSpecification","valueRequired":true,"valueName":"search_term_string"}}],"inLanguage":"es"}]}},"_links":{"self":[{"href":"https:\/\/www.globaware.com\/es\/wp-json\/wp\/v2\/pages\/6774","targetHints":{"allow":["GET"]}}],"collection":[{"href":"https:\/\/www.globaware.com\/es\/wp-json\/wp\/v2\/pages"}],"about":[{"href":"https:\/\/www.globaware.com\/es\/wp-json\/wp\/v2\/types\/page"}],"author":[{"embeddable":true,"href":"https:\/\/www.globaware.com\/es\/wp-json\/wp\/v2\/users\/4"}],"replies":[{"embeddable":true,"href":"https:\/\/www.globaware.com\/es\/wp-json\/wp\/v2\/comments?post=6774"}],"version-history":[{"count":0,"href":"https:\/\/www.globaware.com\/es\/wp-json\/wp\/v2\/pages\/6774\/revisions"}],"wp:attachment":[{"href":"https:\/\/www.globaware.com\/es\/wp-json\/wp\/v2\/media?parent=6774"}],"curies":[{"name":"wp","href":"https:\/\/api.w.org\/{rel}","templated":true}]}}