{"id":6703,"date":"2021-10-10T12:28:36","date_gmt":"2021-10-10T11:28:36","guid":{"rendered":"https:\/\/www.globaware.com\/traduccion-medico-sanitaria\/"},"modified":"2021-10-15T16:34:00","modified_gmt":"2021-10-15T15:34:00","slug":"traduccion-medico-sanitaria","status":"publish","type":"page","link":"https:\/\/www.globaware.com\/es\/traduccion-medico-sanitaria\/","title":{"rendered":"Traducci\u00f3n m\u00e9dico-sanitaria"},"content":{"rendered":"\n<div class=\"wp-block-cover\" style=\"min-height:250px;aspect-ratio:unset;\"><img loading=\"lazy\" decoding=\"async\" width=\"640\" height=\"426\" class=\"wp-block-cover__image-background wp-image-5171\" alt=\"\" src=\"https:\/\/www.globaware.com\/wp-content\/uploads\/2021\/09\/traduction-medicale.jpg\" data-object-fit=\"cover\" srcset=\"https:\/\/www.globaware.com\/wp-content\/uploads\/2021\/09\/traduction-medicale.jpg 640w, https:\/\/www.globaware.com\/wp-content\/uploads\/2021\/09\/traduction-medicale-300x200.jpg 300w, https:\/\/www.globaware.com\/wp-content\/uploads\/2021\/09\/traduction-medicale-600x399.jpg 600w\" sizes=\"auto, (max-width: 640px) 100vw, 640px\" \/><div class=\"wp-block-cover__inner-container is-layout-flow wp-block-cover-is-layout-flow\">\n<p class=\"has-text-align-center has-large-font-size\"><\/p>\n<\/div><\/div>\n\n<div style=\"height:14px\" aria-hidden=\"true\" class=\"wp-block-spacer\"><\/div>\n\n<h2 class=\"has-text-align-center has-text-color has-large-font-size wp-block-heading\" style=\"color:#009475\">Traducci\u00f3n m\u00e9dico y sanitaria<\/h2>\n\n<div class=\"wp-block-columns is-layout-flex wp-container-core-columns-is-layout-9d6595d7 wp-block-columns-is-layout-flex\">\n<div class=\"wp-block-column has-background cnvs-block-core-column-1633362111239 is-layout-flow wp-block-column-is-layout-flow\" style=\"background-color:#eccbb5\">\n<div class=\"wp-block-image cnvs-block-core-image-1633368538667\"><figure class=\"aligncenter size-full\"><a href=\"#\"><img loading=\"lazy\" decoding=\"async\" width=\"64\" height=\"64\" src=\"https:\/\/www.globaware.com\/wp-content\/uploads\/2021\/10\/traduction-medicale.png\" alt=\"Traducci&#xF3;n m&#xE9;dica\" class=\"wp-image-6229\"\/><\/a><\/figure><\/div>\n\n\n\n<h2 class=\"has-text-align-center cnvs-block-core-heading-1633362385028 wp-block-heading\" style=\"font-size:32px\">SALUD : GRANDES AVANCES INTERNACIONALES <\/h2>\n\n\n\n<p class=\"has-text-align-center cnvs-block-core-paragraph-1633422664149\">Le monde de la sant\u00e9 a connu un grand nombre de r\u00e9volutions au cours des derni\u00e8res d\u00e9cennies. En particular, esto ha mejorado la vida cotidiana de millones de personas con enfermedades o discapacidades. Las perspectivas para los pr\u00f3ximos a\u00f1os se refieren a muchos \u00e1mbitos. Est\u00e1 claro que la colaboraci\u00f3n entre los investigadores y los m\u00e9dicos de todo el mundo es una cuesti\u00f3n importante en este desarrollo.<\/p>\n\n\n\n<p class=\"has-text-align-center cnvs-block-core-paragraph-1633422664154\">Sin embargo, la terminolog\u00eda m\u00e9dica, farmac\u00e9utica, param\u00e9dica y cosm\u00e9tica es muy espec\u00edfica. Por otra parte, la traducci\u00f3n en estos campos no tolera ninguna aproximaci\u00f3n.<\/p>\n\n\n\n<p class=\"has-text-align-center cnvs-block-core-paragraph-1633422664161\">\u00bfEs usted un profesional del sector sanitario o param\u00e9dico, asistencial, investigador o m\u00e9dico y necesita comunicarse a nivel internacional?<\/p>\n<\/div>\n\n\n\n<div class=\"wp-block-column cnvs-block-core-column-1633362111244 is-layout-flow wp-block-column-is-layout-flow\">\n<h2 class=\"has-text-align-center has-luminous-vivid-orange-color has-text-color cnvs-block-core-heading-1633362525354 wp-block-heading\" style=\"font-size:32px\">AGENCIA DE TRADUCCI\u00d3N M\u00c9DICA GLOBAWARE<\/h2>\n\n\n\n<p class=\"has-text-align-center has-text-color cnvs-block-core-paragraph-1633362625259\" style=\"color:#ec853c\">Los dispositivos de diagn\u00f3stico m\u00e9dico, la biotecnolog\u00eda y la industria farmac\u00e9utica son sectores en los que <strong>Globaware tiene una gran experiencia<\/strong>. Cabe destacar que los traductores seleccionados son especialistas en el campo en cuesti\u00f3n, <strong>cardiolog\u00eda, oftalmolog\u00eda, nutrici\u00f3n, gastroenterolog\u00eda, oncolog\u00eda, dermatolog\u00eda, ortopedia,<\/strong> etc. Adem\u00e1s, cuentan con el apoyo de m\u00e9dicos, <strong>farmac\u00e9uticos y expertos en medicina.<\/strong> Trabajan en su lengua materna y actualizan constantemente sus conocimientos t\u00e9cnicos y cient\u00edficos.<\/p>\n\n\n\n<p class=\"has-text-align-center has-luminous-vivid-orange-color has-text-color cnvs-block-core-paragraph-1633423444437\">Para la traducci\u00f3n de protocolos de ensayo, autorizaciones de comercializaci\u00f3n y marcado CE, la Agencia de Traducci\u00f3n GLOBAWARE adapta sus documentos a <strong>los requisitos legales del pa\u00eds de destino.<\/strong><\/p>\n\n\n\n<p class=\"has-text-align-center has-luminous-vivid-orange-color has-text-color cnvs-block-core-paragraph-1633423444443\"><\/p>\n\n\n\n<p class=\"has-text-align-center has-luminous-vivid-orange-color has-text-color cnvs-block-core-paragraph-1633423269722\"><\/p>\n<\/div>\n<\/div>\n\n<div class=\"wp-block-columns is-layout-flex wp-container-core-columns-is-layout-9d6595d7 wp-block-columns-is-layout-flex\">\n<div class=\"wp-block-column has-background cnvs-block-core-column-1633363547625 is-layout-flow wp-block-column-is-layout-flow\" style=\"background-color:#b4e8c9\">\n<h2 class=\"has-text-align-center cnvs-block-core-heading-1633363938206 wp-block-heading\" style=\"font-size:32px\">\u00bfPOR QU\u00c9 GLOBAWARE PARA EL SECTOR M\u00c9DICO Y SANITARIO?<\/h2>\n\n\n\n<p class=\"has-text-align-center cnvs-block-core-paragraph-1633363994584\"> Gracias a su <strong>experiencia en los sectores m\u00e9dico<\/strong>, asistencial y sanitario, Globaware puede traducir y <strong>localizar sus documentos<\/strong> cient\u00edficos, publicaciones y p\u00e1ginas web. La calidad, la confidencialidad y la relevancia son nuestros principales activos. Adem\u00e1s, utilizamos tecnolog\u00edas avanzadas para satisfacerle mejor en t\u00e9rminos de tiempo y presupuesto. Los grandes nombres farmac\u00e9uticos ya conf\u00edan en nosotros. La <strong>agencia de traducci\u00f3n m\u00e9dica y sanitaria<\/strong> Globaware le apoya en su empe\u00f1o por <strong>mejorar la calidad de vida de las personas<\/strong>.<\/p>\n<\/div>\n<\/div>\n\n<div class=\"wp-block-columns is-layout-flex wp-container-core-columns-is-layout-9d6595d7 wp-block-columns-is-layout-flex\">\n<div class=\"wp-block-column cnvs-block-core-column-1633364537068 is-layout-flow wp-block-column-is-layout-flow\">\n<ul class=\"cnvs-block-core-list-1633365407377 wp-block-list\"><li>Estudios cl\u00ednicos<\/li><li>Formularios de consentimiento informado<\/li><li>Publicaciones cient\u00edficas<\/li><li>Patentes<\/li><li>Informes hospitalarios<\/li><li>Declaraciones de las autoridades sanitarias<\/li><li>Instrucciones de uso<\/li><\/ul>\n<\/div>\n\n\n\n<div class=\"wp-block-column cnvs-block-core-column-1633364537075 is-layout-flow wp-block-column-is-layout-flow\">\n<ul class=\"cnvs-block-core-list-1633365969444 wp-block-list\"><li>Folletos, libros blancos, folletos para profesionales m\u00e9dicos o pacientes<\/li><li>Informes de expertos<\/li><li>Documentos de I+D<\/li><li>Sitio web y blogs<\/li><li>Programas de aprendizaje electr\u00f3nico<\/li><\/ul>\n<\/div>\n<\/div>\n\n<p><\/p>\n\n<p><\/p>\n","protected":false},"excerpt":{"rendered":"<p>Traducci\u00f3n m\u00e9dico y sanitaria SALUD : GRANDES AVANCES INTERNACIONALES Le monde de la sant\u00e9 a connu un grand nombre de r\u00e9volutions au cours des derni\u00e8res d\u00e9cennies. En particular, esto ha mejorado la vida cotidiana de millones de personas con enfermedades o discapacidades. Las perspectivas para los pr\u00f3ximos a\u00f1os se refieren a muchos \u00e1mbitos. Est\u00e1 claro [&hellip;]<\/p>\n","protected":false},"author":4,"featured_media":0,"parent":0,"menu_order":0,"comment_status":"closed","ping_status":"closed","template":"","meta":{"ocean_post_layout":"","ocean_both_sidebars_style":"","ocean_both_sidebars_content_width":0,"ocean_both_sidebars_sidebars_width":0,"ocean_sidebar":"0","ocean_second_sidebar":"0","ocean_disable_margins":"enable","ocean_add_body_class":"","ocean_shortcode_before_top_bar":"","ocean_shortcode_after_top_bar":"","ocean_shortcode_before_header":"","ocean_shortcode_after_header":"","ocean_has_shortcode":"","ocean_shortcode_after_title":"","ocean_shortcode_before_footer_widgets":"","ocean_shortcode_after_footer_widgets":"","ocean_shortcode_before_footer_bottom":"","ocean_shortcode_after_footer_bottom":"","ocean_display_top_bar":"default","ocean_display_header":"default","ocean_header_style":"","ocean_center_header_left_menu":"0","ocean_custom_header_template":"0","ocean_custom_logo":0,"ocean_custom_retina_logo":0,"ocean_custom_logo_max_width":0,"ocean_custom_logo_tablet_max_width":0,"ocean_custom_logo_mobile_max_width":0,"ocean_custom_logo_max_height":0,"ocean_custom_logo_tablet_max_height":0,"ocean_custom_logo_mobile_max_height":0,"ocean_header_custom_menu":"0","ocean_menu_typo_font_family":"0","ocean_menu_typo_font_subset":"","ocean_menu_typo_font_size":0,"ocean_menu_typo_font_size_tablet":0,"ocean_menu_typo_font_size_mobile":0,"ocean_menu_typo_font_size_unit":"px","ocean_menu_typo_font_weight":"","ocean_menu_typo_font_weight_tablet":"","ocean_menu_typo_font_weight_mobile":"","ocean_menu_typo_transform":"","ocean_menu_typo_transform_tablet":"","ocean_menu_typo_transform_mobile":"","ocean_menu_typo_line_height":0,"ocean_menu_typo_line_height_tablet":0,"ocean_menu_typo_line_height_mobile":0,"ocean_menu_typo_line_height_unit":"","ocean_menu_typo_spacing":0,"ocean_menu_typo_spacing_tablet":0,"ocean_menu_typo_spacing_mobile":0,"ocean_menu_typo_spacing_unit":"","ocean_menu_link_color":"","ocean_menu_link_color_hover":"","ocean_menu_link_color_active":"","ocean_menu_link_background":"","ocean_menu_link_hover_background":"","ocean_menu_link_active_background":"","ocean_menu_social_links_bg":"","ocean_menu_social_hover_links_bg":"","ocean_menu_social_links_color":"","ocean_menu_social_hover_links_color":"","ocean_disable_title":"default","ocean_disable_heading":"default","ocean_post_title":"","ocean_post_subheading":"","ocean_post_title_style":"","ocean_post_title_background_color":"","ocean_post_title_background":0,"ocean_post_title_bg_image_position":"","ocean_post_title_bg_image_attachment":"","ocean_post_title_bg_image_repeat":"","ocean_post_title_bg_image_size":"","ocean_post_title_height":0,"ocean_post_title_bg_overlay":0.5,"ocean_post_title_bg_overlay_color":"","ocean_disable_breadcrumbs":"default","ocean_breadcrumbs_color":"","ocean_breadcrumbs_separator_color":"","ocean_breadcrumbs_links_color":"","ocean_breadcrumbs_links_hover_color":"","ocean_display_footer_widgets":"default","ocean_display_footer_bottom":"default","ocean_custom_footer_template":"0","footnotes":""},"class_list":["post-6703","page","type-page","status-publish","hentry","entry","owp-thumbs-layout-horizontal","owp-btn-normal","owp-tabs-layout-horizontal","has-no-thumbnails","has-product-nav"],"yoast_head":"<!-- This site is optimized with the Yoast SEO plugin v27.5 - https:\/\/yoast.com\/product\/yoast-seo-wordpress\/ -->\n<title>Traducci\u00f3n m\u00e9dico-sanitaria -<\/title>\n<meta name=\"description\" content=\"La agencia de traducci\u00f3n m\u00e9dica y sanitaria Globaware le acompa\u00f1a en su empe\u00f1o por mejorar la calidad de vida de las personas.\" \/>\n<meta name=\"robots\" content=\"index, follow, max-snippet:-1, max-image-preview:large, max-video-preview:-1\" \/>\n<link rel=\"canonical\" href=\"https:\/\/www.globaware.com\/es\/traduccion-medico-sanitaria\/\" \/>\n<meta property=\"og:locale\" content=\"es_ES\" \/>\n<meta property=\"og:type\" content=\"article\" \/>\n<meta property=\"og:title\" content=\"Traducci\u00f3n m\u00e9dico-sanitaria -\" \/>\n<meta property=\"og:description\" content=\"La agencia de traducci\u00f3n m\u00e9dica y sanitaria Globaware le acompa\u00f1a en su empe\u00f1o por mejorar la calidad de vida de las personas.\" \/>\n<meta property=\"og:url\" content=\"https:\/\/www.globaware.com\/es\/traduccion-medico-sanitaria\/\" \/>\n<meta property=\"article:modified_time\" content=\"2021-10-15T15:34:00+00:00\" \/>\n<meta property=\"og:image\" content=\"https:\/\/www.globaware.com\/wp-content\/uploads\/2021\/09\/traduction-medicale.jpg\" \/>\n<meta name=\"twitter:label1\" content=\"Tiempo de lectura\" \/>\n\t<meta name=\"twitter:data1\" content=\"2 minutos\" \/>\n<script type=\"application\/ld+json\" class=\"yoast-schema-graph\">{\"@context\":\"https:\\\/\\\/schema.org\",\"@graph\":[{\"@type\":\"WebPage\",\"@id\":\"https:\\\/\\\/www.globaware.com\\\/es\\\/traduccion-medico-sanitaria\\\/\",\"url\":\"https:\\\/\\\/www.globaware.com\\\/es\\\/traduccion-medico-sanitaria\\\/\",\"name\":\"Traducci\u00f3n m\u00e9dico-sanitaria -\",\"isPartOf\":{\"@id\":\"https:\\\/\\\/www.globaware.com\\\/#website\"},\"primaryImageOfPage\":{\"@id\":\"https:\\\/\\\/www.globaware.com\\\/es\\\/traduccion-medico-sanitaria\\\/#primaryimage\"},\"image\":{\"@id\":\"https:\\\/\\\/www.globaware.com\\\/es\\\/traduccion-medico-sanitaria\\\/#primaryimage\"},\"thumbnailUrl\":\"https:\\\/\\\/www.globaware.com\\\/wp-content\\\/uploads\\\/2021\\\/09\\\/traduction-medicale.jpg\",\"datePublished\":\"2021-10-10T11:28:36+00:00\",\"dateModified\":\"2021-10-15T15:34:00+00:00\",\"description\":\"La agencia de traducci\u00f3n m\u00e9dica y sanitaria Globaware le acompa\u00f1a en su empe\u00f1o por mejorar la calidad de vida de las personas.\",\"breadcrumb\":{\"@id\":\"https:\\\/\\\/www.globaware.com\\\/es\\\/traduccion-medico-sanitaria\\\/#breadcrumb\"},\"inLanguage\":\"es\",\"potentialAction\":[{\"@type\":\"ReadAction\",\"target\":[\"https:\\\/\\\/www.globaware.com\\\/es\\\/traduccion-medico-sanitaria\\\/\"]}]},{\"@type\":\"ImageObject\",\"inLanguage\":\"es\",\"@id\":\"https:\\\/\\\/www.globaware.com\\\/es\\\/traduccion-medico-sanitaria\\\/#primaryimage\",\"url\":\"https:\\\/\\\/www.globaware.com\\\/wp-content\\\/uploads\\\/2021\\\/09\\\/traduction-medicale.jpg\",\"contentUrl\":\"https:\\\/\\\/www.globaware.com\\\/wp-content\\\/uploads\\\/2021\\\/09\\\/traduction-medicale.jpg\"},{\"@type\":\"BreadcrumbList\",\"@id\":\"https:\\\/\\\/www.globaware.com\\\/es\\\/traduccion-medico-sanitaria\\\/#breadcrumb\",\"itemListElement\":[{\"@type\":\"ListItem\",\"position\":1,\"name\":\"Portada\",\"item\":\"https:\\\/\\\/www.globaware.com\\\/es\\\/\"},{\"@type\":\"ListItem\",\"position\":2,\"name\":\"Traducci\u00f3n m\u00e9dico-sanitaria\"}]},{\"@type\":\"WebSite\",\"@id\":\"https:\\\/\\\/www.globaware.com\\\/#website\",\"url\":\"https:\\\/\\\/www.globaware.com\\\/\",\"name\":\"\",\"description\":\"\",\"potentialAction\":[{\"@type\":\"SearchAction\",\"target\":{\"@type\":\"EntryPoint\",\"urlTemplate\":\"https:\\\/\\\/www.globaware.com\\\/?s={search_term_string}\"},\"query-input\":{\"@type\":\"PropertyValueSpecification\",\"valueRequired\":true,\"valueName\":\"search_term_string\"}}],\"inLanguage\":\"es\"}]}<\/script>\n<!-- \/ Yoast SEO plugin. -->","yoast_head_json":{"title":"Traducci\u00f3n m\u00e9dico-sanitaria -","description":"La agencia de traducci\u00f3n m\u00e9dica y sanitaria Globaware le acompa\u00f1a en su empe\u00f1o por mejorar la calidad de vida de las personas.","robots":{"index":"index","follow":"follow","max-snippet":"max-snippet:-1","max-image-preview":"max-image-preview:large","max-video-preview":"max-video-preview:-1"},"canonical":"https:\/\/www.globaware.com\/es\/traduccion-medico-sanitaria\/","og_locale":"es_ES","og_type":"article","og_title":"Traducci\u00f3n m\u00e9dico-sanitaria -","og_description":"La agencia de traducci\u00f3n m\u00e9dica y sanitaria Globaware le acompa\u00f1a en su empe\u00f1o por mejorar la calidad de vida de las personas.","og_url":"https:\/\/www.globaware.com\/es\/traduccion-medico-sanitaria\/","article_modified_time":"2021-10-15T15:34:00+00:00","og_image":[{"url":"https:\/\/www.globaware.com\/wp-content\/uploads\/2021\/09\/traduction-medicale.jpg","type":"","width":"","height":""}],"twitter_misc":{"Tiempo de lectura":"2 minutos"},"schema":{"@context":"https:\/\/schema.org","@graph":[{"@type":"WebPage","@id":"https:\/\/www.globaware.com\/es\/traduccion-medico-sanitaria\/","url":"https:\/\/www.globaware.com\/es\/traduccion-medico-sanitaria\/","name":"Traducci\u00f3n m\u00e9dico-sanitaria -","isPartOf":{"@id":"https:\/\/www.globaware.com\/#website"},"primaryImageOfPage":{"@id":"https:\/\/www.globaware.com\/es\/traduccion-medico-sanitaria\/#primaryimage"},"image":{"@id":"https:\/\/www.globaware.com\/es\/traduccion-medico-sanitaria\/#primaryimage"},"thumbnailUrl":"https:\/\/www.globaware.com\/wp-content\/uploads\/2021\/09\/traduction-medicale.jpg","datePublished":"2021-10-10T11:28:36+00:00","dateModified":"2021-10-15T15:34:00+00:00","description":"La agencia de traducci\u00f3n m\u00e9dica y sanitaria Globaware le acompa\u00f1a en su empe\u00f1o por mejorar la calidad de vida de las personas.","breadcrumb":{"@id":"https:\/\/www.globaware.com\/es\/traduccion-medico-sanitaria\/#breadcrumb"},"inLanguage":"es","potentialAction":[{"@type":"ReadAction","target":["https:\/\/www.globaware.com\/es\/traduccion-medico-sanitaria\/"]}]},{"@type":"ImageObject","inLanguage":"es","@id":"https:\/\/www.globaware.com\/es\/traduccion-medico-sanitaria\/#primaryimage","url":"https:\/\/www.globaware.com\/wp-content\/uploads\/2021\/09\/traduction-medicale.jpg","contentUrl":"https:\/\/www.globaware.com\/wp-content\/uploads\/2021\/09\/traduction-medicale.jpg"},{"@type":"BreadcrumbList","@id":"https:\/\/www.globaware.com\/es\/traduccion-medico-sanitaria\/#breadcrumb","itemListElement":[{"@type":"ListItem","position":1,"name":"Portada","item":"https:\/\/www.globaware.com\/es\/"},{"@type":"ListItem","position":2,"name":"Traducci\u00f3n m\u00e9dico-sanitaria"}]},{"@type":"WebSite","@id":"https:\/\/www.globaware.com\/#website","url":"https:\/\/www.globaware.com\/","name":"","description":"","potentialAction":[{"@type":"SearchAction","target":{"@type":"EntryPoint","urlTemplate":"https:\/\/www.globaware.com\/?s={search_term_string}"},"query-input":{"@type":"PropertyValueSpecification","valueRequired":true,"valueName":"search_term_string"}}],"inLanguage":"es"}]}},"_links":{"self":[{"href":"https:\/\/www.globaware.com\/es\/wp-json\/wp\/v2\/pages\/6703","targetHints":{"allow":["GET"]}}],"collection":[{"href":"https:\/\/www.globaware.com\/es\/wp-json\/wp\/v2\/pages"}],"about":[{"href":"https:\/\/www.globaware.com\/es\/wp-json\/wp\/v2\/types\/page"}],"author":[{"embeddable":true,"href":"https:\/\/www.globaware.com\/es\/wp-json\/wp\/v2\/users\/4"}],"replies":[{"embeddable":true,"href":"https:\/\/www.globaware.com\/es\/wp-json\/wp\/v2\/comments?post=6703"}],"version-history":[{"count":0,"href":"https:\/\/www.globaware.com\/es\/wp-json\/wp\/v2\/pages\/6703\/revisions"}],"wp:attachment":[{"href":"https:\/\/www.globaware.com\/es\/wp-json\/wp\/v2\/media?parent=6703"}],"curies":[{"name":"wp","href":"https:\/\/api.w.org\/{rel}","templated":true}]}}