{"id":6699,"date":"2021-10-10T12:14:11","date_gmt":"2021-10-10T11:14:11","guid":{"rendered":"https:\/\/www.globaware.com\/traduccion-marketing-web\/"},"modified":"2021-10-15T16:34:00","modified_gmt":"2021-10-15T15:34:00","slug":"traduccion-marketing-web","status":"publish","type":"page","link":"https:\/\/www.globaware.com\/es\/traduccion-marketing-web\/","title":{"rendered":"Traducci\u00f3n marketing-Web"},"content":{"rendered":"\n<div class=\"wp-block-cover\" style=\"min-height:250px;aspect-ratio:unset;\"><img loading=\"lazy\" decoding=\"async\" width=\"640\" height=\"426\" class=\"wp-block-cover__image-background wp-image-5162\" alt=\"\" src=\"https:\/\/www.globaware.com\/wp-content\/uploads\/2021\/09\/traduction-marketing.jpg\" data-object-fit=\"cover\" srcset=\"https:\/\/www.globaware.com\/wp-content\/uploads\/2021\/09\/traduction-marketing.jpg 640w, https:\/\/www.globaware.com\/wp-content\/uploads\/2021\/09\/traduction-marketing-300x200.jpg 300w, https:\/\/www.globaware.com\/wp-content\/uploads\/2021\/09\/traduction-marketing-600x399.jpg 600w\" sizes=\"auto, (max-width: 640px) 100vw, 640px\" \/><div class=\"wp-block-cover__inner-container is-layout-flow wp-block-cover-is-layout-flow\">\n<p class=\"has-text-align-center has-large-font-size\"><\/p>\n<\/div><\/div>\n\n<div style=\"height:14px\" aria-hidden=\"true\" class=\"wp-block-spacer\"><\/div>\n\n<h2 class=\"has-text-align-center has-text-color has-large-font-size wp-block-heading\" style=\"color:#009475\">Traducci\u00f3n marketing y Web<\/h2>\n\n<div class=\"wp-block-columns is-layout-flex wp-container-core-columns-is-layout-9d6595d7 wp-block-columns-is-layout-flex\">\n<div class=\"wp-block-column has-background cnvs-block-core-column-1633362111239 is-layout-flow wp-block-column-is-layout-flow\" style=\"background-color:#eccbb5\">\n<div class=\"wp-block-image cnvs-block-core-image-1633368538667\"><figure class=\"aligncenter size-full\"><a href=\"#\"><img loading=\"lazy\" decoding=\"async\" width=\"50\" height=\"50\" src=\"https:\/\/www.globaware.com\/wp-content\/uploads\/2021\/10\/icons8-web-50.png\" alt=\"traducci&#xF3;n marketing icone web\" class=\"wp-image-5897\"\/><\/a><\/figure><\/div>\n\n\n\n<h2 class=\"has-text-align-center cnvs-block-core-heading-1633362385028 wp-block-heading\" style=\"font-size:32px\">LA COHERENCIA, UNO DE LOS PRINCIPALES RETOS DE LA GLOBALIZACI\u00d3N<\/h2>\n\n\n\n<p class=\"has-text-align-center cnvs-block-core-paragraph-1633429405149\">Uno de los<a href=\"http:\/\/ressources.aunege.fr\/nuxeo\/site\/esupversions\/773a5d3e-374f-4b01-ad44-a2201dc0663c\/Strategie_marketing_international\/co\/module_marketing.html\">principales retos de la globalizaci\u00f3n<\/a> para las empresas y marcas es mantener la coherencia de los mensajes de marketing y publicidad en todos los pa\u00edses en los que se distribuyen. Sin embargo, para ser convincente, el mensaje traducido debe ser tan poderoso como el del idioma original. A menudo es necesario adaptar los textos o los elementos visuales al pa\u00eds de destino y, sobre todo, a su cultura.<\/p>\n\n\n\n<p class=\"has-text-align-center cnvs-block-core-paragraph-1633429405160\">\u00bfNecesita localizar sus documentos, traducir una p\u00e1gina web o un sitio web para promocionar su marca, sus productos o sus servicios en el extranjero? \u00bfNecesita su marca hacer frente a un volumen creciente de traducciones?<\/p>\n\n\n\n<p class=\"has-text-align-center\">\u00a1Contacte con Globaware!<\/p>\n<\/div>\n\n\n\n<div class=\"wp-block-column cnvs-block-core-column-1633362111244 is-layout-flow wp-block-column-is-layout-flow\">\n<h2 class=\"has-text-align-center has-luminous-vivid-orange-color has-text-color cnvs-block-core-heading-1633362525354 wp-block-heading\" style=\"font-size:32px\">AGENCIA DE MARKETING Y TRADUCCI\u00d3N WEB GLOBAWARE<\/h2>\n\n\n\n<p class=\"has-text-align-center has-luminous-vivid-orange-color has-text-color cnvs-block-core-paragraph-1633429890506\">Los traductores seleccionados son <strong>expertos<\/strong>en el campo de las ventas, el marketing y la publicidad y <strong>conocen a fondo su sector empresarial.<\/strong> Globaware le proporciona una traducci\u00f3n fiable y realza su mensaje.<\/p>\n\n\n\n<p class=\"has-text-align-center has-text-color cnvs-block-core-paragraph-1633429890519\" style=\"color:#ec853c\">Incorporamos todas<strong> sus im\u00e1genes y todos documentos a sus traducciones de marketing. Est\u00e1n formateados para estar listos para la impresi\u00f3n.<\/strong> Nous utilisons notamment les programmes suivants : FreeHand, Adobe Acrobat, PageMaker, FrameMaker, Quark XPress, PhotoShop, CorelDRAW, In Design.<\/p>\n\n\n\n<p class=\"has-text-align-center has-luminous-vivid-orange-color has-text-color cnvs-block-core-paragraph-1633499488139\">Respetamos sus <strong>presupuestos<\/strong> y<strong>plazos<\/strong> proporcionando tecnolog\u00edas avanzadas.<\/p>\n<\/div>\n<\/div>\n\n<div class=\"wp-block-columns is-layout-flex wp-container-core-columns-is-layout-9d6595d7 wp-block-columns-is-layout-flex\">\n<div class=\"wp-block-column has-background cnvs-block-core-column-1633363547625 is-layout-flow wp-block-column-is-layout-flow\" style=\"background-color:#b4e8c9\">\n<h2 class=\"has-text-align-center cnvs-block-core-heading-1633363938206 wp-block-heading\" style=\"font-size:32px\">GLOBAWARE REFUERZA EL IMPACTO DE SU COMUNICACI\u00d3N <\/h2>\n\n\n\n<p class=\"has-text-align-center cnvs-block-core-paragraph-1633430032736\">Globaware ofrece servicios de <strong>traducci\u00f3n marketing y web<\/strong> , l<strong>ocalizaci\u00f3n<\/strong> personalizada y <strong>autoedici\u00f3n.<\/strong> De este modo, sus materiales se entienden y resultan atractivos. Para los proyectos m\u00e1s complejos, de alcance estrat\u00e9gico, realizamos un an\u00e1lisis t\u00e9cnico o una <strong>reflexi\u00f3n de marketing<\/strong>en los<strong>pa\u00edses objetivo<\/strong>. Es decir, hacemos todo lo posible para que el mensaje final tenga el mismo impacto que el inicial, en cualquier parte del mundo. <\/p>\n\n\n\n<p class=\"has-text-align-center cnvs-block-core-paragraph-1633499443763\">Promueva su marca en los mercados internacionales ahora. Globaware le garantiza un buen control de sus mensajes, una<strong>comunicaci\u00f3n eficaz<\/strong>, el desarrollo de la fidelidad de los clientes y el fortalecimiento de su <strong>posici\u00f3n<\/strong>en<strong>el mercado mundial.<\/strong><\/p>\n<\/div>\n<\/div>\n\n<div class=\"wp-block-columns is-layout-flex wp-container-core-columns-is-layout-9d6595d7 wp-block-columns-is-layout-flex\">\n<div class=\"wp-block-column cnvs-block-core-column-1633364537068 is-layout-flow wp-block-column-is-layout-flow\">\n<ul class=\"cnvs-block-core-list-1633365407377 wp-block-list\"><li>Fichas de productos<\/li><li>Folletos<\/li><li>Folletos publicitarios<\/li><li>Carteles<\/li><li>Publicidad<\/li><li>Argumentos de venta<\/li><\/ul>\n<\/div>\n\n\n\n<div class=\"wp-block-column cnvs-block-core-column-1633364537075 is-layout-flow wp-block-column-is-layout-flow\">\n<ul class=\"cnvs-block-core-list-1633365969444 wp-block-list\"><li>Cat\u00e1logos<\/li><li>Documentos<\/li><li>Estudio de mercado<\/li><li>Sitio web<\/li><li>P\u00e1ginas web y blogs<\/li><li>Programas de e-learning<\/li><\/ul>\n<\/div>\n<\/div>\n\n<p><\/p>\n","protected":false},"excerpt":{"rendered":"<p>Traducci\u00f3n marketing y Web LA COHERENCIA, UNO DE LOS PRINCIPALES RETOS DE LA GLOBALIZACI\u00d3N Uno de losprincipales retos de la globalizaci\u00f3n para las empresas y marcas es mantener la coherencia de los mensajes de marketing y publicidad en todos los pa\u00edses en los que se distribuyen. Sin embargo, para ser convincente, el mensaje traducido debe [&hellip;]<\/p>\n","protected":false},"author":4,"featured_media":0,"parent":0,"menu_order":0,"comment_status":"closed","ping_status":"closed","template":"","meta":{"ocean_post_layout":"","ocean_both_sidebars_style":"","ocean_both_sidebars_content_width":0,"ocean_both_sidebars_sidebars_width":0,"ocean_sidebar":"0","ocean_second_sidebar":"0","ocean_disable_margins":"enable","ocean_add_body_class":"","ocean_shortcode_before_top_bar":"","ocean_shortcode_after_top_bar":"","ocean_shortcode_before_header":"","ocean_shortcode_after_header":"","ocean_has_shortcode":"","ocean_shortcode_after_title":"","ocean_shortcode_before_footer_widgets":"","ocean_shortcode_after_footer_widgets":"","ocean_shortcode_before_footer_bottom":"","ocean_shortcode_after_footer_bottom":"","ocean_display_top_bar":"default","ocean_display_header":"default","ocean_header_style":"","ocean_center_header_left_menu":"0","ocean_custom_header_template":"0","ocean_custom_logo":0,"ocean_custom_retina_logo":0,"ocean_custom_logo_max_width":0,"ocean_custom_logo_tablet_max_width":0,"ocean_custom_logo_mobile_max_width":0,"ocean_custom_logo_max_height":0,"ocean_custom_logo_tablet_max_height":0,"ocean_custom_logo_mobile_max_height":0,"ocean_header_custom_menu":"0","ocean_menu_typo_font_family":"0","ocean_menu_typo_font_subset":"","ocean_menu_typo_font_size":0,"ocean_menu_typo_font_size_tablet":0,"ocean_menu_typo_font_size_mobile":0,"ocean_menu_typo_font_size_unit":"px","ocean_menu_typo_font_weight":"","ocean_menu_typo_font_weight_tablet":"","ocean_menu_typo_font_weight_mobile":"","ocean_menu_typo_transform":"","ocean_menu_typo_transform_tablet":"","ocean_menu_typo_transform_mobile":"","ocean_menu_typo_line_height":0,"ocean_menu_typo_line_height_tablet":0,"ocean_menu_typo_line_height_mobile":0,"ocean_menu_typo_line_height_unit":"","ocean_menu_typo_spacing":0,"ocean_menu_typo_spacing_tablet":0,"ocean_menu_typo_spacing_mobile":0,"ocean_menu_typo_spacing_unit":"","ocean_menu_link_color":"","ocean_menu_link_color_hover":"","ocean_menu_link_color_active":"","ocean_menu_link_background":"","ocean_menu_link_hover_background":"","ocean_menu_link_active_background":"","ocean_menu_social_links_bg":"","ocean_menu_social_hover_links_bg":"","ocean_menu_social_links_color":"","ocean_menu_social_hover_links_color":"","ocean_disable_title":"default","ocean_disable_heading":"default","ocean_post_title":"","ocean_post_subheading":"","ocean_post_title_style":"","ocean_post_title_background_color":"","ocean_post_title_background":0,"ocean_post_title_bg_image_position":"","ocean_post_title_bg_image_attachment":"","ocean_post_title_bg_image_repeat":"","ocean_post_title_bg_image_size":"","ocean_post_title_height":0,"ocean_post_title_bg_overlay":0.5,"ocean_post_title_bg_overlay_color":"","ocean_disable_breadcrumbs":"default","ocean_breadcrumbs_color":"","ocean_breadcrumbs_separator_color":"","ocean_breadcrumbs_links_color":"","ocean_breadcrumbs_links_hover_color":"","ocean_display_footer_widgets":"default","ocean_display_footer_bottom":"default","ocean_custom_footer_template":"0","footnotes":""},"class_list":["post-6699","page","type-page","status-publish","hentry","entry","owp-thumbs-layout-horizontal","owp-btn-normal","owp-tabs-layout-horizontal","has-no-thumbnails","has-product-nav"],"yoast_head":"<!-- This site is optimized with the Yoast SEO plugin v27.5 - https:\/\/yoast.com\/product\/yoast-seo-wordpress\/ -->\n<title>Traducci\u00f3n marketing-Web -<\/title>\n<meta name=\"description\" content=\"Globaware ofrece servicios de marketing y traducci\u00f3n web, localizaci\u00f3n personalizada y autoedici\u00f3n para ayudarle a conquistar el mundo.\" \/>\n<meta name=\"robots\" content=\"index, follow, max-snippet:-1, max-image-preview:large, max-video-preview:-1\" \/>\n<link rel=\"canonical\" href=\"https:\/\/www.globaware.com\/es\/traduccion-marketing-web\/\" \/>\n<meta property=\"og:locale\" content=\"es_ES\" \/>\n<meta property=\"og:type\" content=\"article\" \/>\n<meta property=\"og:title\" content=\"Traducci\u00f3n marketing-Web -\" \/>\n<meta property=\"og:description\" content=\"Globaware ofrece servicios de marketing y traducci\u00f3n web, localizaci\u00f3n personalizada y autoedici\u00f3n para ayudarle a conquistar el mundo.\" \/>\n<meta property=\"og:url\" content=\"https:\/\/www.globaware.com\/es\/traduccion-marketing-web\/\" \/>\n<meta property=\"article:modified_time\" content=\"2021-10-15T15:34:00+00:00\" \/>\n<meta property=\"og:image\" content=\"https:\/\/www.globaware.com\/wp-content\/uploads\/2021\/09\/traduction-marketing.jpg\" \/>\n<meta name=\"twitter:label1\" content=\"Tiempo de lectura\" \/>\n\t<meta name=\"twitter:data1\" content=\"2 minutos\" \/>\n<script type=\"application\/ld+json\" class=\"yoast-schema-graph\">{\"@context\":\"https:\\\/\\\/schema.org\",\"@graph\":[{\"@type\":\"WebPage\",\"@id\":\"https:\\\/\\\/www.globaware.com\\\/es\\\/traduccion-marketing-web\\\/\",\"url\":\"https:\\\/\\\/www.globaware.com\\\/es\\\/traduccion-marketing-web\\\/\",\"name\":\"Traducci\u00f3n marketing-Web -\",\"isPartOf\":{\"@id\":\"https:\\\/\\\/www.globaware.com\\\/#website\"},\"primaryImageOfPage\":{\"@id\":\"https:\\\/\\\/www.globaware.com\\\/es\\\/traduccion-marketing-web\\\/#primaryimage\"},\"image\":{\"@id\":\"https:\\\/\\\/www.globaware.com\\\/es\\\/traduccion-marketing-web\\\/#primaryimage\"},\"thumbnailUrl\":\"https:\\\/\\\/www.globaware.com\\\/wp-content\\\/uploads\\\/2021\\\/09\\\/traduction-marketing.jpg\",\"datePublished\":\"2021-10-10T11:14:11+00:00\",\"dateModified\":\"2021-10-15T15:34:00+00:00\",\"description\":\"Globaware ofrece servicios de marketing y traducci\u00f3n web, localizaci\u00f3n personalizada y autoedici\u00f3n para ayudarle a conquistar el mundo.\",\"breadcrumb\":{\"@id\":\"https:\\\/\\\/www.globaware.com\\\/es\\\/traduccion-marketing-web\\\/#breadcrumb\"},\"inLanguage\":\"es\",\"potentialAction\":[{\"@type\":\"ReadAction\",\"target\":[\"https:\\\/\\\/www.globaware.com\\\/es\\\/traduccion-marketing-web\\\/\"]}]},{\"@type\":\"ImageObject\",\"inLanguage\":\"es\",\"@id\":\"https:\\\/\\\/www.globaware.com\\\/es\\\/traduccion-marketing-web\\\/#primaryimage\",\"url\":\"https:\\\/\\\/www.globaware.com\\\/wp-content\\\/uploads\\\/2021\\\/09\\\/traduction-marketing.jpg\",\"contentUrl\":\"https:\\\/\\\/www.globaware.com\\\/wp-content\\\/uploads\\\/2021\\\/09\\\/traduction-marketing.jpg\"},{\"@type\":\"BreadcrumbList\",\"@id\":\"https:\\\/\\\/www.globaware.com\\\/es\\\/traduccion-marketing-web\\\/#breadcrumb\",\"itemListElement\":[{\"@type\":\"ListItem\",\"position\":1,\"name\":\"Portada\",\"item\":\"https:\\\/\\\/www.globaware.com\\\/es\\\/\"},{\"@type\":\"ListItem\",\"position\":2,\"name\":\"Traducci\u00f3n marketing-Web\"}]},{\"@type\":\"WebSite\",\"@id\":\"https:\\\/\\\/www.globaware.com\\\/#website\",\"url\":\"https:\\\/\\\/www.globaware.com\\\/\",\"name\":\"\",\"description\":\"\",\"potentialAction\":[{\"@type\":\"SearchAction\",\"target\":{\"@type\":\"EntryPoint\",\"urlTemplate\":\"https:\\\/\\\/www.globaware.com\\\/?s={search_term_string}\"},\"query-input\":{\"@type\":\"PropertyValueSpecification\",\"valueRequired\":true,\"valueName\":\"search_term_string\"}}],\"inLanguage\":\"es\"}]}<\/script>\n<!-- \/ Yoast SEO plugin. -->","yoast_head_json":{"title":"Traducci\u00f3n marketing-Web -","description":"Globaware ofrece servicios de marketing y traducci\u00f3n web, localizaci\u00f3n personalizada y autoedici\u00f3n para ayudarle a conquistar el mundo.","robots":{"index":"index","follow":"follow","max-snippet":"max-snippet:-1","max-image-preview":"max-image-preview:large","max-video-preview":"max-video-preview:-1"},"canonical":"https:\/\/www.globaware.com\/es\/traduccion-marketing-web\/","og_locale":"es_ES","og_type":"article","og_title":"Traducci\u00f3n marketing-Web -","og_description":"Globaware ofrece servicios de marketing y traducci\u00f3n web, localizaci\u00f3n personalizada y autoedici\u00f3n para ayudarle a conquistar el mundo.","og_url":"https:\/\/www.globaware.com\/es\/traduccion-marketing-web\/","article_modified_time":"2021-10-15T15:34:00+00:00","og_image":[{"url":"https:\/\/www.globaware.com\/wp-content\/uploads\/2021\/09\/traduction-marketing.jpg","type":"","width":"","height":""}],"twitter_misc":{"Tiempo de lectura":"2 minutos"},"schema":{"@context":"https:\/\/schema.org","@graph":[{"@type":"WebPage","@id":"https:\/\/www.globaware.com\/es\/traduccion-marketing-web\/","url":"https:\/\/www.globaware.com\/es\/traduccion-marketing-web\/","name":"Traducci\u00f3n marketing-Web -","isPartOf":{"@id":"https:\/\/www.globaware.com\/#website"},"primaryImageOfPage":{"@id":"https:\/\/www.globaware.com\/es\/traduccion-marketing-web\/#primaryimage"},"image":{"@id":"https:\/\/www.globaware.com\/es\/traduccion-marketing-web\/#primaryimage"},"thumbnailUrl":"https:\/\/www.globaware.com\/wp-content\/uploads\/2021\/09\/traduction-marketing.jpg","datePublished":"2021-10-10T11:14:11+00:00","dateModified":"2021-10-15T15:34:00+00:00","description":"Globaware ofrece servicios de marketing y traducci\u00f3n web, localizaci\u00f3n personalizada y autoedici\u00f3n para ayudarle a conquistar el mundo.","breadcrumb":{"@id":"https:\/\/www.globaware.com\/es\/traduccion-marketing-web\/#breadcrumb"},"inLanguage":"es","potentialAction":[{"@type":"ReadAction","target":["https:\/\/www.globaware.com\/es\/traduccion-marketing-web\/"]}]},{"@type":"ImageObject","inLanguage":"es","@id":"https:\/\/www.globaware.com\/es\/traduccion-marketing-web\/#primaryimage","url":"https:\/\/www.globaware.com\/wp-content\/uploads\/2021\/09\/traduction-marketing.jpg","contentUrl":"https:\/\/www.globaware.com\/wp-content\/uploads\/2021\/09\/traduction-marketing.jpg"},{"@type":"BreadcrumbList","@id":"https:\/\/www.globaware.com\/es\/traduccion-marketing-web\/#breadcrumb","itemListElement":[{"@type":"ListItem","position":1,"name":"Portada","item":"https:\/\/www.globaware.com\/es\/"},{"@type":"ListItem","position":2,"name":"Traducci\u00f3n marketing-Web"}]},{"@type":"WebSite","@id":"https:\/\/www.globaware.com\/#website","url":"https:\/\/www.globaware.com\/","name":"","description":"","potentialAction":[{"@type":"SearchAction","target":{"@type":"EntryPoint","urlTemplate":"https:\/\/www.globaware.com\/?s={search_term_string}"},"query-input":{"@type":"PropertyValueSpecification","valueRequired":true,"valueName":"search_term_string"}}],"inLanguage":"es"}]}},"_links":{"self":[{"href":"https:\/\/www.globaware.com\/es\/wp-json\/wp\/v2\/pages\/6699","targetHints":{"allow":["GET"]}}],"collection":[{"href":"https:\/\/www.globaware.com\/es\/wp-json\/wp\/v2\/pages"}],"about":[{"href":"https:\/\/www.globaware.com\/es\/wp-json\/wp\/v2\/types\/page"}],"author":[{"embeddable":true,"href":"https:\/\/www.globaware.com\/es\/wp-json\/wp\/v2\/users\/4"}],"replies":[{"embeddable":true,"href":"https:\/\/www.globaware.com\/es\/wp-json\/wp\/v2\/comments?post=6699"}],"version-history":[{"count":0,"href":"https:\/\/www.globaware.com\/es\/wp-json\/wp\/v2\/pages\/6699\/revisions"}],"wp:attachment":[{"href":"https:\/\/www.globaware.com\/es\/wp-json\/wp\/v2\/media?parent=6699"}],"curies":[{"name":"wp","href":"https:\/\/api.w.org\/{rel}","templated":true}]}}