{"id":6680,"date":"2021-10-10T11:09:20","date_gmt":"2021-10-10T10:09:20","guid":{"rendered":"https:\/\/www.globaware.com\/traduccion-informatica\/"},"modified":"2021-10-15T16:31:53","modified_gmt":"2021-10-15T15:31:53","slug":"traduccion-informatica","status":"publish","type":"page","link":"https:\/\/www.globaware.com\/es\/traduccion-informatica\/","title":{"rendered":"Traducci\u00f3n inform\u00e1tica"},"content":{"rendered":"\n<div class=\"wp-block-cover\" style=\"min-height:250px;aspect-ratio:unset;\"><img loading=\"lazy\" decoding=\"async\" width=\"640\" height=\"360\" class=\"wp-block-cover__image-background wp-image-6966\" alt=\"\" src=\"https:\/\/www.globaware.com\/wp-content\/uploads\/2021\/10\/traductioninformatique.jpg\" data-object-fit=\"cover\" srcset=\"https:\/\/www.globaware.com\/wp-content\/uploads\/2021\/10\/traductioninformatique.jpg 640w, https:\/\/www.globaware.com\/wp-content\/uploads\/2021\/10\/traductioninformatique-300x169.jpg 300w, https:\/\/www.globaware.com\/wp-content\/uploads\/2021\/10\/traductioninformatique-600x338.jpg 600w\" sizes=\"auto, (max-width: 640px) 100vw, 640px\" \/><div class=\"wp-block-cover__inner-container is-layout-flow wp-block-cover-is-layout-flow\">\n<p class=\"has-text-align-center has-large-font-size\"><\/p>\n<\/div><\/div>\n\n<div style=\"height:14px\" aria-hidden=\"true\" class=\"wp-block-spacer\"><\/div>\n\n<h2 class=\"has-text-align-center has-text-color has-large-font-size wp-block-heading\" style=\"color:#009475\">Traducci\u00f3n inform\u00e1tica<\/h2>\n\n<div class=\"wp-block-columns is-layout-flex wp-container-core-columns-is-layout-9d6595d7 wp-block-columns-is-layout-flex\">\n<div class=\"wp-block-column has-background cnvs-block-core-column-1633362111239 is-layout-flow wp-block-column-is-layout-flow\" style=\"background-color:#eccbb5\">\n<div class=\"wp-block-image cnvs-block-core-image-1633368538667\"><figure class=\"aligncenter size-full\"><a href=\"#\"><img loading=\"lazy\" decoding=\"async\" width=\"50\" height=\"50\" src=\"https:\/\/www.globaware.com\/wp-content\/uploads\/2021\/10\/traduction-informatique2.png\" alt=\"Traducci&#xF3;n inform&#xE1;tica icono del ordenador\" class=\"wp-image-5881\"\/><\/a><\/figure><\/div>\n\n\n\n<h2 class=\"has-text-align-center cnvs-block-core-heading-1633362385028 wp-block-heading\" style=\"font-size:32px\">TRADUCIR PARA MEJORAR LA USABILIDAD DE LOS SISTEMAS<\/h2>\n\n\n\n<p class=\"has-text-align-center cnvs-block-core-paragraph-1633425441227\">Trabajar en el sector de la inform\u00e1tica y las telecomunicaciones significa enfrentarse constantemente a nuevos retos. La presencia en la nube, la ciberseguridad y la evoluci\u00f3n de las leyes de protecci\u00f3n de datos est\u00e1n impulsando los principales cambios del momento. Dado que las TI est\u00e1n destinadas a mejorar la vida de las personas conectadas, la traducci\u00f3n o localizaci\u00f3n favorece su adopci\u00f3n por el mayor n\u00famero de personas.<\/p>\n\n\n\n<p class=\"has-text-align-center cnvs-block-core-paragraph-1633425441234\">Ya sea editor, desarrollador, fabricante, operador o gestor de los sistemas de informaci\u00f3n de su empresa, elija una agencia de traducci\u00f3n profesional. <\/p>\n<\/div>\n\n\n\n<div class=\"wp-block-column cnvs-block-core-column-1633362111244 is-layout-flow wp-block-column-is-layout-flow\">\n<h2 class=\"has-text-align-center has-luminous-vivid-orange-color has-text-color cnvs-block-core-heading-1633362525354 wp-block-heading\" style=\"font-size:32px\">AGENCIA DE TRADUCCI\u00d3N TI GLOBAWARE<\/h2>\n\n\n\n<p class=\"has-text-align-center has-text-color cnvs-block-core-paragraph-1633362625259\" style=\"color:#ec853c\">Al elegir Globaware, conf\u00eda su trabajo a personas<strong>apasionadas por la traducci\u00f3n y la inform\u00e1tica.<\/strong> Somos inflexibles en nuestra selecci\u00f3n de traductores. En particular, deben estar familiarizados con la terminolog\u00eda inform\u00e1tica, los programas y las normas inform\u00e1ticas. Tambi\u00e9n deben tener un<strong>buen conocimiento de la terminolog\u00eda inglesa<\/strong>, omnipresente en este sector. Tambi\u00e9n se ofrece <strong>un servicio de localizaci\u00f3n<\/strong> para adaptar su software o programas inform\u00e1ticos a las especificidades ling\u00fc\u00edsticas, culturales y t\u00e9cnicas del pa\u00eds de destino.<\/p>\n<\/div>\n<\/div>\n\n<div class=\"wp-block-columns is-layout-flex wp-container-core-columns-is-layout-9d6595d7 wp-block-columns-is-layout-flex\">\n<div class=\"wp-block-column has-background cnvs-block-core-column-1633363547625 is-layout-flow wp-block-column-is-layout-flow\" style=\"background-color:#b4e8c9\">\n<h2 class=\"has-text-align-center cnvs-block-core-heading-1633363938206 wp-block-heading\" style=\"font-size:32px\">CONF\u00cdE SUS TRADUCCIONES INFORM\u00c1TICAS A GLOBAWARE<\/h2>\n\n\n\n<p class=\"has-text-align-center cnvs-block-core-paragraph-1633363994584\"> En primer lugar, la agencia de traducci\u00f3n de TI de Globaware est\u00e1 en constante evoluci\u00f3n para <strong>mantenerse al d\u00eda con los cambios r\u00e1pidos<\/strong> y regulares en el mundo de la TI. Pero esta no es su \u00fanica baza. Realiza una <strong>rigurosa selecci\u00f3n de expertos<\/strong> y ofrece un<strong>servicio de localizaci\u00f3n.<\/strong> Para sus proyectos m\u00e1s complejos, un gestor de proyectos coordina la misi\u00f3n para que el resultado final sea relevante y se respeten los plazos. La comunicaci\u00f3n es omnipresente en todo el proceso de gesti\u00f3n de proyectos. Las personas que participan en la traducci\u00f3n de TI est\u00e1n permanentemente conectadas a <strong>una plataforma de alto rendimiento<\/strong>. Sus equipos tambi\u00e9n pueden estar conectados a \u00e9l. Globaware aporta relevancia y eficacia a su trabajo de traducci\u00f3n de TI.<\/p>\n\n\n\n<p class=\"has-text-align-center cnvs-block-core-paragraph-1633426533912\"><\/p>\n<\/div>\n<\/div>\n\n<div class=\"wp-block-columns is-layout-flex wp-container-core-columns-is-layout-9d6595d7 wp-block-columns-is-layout-flex\">\n<div class=\"wp-block-column cnvs-block-core-column-1633364537068 is-layout-flow wp-block-column-is-layout-flow\">\n<ul class=\"cnvs-block-core-list-1633365407377 wp-block-list\"><li>Software<\/li><li>CRM<\/li><li>Aplicaciones para m\u00f3viles<\/li><li>Procedimientos<\/li><li>Gu\u00edas de usuario<\/li><\/ul>\n<\/div>\n\n\n\n<div class=\"wp-block-column cnvs-block-core-column-1633364537075 is-layout-flow wp-block-column-is-layout-flow\">\n<ul class=\"cnvs-block-core-list-1633365969444 wp-block-list\"><li>Videojuegos<\/li><li>Mandato<\/li><li>Sitios web<\/li><li>Sistemas operativos y de telecomunicaciones<\/li><\/ul>\n<\/div>\n<\/div>\n","protected":false},"excerpt":{"rendered":"<p>Traducci\u00f3n inform\u00e1tica TRADUCIR PARA MEJORAR LA USABILIDAD DE LOS SISTEMAS Trabajar en el sector de la inform\u00e1tica y las telecomunicaciones significa enfrentarse constantemente a nuevos retos. La presencia en la nube, la ciberseguridad y la evoluci\u00f3n de las leyes de protecci\u00f3n de datos est\u00e1n impulsando los principales cambios del momento. Dado que las TI est\u00e1n [&hellip;]<\/p>\n","protected":false},"author":4,"featured_media":0,"parent":0,"menu_order":0,"comment_status":"closed","ping_status":"closed","template":"","meta":{"ocean_post_layout":"","ocean_both_sidebars_style":"","ocean_both_sidebars_content_width":0,"ocean_both_sidebars_sidebars_width":0,"ocean_sidebar":"0","ocean_second_sidebar":"0","ocean_disable_margins":"enable","ocean_add_body_class":"","ocean_shortcode_before_top_bar":"","ocean_shortcode_after_top_bar":"","ocean_shortcode_before_header":"","ocean_shortcode_after_header":"","ocean_has_shortcode":"","ocean_shortcode_after_title":"","ocean_shortcode_before_footer_widgets":"","ocean_shortcode_after_footer_widgets":"","ocean_shortcode_before_footer_bottom":"","ocean_shortcode_after_footer_bottom":"","ocean_display_top_bar":"default","ocean_display_header":"default","ocean_header_style":"","ocean_center_header_left_menu":"0","ocean_custom_header_template":"0","ocean_custom_logo":0,"ocean_custom_retina_logo":0,"ocean_custom_logo_max_width":0,"ocean_custom_logo_tablet_max_width":0,"ocean_custom_logo_mobile_max_width":0,"ocean_custom_logo_max_height":0,"ocean_custom_logo_tablet_max_height":0,"ocean_custom_logo_mobile_max_height":0,"ocean_header_custom_menu":"0","ocean_menu_typo_font_family":"0","ocean_menu_typo_font_subset":"","ocean_menu_typo_font_size":0,"ocean_menu_typo_font_size_tablet":0,"ocean_menu_typo_font_size_mobile":0,"ocean_menu_typo_font_size_unit":"px","ocean_menu_typo_font_weight":"","ocean_menu_typo_font_weight_tablet":"","ocean_menu_typo_font_weight_mobile":"","ocean_menu_typo_transform":"","ocean_menu_typo_transform_tablet":"","ocean_menu_typo_transform_mobile":"","ocean_menu_typo_line_height":0,"ocean_menu_typo_line_height_tablet":0,"ocean_menu_typo_line_height_mobile":0,"ocean_menu_typo_line_height_unit":"","ocean_menu_typo_spacing":0,"ocean_menu_typo_spacing_tablet":0,"ocean_menu_typo_spacing_mobile":0,"ocean_menu_typo_spacing_unit":"","ocean_menu_link_color":"","ocean_menu_link_color_hover":"","ocean_menu_link_color_active":"","ocean_menu_link_background":"","ocean_menu_link_hover_background":"","ocean_menu_link_active_background":"","ocean_menu_social_links_bg":"","ocean_menu_social_hover_links_bg":"","ocean_menu_social_links_color":"","ocean_menu_social_hover_links_color":"","ocean_disable_title":"default","ocean_disable_heading":"default","ocean_post_title":"","ocean_post_subheading":"","ocean_post_title_style":"","ocean_post_title_background_color":"","ocean_post_title_background":0,"ocean_post_title_bg_image_position":"","ocean_post_title_bg_image_attachment":"","ocean_post_title_bg_image_repeat":"","ocean_post_title_bg_image_size":"","ocean_post_title_height":0,"ocean_post_title_bg_overlay":0.5,"ocean_post_title_bg_overlay_color":"","ocean_disable_breadcrumbs":"default","ocean_breadcrumbs_color":"","ocean_breadcrumbs_separator_color":"","ocean_breadcrumbs_links_color":"","ocean_breadcrumbs_links_hover_color":"","ocean_display_footer_widgets":"default","ocean_display_footer_bottom":"default","ocean_custom_footer_template":"0","footnotes":""},"class_list":["post-6680","page","type-page","status-publish","hentry","entry","owp-thumbs-layout-horizontal","owp-btn-normal","owp-tabs-layout-horizontal","has-no-thumbnails","has-product-nav"],"yoast_head":"<!-- This site is optimized with the Yoast SEO plugin v27.5 - https:\/\/yoast.com\/product\/yoast-seo-wordpress\/ -->\n<title>Traducci\u00f3n inform\u00e1tica -<\/title>\n<meta name=\"description\" content=\"La agencia de traducci\u00f3n de TI de Globaware est\u00e1 en constante evoluci\u00f3n para mantenerse al d\u00eda con los cambios r\u00e1pidos y regulares en el mundo de la TI.\" \/>\n<meta name=\"robots\" content=\"index, follow, max-snippet:-1, max-image-preview:large, max-video-preview:-1\" \/>\n<link rel=\"canonical\" href=\"https:\/\/www.globaware.com\/es\/traduccion-informatica\/\" \/>\n<meta property=\"og:locale\" content=\"es_ES\" \/>\n<meta property=\"og:type\" content=\"article\" \/>\n<meta property=\"og:title\" content=\"Traducci\u00f3n inform\u00e1tica -\" \/>\n<meta property=\"og:description\" content=\"La agencia de traducci\u00f3n de TI de Globaware est\u00e1 en constante evoluci\u00f3n para mantenerse al d\u00eda con los cambios r\u00e1pidos y regulares en el mundo de la TI.\" \/>\n<meta property=\"og:url\" content=\"https:\/\/www.globaware.com\/es\/traduccion-informatica\/\" \/>\n<meta property=\"article:modified_time\" content=\"2021-10-15T15:31:53+00:00\" \/>\n<meta property=\"og:image\" content=\"https:\/\/www.globaware.com\/wp-content\/uploads\/2021\/10\/traductioninformatique.jpg\" \/>\n<meta name=\"twitter:label1\" content=\"Tiempo de lectura\" \/>\n\t<meta name=\"twitter:data1\" content=\"2 minutos\" \/>\n<script type=\"application\/ld+json\" class=\"yoast-schema-graph\">{\"@context\":\"https:\\\/\\\/schema.org\",\"@graph\":[{\"@type\":\"WebPage\",\"@id\":\"https:\\\/\\\/www.globaware.com\\\/es\\\/traduccion-informatica\\\/\",\"url\":\"https:\\\/\\\/www.globaware.com\\\/es\\\/traduccion-informatica\\\/\",\"name\":\"Traducci\u00f3n inform\u00e1tica -\",\"isPartOf\":{\"@id\":\"https:\\\/\\\/www.globaware.com\\\/#website\"},\"primaryImageOfPage\":{\"@id\":\"https:\\\/\\\/www.globaware.com\\\/es\\\/traduccion-informatica\\\/#primaryimage\"},\"image\":{\"@id\":\"https:\\\/\\\/www.globaware.com\\\/es\\\/traduccion-informatica\\\/#primaryimage\"},\"thumbnailUrl\":\"https:\\\/\\\/www.globaware.com\\\/wp-content\\\/uploads\\\/2021\\\/10\\\/traductioninformatique.jpg\",\"datePublished\":\"2021-10-10T10:09:20+00:00\",\"dateModified\":\"2021-10-15T15:31:53+00:00\",\"description\":\"La agencia de traducci\u00f3n de TI de Globaware est\u00e1 en constante evoluci\u00f3n para mantenerse al d\u00eda con los cambios r\u00e1pidos y regulares en el mundo de la TI.\",\"breadcrumb\":{\"@id\":\"https:\\\/\\\/www.globaware.com\\\/es\\\/traduccion-informatica\\\/#breadcrumb\"},\"inLanguage\":\"es\",\"potentialAction\":[{\"@type\":\"ReadAction\",\"target\":[\"https:\\\/\\\/www.globaware.com\\\/es\\\/traduccion-informatica\\\/\"]}]},{\"@type\":\"ImageObject\",\"inLanguage\":\"es\",\"@id\":\"https:\\\/\\\/www.globaware.com\\\/es\\\/traduccion-informatica\\\/#primaryimage\",\"url\":\"https:\\\/\\\/www.globaware.com\\\/wp-content\\\/uploads\\\/2021\\\/10\\\/traductioninformatique.jpg\",\"contentUrl\":\"https:\\\/\\\/www.globaware.com\\\/wp-content\\\/uploads\\\/2021\\\/10\\\/traductioninformatique.jpg\"},{\"@type\":\"BreadcrumbList\",\"@id\":\"https:\\\/\\\/www.globaware.com\\\/es\\\/traduccion-informatica\\\/#breadcrumb\",\"itemListElement\":[{\"@type\":\"ListItem\",\"position\":1,\"name\":\"Portada\",\"item\":\"https:\\\/\\\/www.globaware.com\\\/es\\\/\"},{\"@type\":\"ListItem\",\"position\":2,\"name\":\"Traducci\u00f3n inform\u00e1tica\"}]},{\"@type\":\"WebSite\",\"@id\":\"https:\\\/\\\/www.globaware.com\\\/#website\",\"url\":\"https:\\\/\\\/www.globaware.com\\\/\",\"name\":\"\",\"description\":\"\",\"potentialAction\":[{\"@type\":\"SearchAction\",\"target\":{\"@type\":\"EntryPoint\",\"urlTemplate\":\"https:\\\/\\\/www.globaware.com\\\/?s={search_term_string}\"},\"query-input\":{\"@type\":\"PropertyValueSpecification\",\"valueRequired\":true,\"valueName\":\"search_term_string\"}}],\"inLanguage\":\"es\"}]}<\/script>\n<!-- \/ Yoast SEO plugin. -->","yoast_head_json":{"title":"Traducci\u00f3n inform\u00e1tica -","description":"La agencia de traducci\u00f3n de TI de Globaware est\u00e1 en constante evoluci\u00f3n para mantenerse al d\u00eda con los cambios r\u00e1pidos y regulares en el mundo de la TI.","robots":{"index":"index","follow":"follow","max-snippet":"max-snippet:-1","max-image-preview":"max-image-preview:large","max-video-preview":"max-video-preview:-1"},"canonical":"https:\/\/www.globaware.com\/es\/traduccion-informatica\/","og_locale":"es_ES","og_type":"article","og_title":"Traducci\u00f3n inform\u00e1tica -","og_description":"La agencia de traducci\u00f3n de TI de Globaware est\u00e1 en constante evoluci\u00f3n para mantenerse al d\u00eda con los cambios r\u00e1pidos y regulares en el mundo de la TI.","og_url":"https:\/\/www.globaware.com\/es\/traduccion-informatica\/","article_modified_time":"2021-10-15T15:31:53+00:00","og_image":[{"url":"https:\/\/www.globaware.com\/wp-content\/uploads\/2021\/10\/traductioninformatique.jpg","type":"","width":"","height":""}],"twitter_misc":{"Tiempo de lectura":"2 minutos"},"schema":{"@context":"https:\/\/schema.org","@graph":[{"@type":"WebPage","@id":"https:\/\/www.globaware.com\/es\/traduccion-informatica\/","url":"https:\/\/www.globaware.com\/es\/traduccion-informatica\/","name":"Traducci\u00f3n inform\u00e1tica -","isPartOf":{"@id":"https:\/\/www.globaware.com\/#website"},"primaryImageOfPage":{"@id":"https:\/\/www.globaware.com\/es\/traduccion-informatica\/#primaryimage"},"image":{"@id":"https:\/\/www.globaware.com\/es\/traduccion-informatica\/#primaryimage"},"thumbnailUrl":"https:\/\/www.globaware.com\/wp-content\/uploads\/2021\/10\/traductioninformatique.jpg","datePublished":"2021-10-10T10:09:20+00:00","dateModified":"2021-10-15T15:31:53+00:00","description":"La agencia de traducci\u00f3n de TI de Globaware est\u00e1 en constante evoluci\u00f3n para mantenerse al d\u00eda con los cambios r\u00e1pidos y regulares en el mundo de la TI.","breadcrumb":{"@id":"https:\/\/www.globaware.com\/es\/traduccion-informatica\/#breadcrumb"},"inLanguage":"es","potentialAction":[{"@type":"ReadAction","target":["https:\/\/www.globaware.com\/es\/traduccion-informatica\/"]}]},{"@type":"ImageObject","inLanguage":"es","@id":"https:\/\/www.globaware.com\/es\/traduccion-informatica\/#primaryimage","url":"https:\/\/www.globaware.com\/wp-content\/uploads\/2021\/10\/traductioninformatique.jpg","contentUrl":"https:\/\/www.globaware.com\/wp-content\/uploads\/2021\/10\/traductioninformatique.jpg"},{"@type":"BreadcrumbList","@id":"https:\/\/www.globaware.com\/es\/traduccion-informatica\/#breadcrumb","itemListElement":[{"@type":"ListItem","position":1,"name":"Portada","item":"https:\/\/www.globaware.com\/es\/"},{"@type":"ListItem","position":2,"name":"Traducci\u00f3n inform\u00e1tica"}]},{"@type":"WebSite","@id":"https:\/\/www.globaware.com\/#website","url":"https:\/\/www.globaware.com\/","name":"","description":"","potentialAction":[{"@type":"SearchAction","target":{"@type":"EntryPoint","urlTemplate":"https:\/\/www.globaware.com\/?s={search_term_string}"},"query-input":{"@type":"PropertyValueSpecification","valueRequired":true,"valueName":"search_term_string"}}],"inLanguage":"es"}]}},"_links":{"self":[{"href":"https:\/\/www.globaware.com\/es\/wp-json\/wp\/v2\/pages\/6680","targetHints":{"allow":["GET"]}}],"collection":[{"href":"https:\/\/www.globaware.com\/es\/wp-json\/wp\/v2\/pages"}],"about":[{"href":"https:\/\/www.globaware.com\/es\/wp-json\/wp\/v2\/types\/page"}],"author":[{"embeddable":true,"href":"https:\/\/www.globaware.com\/es\/wp-json\/wp\/v2\/users\/4"}],"replies":[{"embeddable":true,"href":"https:\/\/www.globaware.com\/es\/wp-json\/wp\/v2\/comments?post=6680"}],"version-history":[{"count":0,"href":"https:\/\/www.globaware.com\/es\/wp-json\/wp\/v2\/pages\/6680\/revisions"}],"wp:attachment":[{"href":"https:\/\/www.globaware.com\/es\/wp-json\/wp\/v2\/media?parent=6680"}],"curies":[{"name":"wp","href":"https:\/\/api.w.org\/{rel}","templated":true}]}}