{"id":6672,"date":"2021-10-10T10:37:27","date_gmt":"2021-10-10T09:37:27","guid":{"rendered":"https:\/\/www.globaware.com\/traduccion-e-learning\/"},"modified":"2021-10-15T16:30:51","modified_gmt":"2021-10-15T15:30:51","slug":"traduccion-e-learning","status":"publish","type":"page","link":"https:\/\/www.globaware.com\/es\/traduccion-e-learning\/","title":{"rendered":"Traducci\u00f3n e-learning"},"content":{"rendered":"\n<div class=\"wp-block-cover\" style=\"min-height:250px;aspect-ratio:unset;\"><img loading=\"lazy\" decoding=\"async\" width=\"640\" height=\"426\" class=\"wp-block-cover__image-background wp-image-5218\" alt=\"\" src=\"https:\/\/www.globaware.com\/wp-content\/uploads\/2021\/09\/traduction-elearning.jpg\" data-object-fit=\"cover\" srcset=\"https:\/\/www.globaware.com\/wp-content\/uploads\/2021\/09\/traduction-elearning.jpg 640w, https:\/\/www.globaware.com\/wp-content\/uploads\/2021\/09\/traduction-elearning-300x200.jpg 300w, https:\/\/www.globaware.com\/wp-content\/uploads\/2021\/09\/traduction-elearning-600x399.jpg 600w\" sizes=\"auto, (max-width: 640px) 100vw, 640px\" \/><div class=\"wp-block-cover__inner-container is-layout-flow wp-block-cover-is-layout-flow\">\n<p class=\"has-text-align-center has-large-font-size\"><\/p>\n<\/div><\/div>\n\n<div style=\"height:14px\" aria-hidden=\"true\" class=\"wp-block-spacer\"><\/div>\n\n<h2 class=\"has-text-align-center has-text-color has-large-font-size wp-block-heading\" style=\"color:#009475\">Traducci\u00f3n e-learning<\/h2>\n\n<div class=\"wp-block-columns is-layout-flex wp-container-core-columns-is-layout-9d6595d7 wp-block-columns-is-layout-flex\">\n<div class=\"wp-block-column has-background cnvs-block-core-column-1633362111239 is-layout-flow wp-block-column-is-layout-flow\" style=\"background-color:#eccbb5\">\n<div class=\"wp-block-image cnvs-block-core-image-1633368538667\"><figure class=\"aligncenter size-full\"><a href=\"#\"><img loading=\"lazy\" decoding=\"async\" width=\"100\" height=\"100\" src=\"https:\/\/www.globaware.com\/wp-content\/uploads\/2021\/10\/traduction-e-learning.png\" alt=\"Traducci&#xF3;n de e-learning\" class=\"wp-image-5859\" srcset=\"https:\/\/www.globaware.com\/wp-content\/uploads\/2021\/10\/traduction-e-learning.png 100w, https:\/\/www.globaware.com\/wp-content\/uploads\/2021\/10\/traduction-e-learning-80x80.png 80w\" sizes=\"auto, (max-width: 100px) 100vw, 100px\" \/><\/a><\/figure><\/div>\n\n\n\n<h2 class=\"has-text-align-center cnvs-block-core-heading-1633362385028 wp-block-heading\" style=\"font-size:32px\">MEJORAR LA EXPERIENCIA DE LOS PARTICIPANTES<\/h2>\n\n\n\n<p class=\"has-text-align-center cnvs-block-core-paragraph-1633499709746\">La formaci\u00f3n a distancia ha crecido considerablemente desde que las editoriales han podido ofrecer soluciones basadas en la nube, que son m\u00e1s rentables para las empresas que la formaci\u00f3n presencial. Pero el uso del e-learning se ha disparado con la crisis sanitaria. Actualizar las competencias de los empleados o estudiantes mejora la competitividad de la organizaci\u00f3n y su imagen de marca. Sin embargo, estos programas de formaci\u00f3n deben ser accesibles y estar adaptados al p\u00fablico objetivo. Pero, cuando se trata de conquistar mercados extranjeros, la traducci\u00f3n profesional tiene sentido.<\/p>\n\n\n\n<p class=\"has-text-align-center cnvs-block-core-paragraph-1633499709752\">Si quiere distribuir sus programas de e-learning en otros pa\u00edses, necesita un socio fuerte y con experiencia. <\/p>\n<\/div>\n\n\n\n<div class=\"wp-block-column cnvs-block-core-column-1633362111244 is-layout-flow wp-block-column-is-layout-flow\">\n<h2 class=\"has-text-align-center has-luminous-vivid-orange-color has-text-color cnvs-block-core-heading-1633362525354 wp-block-heading\" style=\"font-size:32px\">AGENCIA DE TRADUCCI\u00d3N DE E-LEARNING GLOBAWARE<\/h2>\n\n\n\n<p class=\"has-text-align-center has-text-color cnvs-block-core-paragraph-1633362625259\" style=\"color:#ec853c\">Para traducir sus programas, necesita una agencia especializada capaz de traducir sus<strong>contenidos de e-learning<\/strong>en cualquier<strong>formato multimedia<\/strong>. Nuestra plataforma de comunicaci\u00f3n nos permite vincular a nuestros equipos y a nuestros clientes para optimizar los plazos y su satisfacci\u00f3n. Globaware es una agencia de traducci\u00f3n <strong>experta en formaci\u00f3n a distancia.<\/strong> Los traductores y expertos conocen tanto el mundo del e-learning como su negocio. Nos encargamos de la transcripci\u00f3n, el subtitulado, el doblaje o la locuci\u00f3n de sus v\u00eddeos y podcasts. <strong>Localizamos sus contenidos<\/strong>y gr\u00e1ficos, su plataforma y su material promocional. Tanto si ha elegido el e-learning cl\u00e1sico, el microaprendizaje, el aprendizaje m\u00f3vil o la gamificaci\u00f3n, nuestro t<strong>rabajo es preciso y profesional.<\/strong> En t\u00e9rminos m\u00e1s generales, nuestra vocaci\u00f3n es o<strong>ptimizar el uso de sus contenidos educativos<\/strong> en la lengua que usted elija y preservar su sentido y coherencia.<\/p>\n<\/div>\n<\/div>\n\n<div class=\"wp-block-columns is-layout-flex wp-container-core-columns-is-layout-9d6595d7 wp-block-columns-is-layout-flex\">\n<div class=\"wp-block-column has-background cnvs-block-core-column-1633363547625 is-layout-flow wp-block-column-is-layout-flow\" style=\"background-color:#b4e8c9\">\n<h2 class=\"has-text-align-center cnvs-block-core-heading-1633363938206 wp-block-heading\" style=\"font-size:32px\">\u00bfPOR QU\u00c9 RECURRIR A UNA AGENCIA ESPECIALIZADA COMO GLOBAWARE? <\/h2>\n\n\n\n<p class=\"has-text-align-center cnvs-block-core-paragraph-1633499920154\">Globaware hace que sus <strong>programas de e-learning destaquen.<\/strong> Los participantes sienten que este programa se ha <strong>desarrollado especialmente para ellos.<\/strong> De este modo, pueden aplicar la formaci\u00f3n m\u00e1s r\u00e1pidamente. Sea cual sea su necesidad, ya sea para aumentar su n\u00famero de socios o para implicar a sus equipos, la traducci\u00f3n profesional de sus materiales le garantiza <strong>un mayor rendimiento de la inversi\u00f3n.<\/strong> <\/p>\n<\/div>\n<\/div>\n\n<div class=\"wp-block-columns is-layout-flex wp-container-core-columns-is-layout-9d6595d7 wp-block-columns-is-layout-flex\">\n<div class=\"wp-block-column cnvs-block-core-column-1633435497568 is-layout-flow wp-block-column-is-layout-flow\">\n<ul class=\"cnvs-block-core-list-1633435497559 wp-block-list\"><li>Formaci\u00f3n para comerciales<\/li><li>E-learning para asistencia al cliente<\/li><li>Formaci\u00f3n t\u00e9cnica<\/li><li>Formaci\u00f3n cient\u00edfica<\/li><\/ul>\n<\/div>\n\n\n\n<div class=\"wp-block-column cnvs-block-core-column-1633435497583 is-layout-flow wp-block-column-is-layout-flow\">\n<ul class=\"cnvs-block-core-list-1633435497573 wp-block-list\"><li>Programas universitarios y de certificaci\u00f3n<\/li><li>Aprendizaje de software<\/li><li>E-learning para centros de formaci\u00f3n<\/li><li>Cursos de idiomas<\/li><\/ul>\n<\/div>\n<\/div>\n","protected":false},"excerpt":{"rendered":"<p>Traducci\u00f3n e-learning MEJORAR LA EXPERIENCIA DE LOS PARTICIPANTES La formaci\u00f3n a distancia ha crecido considerablemente desde que las editoriales han podido ofrecer soluciones basadas en la nube, que son m\u00e1s rentables para las empresas que la formaci\u00f3n presencial. Pero el uso del e-learning se ha disparado con la crisis sanitaria. Actualizar las competencias de los [&hellip;]<\/p>\n","protected":false},"author":4,"featured_media":0,"parent":0,"menu_order":0,"comment_status":"closed","ping_status":"closed","template":"","meta":{"ocean_post_layout":"","ocean_both_sidebars_style":"","ocean_both_sidebars_content_width":0,"ocean_both_sidebars_sidebars_width":0,"ocean_sidebar":"0","ocean_second_sidebar":"0","ocean_disable_margins":"enable","ocean_add_body_class":"","ocean_shortcode_before_top_bar":"","ocean_shortcode_after_top_bar":"","ocean_shortcode_before_header":"","ocean_shortcode_after_header":"","ocean_has_shortcode":"","ocean_shortcode_after_title":"","ocean_shortcode_before_footer_widgets":"","ocean_shortcode_after_footer_widgets":"","ocean_shortcode_before_footer_bottom":"","ocean_shortcode_after_footer_bottom":"","ocean_display_top_bar":"default","ocean_display_header":"default","ocean_header_style":"","ocean_center_header_left_menu":"0","ocean_custom_header_template":"0","ocean_custom_logo":0,"ocean_custom_retina_logo":0,"ocean_custom_logo_max_width":0,"ocean_custom_logo_tablet_max_width":0,"ocean_custom_logo_mobile_max_width":0,"ocean_custom_logo_max_height":0,"ocean_custom_logo_tablet_max_height":0,"ocean_custom_logo_mobile_max_height":0,"ocean_header_custom_menu":"0","ocean_menu_typo_font_family":"0","ocean_menu_typo_font_subset":"","ocean_menu_typo_font_size":0,"ocean_menu_typo_font_size_tablet":0,"ocean_menu_typo_font_size_mobile":0,"ocean_menu_typo_font_size_unit":"px","ocean_menu_typo_font_weight":"","ocean_menu_typo_font_weight_tablet":"","ocean_menu_typo_font_weight_mobile":"","ocean_menu_typo_transform":"","ocean_menu_typo_transform_tablet":"","ocean_menu_typo_transform_mobile":"","ocean_menu_typo_line_height":0,"ocean_menu_typo_line_height_tablet":0,"ocean_menu_typo_line_height_mobile":0,"ocean_menu_typo_line_height_unit":"","ocean_menu_typo_spacing":0,"ocean_menu_typo_spacing_tablet":0,"ocean_menu_typo_spacing_mobile":0,"ocean_menu_typo_spacing_unit":"","ocean_menu_link_color":"","ocean_menu_link_color_hover":"","ocean_menu_link_color_active":"","ocean_menu_link_background":"","ocean_menu_link_hover_background":"","ocean_menu_link_active_background":"","ocean_menu_social_links_bg":"","ocean_menu_social_hover_links_bg":"","ocean_menu_social_links_color":"","ocean_menu_social_hover_links_color":"","ocean_disable_title":"default","ocean_disable_heading":"default","ocean_post_title":"","ocean_post_subheading":"","ocean_post_title_style":"","ocean_post_title_background_color":"","ocean_post_title_background":0,"ocean_post_title_bg_image_position":"","ocean_post_title_bg_image_attachment":"","ocean_post_title_bg_image_repeat":"","ocean_post_title_bg_image_size":"","ocean_post_title_height":0,"ocean_post_title_bg_overlay":0.5,"ocean_post_title_bg_overlay_color":"","ocean_disable_breadcrumbs":"default","ocean_breadcrumbs_color":"","ocean_breadcrumbs_separator_color":"","ocean_breadcrumbs_links_color":"","ocean_breadcrumbs_links_hover_color":"","ocean_display_footer_widgets":"default","ocean_display_footer_bottom":"default","ocean_custom_footer_template":"0","footnotes":""},"class_list":["post-6672","page","type-page","status-publish","hentry","entry","owp-thumbs-layout-horizontal","owp-btn-normal","owp-tabs-layout-horizontal","has-no-thumbnails","has-product-nav"],"yoast_head":"<!-- This site is optimized with the Yoast SEO plugin v27.5 - https:\/\/yoast.com\/product\/yoast-seo-wordpress\/ -->\n<title>Traducci\u00f3n e-learning -<\/title>\n<meta name=\"description\" content=\"Globaware le proporciona una traducci\u00f3n fiable de e-learning y mejora sus programas. De este modo, los participantes tienen una mejor experiencia.\" \/>\n<meta name=\"robots\" content=\"index, follow, max-snippet:-1, max-image-preview:large, max-video-preview:-1\" \/>\n<link rel=\"canonical\" href=\"https:\/\/www.globaware.com\/es\/traduccion-e-learning\/\" \/>\n<meta property=\"og:locale\" content=\"es_ES\" \/>\n<meta property=\"og:type\" content=\"article\" \/>\n<meta property=\"og:title\" content=\"Traducci\u00f3n e-learning -\" \/>\n<meta property=\"og:description\" content=\"Globaware le proporciona una traducci\u00f3n fiable de e-learning y mejora sus programas. De este modo, los participantes tienen una mejor experiencia.\" \/>\n<meta property=\"og:url\" content=\"https:\/\/www.globaware.com\/es\/traduccion-e-learning\/\" \/>\n<meta property=\"article:modified_time\" content=\"2021-10-15T15:30:51+00:00\" \/>\n<meta property=\"og:image\" content=\"https:\/\/www.globaware.com\/wp-content\/uploads\/2021\/09\/traduction-elearning.jpg\" \/>\n<meta name=\"twitter:label1\" content=\"Tiempo de lectura\" \/>\n\t<meta name=\"twitter:data1\" content=\"2 minutos\" \/>\n<script type=\"application\/ld+json\" class=\"yoast-schema-graph\">{\"@context\":\"https:\\\/\\\/schema.org\",\"@graph\":[{\"@type\":\"WebPage\",\"@id\":\"https:\\\/\\\/www.globaware.com\\\/es\\\/traduccion-e-learning\\\/\",\"url\":\"https:\\\/\\\/www.globaware.com\\\/es\\\/traduccion-e-learning\\\/\",\"name\":\"Traducci\u00f3n e-learning -\",\"isPartOf\":{\"@id\":\"https:\\\/\\\/www.globaware.com\\\/#website\"},\"primaryImageOfPage\":{\"@id\":\"https:\\\/\\\/www.globaware.com\\\/es\\\/traduccion-e-learning\\\/#primaryimage\"},\"image\":{\"@id\":\"https:\\\/\\\/www.globaware.com\\\/es\\\/traduccion-e-learning\\\/#primaryimage\"},\"thumbnailUrl\":\"https:\\\/\\\/www.globaware.com\\\/wp-content\\\/uploads\\\/2021\\\/09\\\/traduction-elearning.jpg\",\"datePublished\":\"2021-10-10T09:37:27+00:00\",\"dateModified\":\"2021-10-15T15:30:51+00:00\",\"description\":\"Globaware le proporciona una traducci\u00f3n fiable de e-learning y mejora sus programas. De este modo, los participantes tienen una mejor experiencia.\",\"breadcrumb\":{\"@id\":\"https:\\\/\\\/www.globaware.com\\\/es\\\/traduccion-e-learning\\\/#breadcrumb\"},\"inLanguage\":\"es\",\"potentialAction\":[{\"@type\":\"ReadAction\",\"target\":[\"https:\\\/\\\/www.globaware.com\\\/es\\\/traduccion-e-learning\\\/\"]}]},{\"@type\":\"ImageObject\",\"inLanguage\":\"es\",\"@id\":\"https:\\\/\\\/www.globaware.com\\\/es\\\/traduccion-e-learning\\\/#primaryimage\",\"url\":\"https:\\\/\\\/www.globaware.com\\\/wp-content\\\/uploads\\\/2021\\\/09\\\/traduction-elearning.jpg\",\"contentUrl\":\"https:\\\/\\\/www.globaware.com\\\/wp-content\\\/uploads\\\/2021\\\/09\\\/traduction-elearning.jpg\"},{\"@type\":\"BreadcrumbList\",\"@id\":\"https:\\\/\\\/www.globaware.com\\\/es\\\/traduccion-e-learning\\\/#breadcrumb\",\"itemListElement\":[{\"@type\":\"ListItem\",\"position\":1,\"name\":\"Portada\",\"item\":\"https:\\\/\\\/www.globaware.com\\\/es\\\/\"},{\"@type\":\"ListItem\",\"position\":2,\"name\":\"Traducci\u00f3n e-learning\"}]},{\"@type\":\"WebSite\",\"@id\":\"https:\\\/\\\/www.globaware.com\\\/#website\",\"url\":\"https:\\\/\\\/www.globaware.com\\\/\",\"name\":\"\",\"description\":\"\",\"potentialAction\":[{\"@type\":\"SearchAction\",\"target\":{\"@type\":\"EntryPoint\",\"urlTemplate\":\"https:\\\/\\\/www.globaware.com\\\/?s={search_term_string}\"},\"query-input\":{\"@type\":\"PropertyValueSpecification\",\"valueRequired\":true,\"valueName\":\"search_term_string\"}}],\"inLanguage\":\"es\"}]}<\/script>\n<!-- \/ Yoast SEO plugin. -->","yoast_head_json":{"title":"Traducci\u00f3n e-learning -","description":"Globaware le proporciona una traducci\u00f3n fiable de e-learning y mejora sus programas. De este modo, los participantes tienen una mejor experiencia.","robots":{"index":"index","follow":"follow","max-snippet":"max-snippet:-1","max-image-preview":"max-image-preview:large","max-video-preview":"max-video-preview:-1"},"canonical":"https:\/\/www.globaware.com\/es\/traduccion-e-learning\/","og_locale":"es_ES","og_type":"article","og_title":"Traducci\u00f3n e-learning -","og_description":"Globaware le proporciona una traducci\u00f3n fiable de e-learning y mejora sus programas. De este modo, los participantes tienen una mejor experiencia.","og_url":"https:\/\/www.globaware.com\/es\/traduccion-e-learning\/","article_modified_time":"2021-10-15T15:30:51+00:00","og_image":[{"url":"https:\/\/www.globaware.com\/wp-content\/uploads\/2021\/09\/traduction-elearning.jpg","type":"","width":"","height":""}],"twitter_misc":{"Tiempo de lectura":"2 minutos"},"schema":{"@context":"https:\/\/schema.org","@graph":[{"@type":"WebPage","@id":"https:\/\/www.globaware.com\/es\/traduccion-e-learning\/","url":"https:\/\/www.globaware.com\/es\/traduccion-e-learning\/","name":"Traducci\u00f3n e-learning -","isPartOf":{"@id":"https:\/\/www.globaware.com\/#website"},"primaryImageOfPage":{"@id":"https:\/\/www.globaware.com\/es\/traduccion-e-learning\/#primaryimage"},"image":{"@id":"https:\/\/www.globaware.com\/es\/traduccion-e-learning\/#primaryimage"},"thumbnailUrl":"https:\/\/www.globaware.com\/wp-content\/uploads\/2021\/09\/traduction-elearning.jpg","datePublished":"2021-10-10T09:37:27+00:00","dateModified":"2021-10-15T15:30:51+00:00","description":"Globaware le proporciona una traducci\u00f3n fiable de e-learning y mejora sus programas. De este modo, los participantes tienen una mejor experiencia.","breadcrumb":{"@id":"https:\/\/www.globaware.com\/es\/traduccion-e-learning\/#breadcrumb"},"inLanguage":"es","potentialAction":[{"@type":"ReadAction","target":["https:\/\/www.globaware.com\/es\/traduccion-e-learning\/"]}]},{"@type":"ImageObject","inLanguage":"es","@id":"https:\/\/www.globaware.com\/es\/traduccion-e-learning\/#primaryimage","url":"https:\/\/www.globaware.com\/wp-content\/uploads\/2021\/09\/traduction-elearning.jpg","contentUrl":"https:\/\/www.globaware.com\/wp-content\/uploads\/2021\/09\/traduction-elearning.jpg"},{"@type":"BreadcrumbList","@id":"https:\/\/www.globaware.com\/es\/traduccion-e-learning\/#breadcrumb","itemListElement":[{"@type":"ListItem","position":1,"name":"Portada","item":"https:\/\/www.globaware.com\/es\/"},{"@type":"ListItem","position":2,"name":"Traducci\u00f3n e-learning"}]},{"@type":"WebSite","@id":"https:\/\/www.globaware.com\/#website","url":"https:\/\/www.globaware.com\/","name":"","description":"","potentialAction":[{"@type":"SearchAction","target":{"@type":"EntryPoint","urlTemplate":"https:\/\/www.globaware.com\/?s={search_term_string}"},"query-input":{"@type":"PropertyValueSpecification","valueRequired":true,"valueName":"search_term_string"}}],"inLanguage":"es"}]}},"_links":{"self":[{"href":"https:\/\/www.globaware.com\/es\/wp-json\/wp\/v2\/pages\/6672","targetHints":{"allow":["GET"]}}],"collection":[{"href":"https:\/\/www.globaware.com\/es\/wp-json\/wp\/v2\/pages"}],"about":[{"href":"https:\/\/www.globaware.com\/es\/wp-json\/wp\/v2\/types\/page"}],"author":[{"embeddable":true,"href":"https:\/\/www.globaware.com\/es\/wp-json\/wp\/v2\/users\/4"}],"replies":[{"embeddable":true,"href":"https:\/\/www.globaware.com\/es\/wp-json\/wp\/v2\/comments?post=6672"}],"version-history":[{"count":0,"href":"https:\/\/www.globaware.com\/es\/wp-json\/wp\/v2\/pages\/6672\/revisions"}],"wp:attachment":[{"href":"https:\/\/www.globaware.com\/es\/wp-json\/wp\/v2\/media?parent=6672"}],"curies":[{"name":"wp","href":"https:\/\/api.w.org\/{rel}","templated":true}]}}