{"id":3506,"date":"2021-08-12T11:10:22","date_gmt":"2021-08-12T10:10:22","guid":{"rendered":"https:\/\/www.globaware.com\/resumen\/"},"modified":"2024-12-11T10:30:10","modified_gmt":"2024-12-11T09:30:10","slug":"resumen","status":"publish","type":"page","link":"https:\/\/www.globaware.com\/es\/resumen\/","title":{"rendered":"Resumen"},"content":{"rendered":"\n<div id=\"section-g05c666\" class=\"wp-block-gutentor-e6 section-g05c666 gutentor-element gutentor-element-image text-align-center-desktop\"><div class=\"gutentor-element-image-box\"><div class=\"gutentor-image-thumb\"><img decoding=\"async\" class=\"normal-image\" src=\"https:\/\/www.globaware.com\/wp-content\/uploads\/2014\/10\/bandeau_client.jpg\"><\/div><\/div><\/div>\n\n<div style=\"height:14px\" aria-hidden=\"true\" class=\"wp-block-spacer\"><\/div>\n\n<h2 class=\"wp-block-heading has-text-align-center has-text-color has-large-font-size\" style=\"color:#736e6e\">Globaware, una agencia de traducci\u00f3n con experiencia<\/h2>\n\n<div style=\"height:14px\" aria-hidden=\"true\" class=\"wp-block-spacer\"><\/div>\n\n<p class=\"has-text-align-center cnvs-block-core-paragraph-1629209347430\">GlobaWare -una agencia de traducci\u00f3n con experiencia en globalizaci\u00f3n y localizaci\u00f3n- fue fundada en Francia en 1999 por antiguos miembros de Compaq Computer. En enero de 2015 Un bureau GlobaWare vient s\u2019ajouter au Groupe en janvier 2015 \u00e0 Barcelone, en Espagne. <strong>Certifi\u00e9e ISO 9001<\/strong>, l\u2019entreprise s\u2019appuie sur son expertise et son vaste r\u00e9seau pour proposer de nombreux services linguistiques.<\/p>\n\n<div class=\"wp-block-columns cnvs-block-core-columns-1632907191567 is-layout-flex wp-container-core-columns-is-layout-9d6595d7 wp-block-columns-is-layout-flex\">\n<div class=\"wp-block-column has-black-color has-text-color has-background cnvs-block-core-column-1632907193709 is-layout-flow wp-block-column-is-layout-flow\" style=\"background-color:#bcc8d1\">\n<p class=\"has-text-align-center\"><\/p>\n\n\n<div class=\"wp-block-image\">\n<figure class=\"aligncenter size-full\"><a href=\"gutentor\/e6\"><img loading=\"lazy\" decoding=\"async\" width=\"90\" height=\"90\" src=\"https:\/\/www.globaware.com\/wp-content\/uploads\/2021\/09\/team-1.png\" alt=\"incone para equipo de traductores experimentados\" class=\"wp-image-5463\" srcset=\"https:\/\/www.globaware.com\/wp-content\/uploads\/2021\/09\/team-1.png 90w, https:\/\/www.globaware.com\/wp-content\/uploads\/2021\/09\/team-1-80x80.png 80w\" sizes=\"auto, (max-width: 90px) 100vw, 90px\" \/><\/a><\/figure><\/div>\n\n\n<p><\/p>\n\n\n\n<h2 class=\"wp-block-heading has-text-align-center has-black-color has-text-color\" style=\"font-size:32px\">EQUIPO<\/h2>\n\n\n\n<p class=\"has-text-align-center cnvs-block-core-paragraph-1632907306949\">En general, la calidad no se puede improvisar, hay que construirla y controlarla. En GlobaWare, una agencia de traducci\u00f3n y localizaci\u00f3n, se basa ante todo en una organizaci\u00f3n \u00e1gil y flexible. Nos basamos en procesos probados y documentados y en un equipo de traducci\u00f3n experimentado. Adem\u00e1s, los criterios para su selecci\u00f3n son rigurosos<\/p>\n\n\n\n<p class=\"has-text-align-center cnvs-block-core-paragraph-1632907396810\">En primer lugar, tanto si trabajan por cuenta ajena como por cuenta propia, todos los actores de GlobaWare trabajan en su lengua materna. En segundo lugar, todos son licenciados y tienen entre 3 y 10 a\u00f1os de experiencia en su campo. Luego tienen que pasar la fase preparatoria de un proyecto piloto para ser seleccionados. Adem\u00e1s, todos comparten el gusto por el trabajo bien hecho. <\/p>\n\n\n\n<p class=\"has-text-align-center cnvs-block-core-paragraph-1632909911430\">Despu\u00e9s, un equipo interno los supervisa y controla (entrevistas individuales anuales, verificaci\u00f3n continua de su trabajo, plan de formaci\u00f3n a medida, etc.). En cualquier caso, los gestores de proyectos elegidos para llevar a cabo su trabajo siguen siendo su referencia durante toda la ejecuci\u00f3n.<\/p>\n<\/div>\n<\/div>\n\n<div class=\"wp-block-columns is-layout-flex wp-container-core-columns-is-layout-9d6595d7 wp-block-columns-is-layout-flex\">\n<div class=\"wp-block-column is-layout-flow wp-block-column-is-layout-flow\" style=\"flex-basis:100%\">\n<div class=\"wp-block-columns cnvs-block-core-columns-1629212789260 is-layout-flex wp-container-core-columns-is-layout-9d6595d7 wp-block-columns-is-layout-flex\">\n<div class=\"wp-block-column has-black-color has-text-color has-background cnvs-block-core-column-1629212795609 is-layout-flow wp-block-column-is-layout-flow\" style=\"background-color:#ecdf9e\"><div class=\"wp-block-image\">\n<figure class=\"aligncenter size-full\"><a href=\"gutentor\/e6\"><img loading=\"lazy\" decoding=\"async\" width=\"64\" height=\"64\" src=\"https:\/\/www.globaware.com\/wp-content\/uploads\/2021\/08\/icons8-connaissance-client-64.png\" alt=\"\" class=\"wp-image-3803\"\/><\/a><\/figure><\/div>\n\n\n<h2 class=\"wp-block-heading has-text-align-center cnvs-block-core-heading-1629270283658\" style=\"font-size:32px\">Respuesta personalizada <\/h2>\n\n\n\n<p class=\"has-text-align-center has-black-color has-text-color cnvs-block-core-paragraph-1629212926699\"> Desde su creaci\u00f3n, GlobaWare ha desarrollado<strong>servicios y soluciones ling\u00fc\u00edsticas<\/strong> para satisfacer las necesidades espec\u00edficas de<a href=\"https:\/\/www.globaware.com\/clients\/general-electric\/\">cada una de sus numerosas empresas clientes<\/a>. Como verdadero socio de nuestros clientes, promovemos sus productos\/servicios en los mercados mundiales. As\u00ed,<br\/><strong>GlobaWare se adapta y ofrece respuestas personalizadas a los h\u00e1bitos de trabajo de cada organizaci\u00f3n.<\/strong>  <\/p>\n<\/div>\n\n\n\n<div class=\"wp-block-column has-black-color has-text-color has-background cnvs-block-core-column-1629212795619 is-layout-flow wp-block-column-is-layout-flow\" style=\"background-color:#e9d4e8\"><div class=\"wp-block-image\">\n<figure class=\"aligncenter size-full\"><a href=\"gutentor\/e6\"><img loading=\"lazy\" decoding=\"async\" width=\"64\" height=\"64\" src=\"https:\/\/www.globaware.com\/wp-content\/uploads\/2021\/08\/icons8-innovation-64.png\" alt=\"\" class=\"wp-image-3807\"\/><\/a><\/figure><\/div>\n\n\n<h2 class=\"wp-block-heading has-text-align-center\" style=\"font-size:32px\">Experiencia de Globaware<\/h2>\n\n\n\n<p class=\"has-text-align-center is-style-default cnvs-block-core-paragraph-1629213892523\"> Bas\u00e1ndose en procesos internos probados y en un equipo experimentado y comprometido, Globaware garantiza la calidad del servicio prestado. Asimismo, al utilizar las herramientas ling\u00fc\u00edsticas m\u00e1s modernas, le permitimos <strong>optimizar su tiempo, sus recursos y su presupuesto.<\/strong> <\/p>\n<\/div>\n<\/div>\n<\/div>\n<\/div>\n\n<div class=\"wp-block-columns is-layout-flex wp-container-core-columns-is-layout-9d6595d7 wp-block-columns-is-layout-flex\">\n<div class=\"wp-block-column has-black-color has-text-color has-background cnvs-block-core-column-1629209650498 is-layout-flow wp-block-column-is-layout-flow\" style=\"background-color:#c5f1ea;flex-basis:100%\"><div class=\"wp-block-image\">\n<figure class=\"aligncenter size-full cnvs-block-core-image-1629213398972\"><a href=\"gutentor\/e6\"><img loading=\"lazy\" decoding=\"async\" width=\"64\" height=\"64\" src=\"https:\/\/www.globaware.com\/wp-content\/uploads\/2021\/08\/icons8-gestion-des-clients-64-1.png\" alt=\"\" class=\"wp-image-3756\"\/><\/a><\/figure><\/div>\n\n\n<h2 class=\"wp-block-heading has-text-align-center is-style-default cnvs-block-core-heading-1629209999430\" style=\"font-size:32px\"><strong>Activos desarrollados para usted&#8230;<\/strong> <\/h2>\n\n\n\n<p><\/p>\n\n\n\n<p><\/p>\n\n\n\n<p class=\"has-text-align-center has-normal-font-size cnvs-block-core-paragraph-1629210073900\">Unirse a Globaware, significa eligir :<\/p>\n\n\n\n<ul class=\"wp-block-list\">\n<li><strong>Reactividad:<\/strong> Globaware se compromete a enviarle un presupuesto preciso, personalizado y puntual.<\/li>\n\n\n\n<li><strong>Calidad:<\/strong>Le ofrecemos traductores profesionales, experimentados y especializados que<br\/><a href=\"https:\/\/www.globaware.com\/es\/resumen\/equipe-2\/\">trabajan en su lengua materna.<\/a><\/li>\n\n\n\n<li><strong>Confidencialidad:<\/strong>Almacenamos sus datos en un servidor seguro, segmentando la informaci\u00f3n de los documentos sensibles. Actuamos de conformidad con nuestro acuerdo de confidencialidad.<\/li>\n<\/ul>\n<\/div>\n<\/div>\n","protected":false},"excerpt":{"rendered":"<p>Globaware, una agencia de traducci\u00f3n con experiencia GlobaWare -una agencia de traducci\u00f3n con experiencia en globalizaci\u00f3n y localizaci\u00f3n- fue fundada en Francia en 1999 por antiguos miembros de Compaq Computer. En enero de 2015 Un bureau GlobaWare vient s\u2019ajouter au Groupe en janvier 2015 \u00e0 Barcelone, en Espagne. Certifi\u00e9e ISO 9001, l\u2019entreprise s\u2019appuie sur son [&hellip;]<\/p>\n","protected":false},"author":4,"featured_media":2093,"parent":0,"menu_order":0,"comment_status":"closed","ping_status":"closed","template":"","meta":{"ocean_post_layout":"","ocean_both_sidebars_style":"","ocean_both_sidebars_content_width":0,"ocean_both_sidebars_sidebars_width":0,"ocean_sidebar":"0","ocean_second_sidebar":"0","ocean_disable_margins":"enable","ocean_add_body_class":"","ocean_shortcode_before_top_bar":"","ocean_shortcode_after_top_bar":"","ocean_shortcode_before_header":"","ocean_shortcode_after_header":"","ocean_has_shortcode":"","ocean_shortcode_after_title":"","ocean_shortcode_before_footer_widgets":"","ocean_shortcode_after_footer_widgets":"","ocean_shortcode_before_footer_bottom":"","ocean_shortcode_after_footer_bottom":"","ocean_display_top_bar":"default","ocean_display_header":"default","ocean_header_style":"","ocean_center_header_left_menu":"0","ocean_custom_header_template":"0","ocean_custom_logo":0,"ocean_custom_retina_logo":0,"ocean_custom_logo_max_width":0,"ocean_custom_logo_tablet_max_width":0,"ocean_custom_logo_mobile_max_width":0,"ocean_custom_logo_max_height":0,"ocean_custom_logo_tablet_max_height":0,"ocean_custom_logo_mobile_max_height":0,"ocean_header_custom_menu":"0","ocean_menu_typo_font_family":"0","ocean_menu_typo_font_subset":"","ocean_menu_typo_font_size":0,"ocean_menu_typo_font_size_tablet":0,"ocean_menu_typo_font_size_mobile":0,"ocean_menu_typo_font_size_unit":"px","ocean_menu_typo_font_weight":"","ocean_menu_typo_font_weight_tablet":"","ocean_menu_typo_font_weight_mobile":"","ocean_menu_typo_transform":"","ocean_menu_typo_transform_tablet":"","ocean_menu_typo_transform_mobile":"","ocean_menu_typo_line_height":0,"ocean_menu_typo_line_height_tablet":0,"ocean_menu_typo_line_height_mobile":0,"ocean_menu_typo_line_height_unit":"","ocean_menu_typo_spacing":0,"ocean_menu_typo_spacing_tablet":0,"ocean_menu_typo_spacing_mobile":0,"ocean_menu_typo_spacing_unit":"","ocean_menu_link_color":"","ocean_menu_link_color_hover":"","ocean_menu_link_color_active":"","ocean_menu_link_background":"","ocean_menu_link_hover_background":"","ocean_menu_link_active_background":"","ocean_menu_social_links_bg":"","ocean_menu_social_hover_links_bg":"","ocean_menu_social_links_color":"","ocean_menu_social_hover_links_color":"","ocean_disable_title":"default","ocean_disable_heading":"default","ocean_post_title":"","ocean_post_subheading":"","ocean_post_title_style":"","ocean_post_title_background_color":"","ocean_post_title_background":0,"ocean_post_title_bg_image_position":"","ocean_post_title_bg_image_attachment":"","ocean_post_title_bg_image_repeat":"","ocean_post_title_bg_image_size":"","ocean_post_title_height":0,"ocean_post_title_bg_overlay":0.5,"ocean_post_title_bg_overlay_color":"","ocean_disable_breadcrumbs":"default","ocean_breadcrumbs_color":"","ocean_breadcrumbs_separator_color":"","ocean_breadcrumbs_links_color":"","ocean_breadcrumbs_links_hover_color":"","ocean_display_footer_widgets":"default","ocean_display_footer_bottom":"default","ocean_custom_footer_template":"0","footnotes":""},"class_list":["post-3506","page","type-page","status-publish","has-post-thumbnail","hentry","entry","has-media","owp-thumbs-layout-horizontal","owp-btn-normal","owp-tabs-layout-horizontal","has-no-thumbnails","has-product-nav"],"yoast_head":"<!-- This site is optimized with the Yoast SEO plugin v27.5 - https:\/\/yoast.com\/product\/yoast-seo-wordpress\/ -->\n<title>Resumen -<\/title>\n<meta name=\"description\" content=\"GlobaWare, una agencia de traducci\u00f3n con experiencia, reduce la curva de aprendizaje y garantiza la calidad del servicio prestado.\" \/>\n<meta name=\"robots\" content=\"index, follow, max-snippet:-1, max-image-preview:large, max-video-preview:-1\" \/>\n<link rel=\"canonical\" href=\"https:\/\/www.globaware.com\/es\/resumen\/\" \/>\n<meta property=\"og:locale\" content=\"es_ES\" \/>\n<meta property=\"og:type\" content=\"article\" \/>\n<meta property=\"og:title\" content=\"Resumen -\" \/>\n<meta property=\"og:description\" content=\"GlobaWare, una agencia de traducci\u00f3n con experiencia, reduce la curva de aprendizaje y garantiza la calidad del servicio prestado.\" \/>\n<meta property=\"og:url\" content=\"https:\/\/www.globaware.com\/es\/resumen\/\" \/>\n<meta property=\"article:modified_time\" content=\"2024-12-11T09:30:10+00:00\" \/>\n<meta property=\"og:image\" content=\"https:\/\/www.globaware.com\/wp-content\/uploads\/2014\/10\/bandeau_apercu.jpg\" \/>\n\t<meta property=\"og:image:width\" content=\"1050\" \/>\n\t<meta property=\"og:image:height\" content=\"265\" \/>\n\t<meta property=\"og:image:type\" content=\"image\/jpeg\" \/>\n<meta name=\"twitter:label1\" content=\"Tiempo de lectura\" \/>\n\t<meta name=\"twitter:data1\" content=\"3 minutos\" \/>\n<script type=\"application\/ld+json\" class=\"yoast-schema-graph\">{\"@context\":\"https:\\\/\\\/schema.org\",\"@graph\":[{\"@type\":\"WebPage\",\"@id\":\"https:\\\/\\\/www.globaware.com\\\/es\\\/resumen\\\/\",\"url\":\"https:\\\/\\\/www.globaware.com\\\/es\\\/resumen\\\/\",\"name\":\"Resumen -\",\"isPartOf\":{\"@id\":\"https:\\\/\\\/www.globaware.com\\\/#website\"},\"primaryImageOfPage\":{\"@id\":\"https:\\\/\\\/www.globaware.com\\\/es\\\/resumen\\\/#primaryimage\"},\"image\":{\"@id\":\"https:\\\/\\\/www.globaware.com\\\/es\\\/resumen\\\/#primaryimage\"},\"thumbnailUrl\":\"https:\\\/\\\/www.globaware.com\\\/wp-content\\\/uploads\\\/2014\\\/10\\\/bandeau_apercu.jpg\",\"datePublished\":\"2021-08-12T10:10:22+00:00\",\"dateModified\":\"2024-12-11T09:30:10+00:00\",\"description\":\"GlobaWare, una agencia de traducci\u00f3n con experiencia, reduce la curva de aprendizaje y garantiza la calidad del servicio prestado.\",\"breadcrumb\":{\"@id\":\"https:\\\/\\\/www.globaware.com\\\/es\\\/resumen\\\/#breadcrumb\"},\"inLanguage\":\"es\",\"potentialAction\":[{\"@type\":\"ReadAction\",\"target\":[\"https:\\\/\\\/www.globaware.com\\\/es\\\/resumen\\\/\"]}]},{\"@type\":\"ImageObject\",\"inLanguage\":\"es\",\"@id\":\"https:\\\/\\\/www.globaware.com\\\/es\\\/resumen\\\/#primaryimage\",\"url\":\"https:\\\/\\\/www.globaware.com\\\/wp-content\\\/uploads\\\/2014\\\/10\\\/bandeau_apercu.jpg\",\"contentUrl\":\"https:\\\/\\\/www.globaware.com\\\/wp-content\\\/uploads\\\/2014\\\/10\\\/bandeau_apercu.jpg\",\"width\":1050,\"height\":265,\"caption\":\"ilustraci\u00f3n gr\u00e1fica equipo de traducci\u00f3n experimentado\"},{\"@type\":\"BreadcrumbList\",\"@id\":\"https:\\\/\\\/www.globaware.com\\\/es\\\/resumen\\\/#breadcrumb\",\"itemListElement\":[{\"@type\":\"ListItem\",\"position\":1,\"name\":\"Portada\",\"item\":\"https:\\\/\\\/www.globaware.com\\\/es\\\/\"},{\"@type\":\"ListItem\",\"position\":2,\"name\":\"Resumen\"}]},{\"@type\":\"WebSite\",\"@id\":\"https:\\\/\\\/www.globaware.com\\\/#website\",\"url\":\"https:\\\/\\\/www.globaware.com\\\/\",\"name\":\"\",\"description\":\"\",\"potentialAction\":[{\"@type\":\"SearchAction\",\"target\":{\"@type\":\"EntryPoint\",\"urlTemplate\":\"https:\\\/\\\/www.globaware.com\\\/?s={search_term_string}\"},\"query-input\":{\"@type\":\"PropertyValueSpecification\",\"valueRequired\":true,\"valueName\":\"search_term_string\"}}],\"inLanguage\":\"es\"}]}<\/script>\n<!-- \/ Yoast SEO plugin. -->","yoast_head_json":{"title":"Resumen -","description":"GlobaWare, una agencia de traducci\u00f3n con experiencia, reduce la curva de aprendizaje y garantiza la calidad del servicio prestado.","robots":{"index":"index","follow":"follow","max-snippet":"max-snippet:-1","max-image-preview":"max-image-preview:large","max-video-preview":"max-video-preview:-1"},"canonical":"https:\/\/www.globaware.com\/es\/resumen\/","og_locale":"es_ES","og_type":"article","og_title":"Resumen -","og_description":"GlobaWare, una agencia de traducci\u00f3n con experiencia, reduce la curva de aprendizaje y garantiza la calidad del servicio prestado.","og_url":"https:\/\/www.globaware.com\/es\/resumen\/","article_modified_time":"2024-12-11T09:30:10+00:00","og_image":[{"width":1050,"height":265,"url":"https:\/\/www.globaware.com\/wp-content\/uploads\/2014\/10\/bandeau_apercu.jpg","type":"image\/jpeg"}],"twitter_misc":{"Tiempo de lectura":"3 minutos"},"schema":{"@context":"https:\/\/schema.org","@graph":[{"@type":"WebPage","@id":"https:\/\/www.globaware.com\/es\/resumen\/","url":"https:\/\/www.globaware.com\/es\/resumen\/","name":"Resumen -","isPartOf":{"@id":"https:\/\/www.globaware.com\/#website"},"primaryImageOfPage":{"@id":"https:\/\/www.globaware.com\/es\/resumen\/#primaryimage"},"image":{"@id":"https:\/\/www.globaware.com\/es\/resumen\/#primaryimage"},"thumbnailUrl":"https:\/\/www.globaware.com\/wp-content\/uploads\/2014\/10\/bandeau_apercu.jpg","datePublished":"2021-08-12T10:10:22+00:00","dateModified":"2024-12-11T09:30:10+00:00","description":"GlobaWare, una agencia de traducci\u00f3n con experiencia, reduce la curva de aprendizaje y garantiza la calidad del servicio prestado.","breadcrumb":{"@id":"https:\/\/www.globaware.com\/es\/resumen\/#breadcrumb"},"inLanguage":"es","potentialAction":[{"@type":"ReadAction","target":["https:\/\/www.globaware.com\/es\/resumen\/"]}]},{"@type":"ImageObject","inLanguage":"es","@id":"https:\/\/www.globaware.com\/es\/resumen\/#primaryimage","url":"https:\/\/www.globaware.com\/wp-content\/uploads\/2014\/10\/bandeau_apercu.jpg","contentUrl":"https:\/\/www.globaware.com\/wp-content\/uploads\/2014\/10\/bandeau_apercu.jpg","width":1050,"height":265,"caption":"ilustraci\u00f3n gr\u00e1fica equipo de traducci\u00f3n experimentado"},{"@type":"BreadcrumbList","@id":"https:\/\/www.globaware.com\/es\/resumen\/#breadcrumb","itemListElement":[{"@type":"ListItem","position":1,"name":"Portada","item":"https:\/\/www.globaware.com\/es\/"},{"@type":"ListItem","position":2,"name":"Resumen"}]},{"@type":"WebSite","@id":"https:\/\/www.globaware.com\/#website","url":"https:\/\/www.globaware.com\/","name":"","description":"","potentialAction":[{"@type":"SearchAction","target":{"@type":"EntryPoint","urlTemplate":"https:\/\/www.globaware.com\/?s={search_term_string}"},"query-input":{"@type":"PropertyValueSpecification","valueRequired":true,"valueName":"search_term_string"}}],"inLanguage":"es"}]}},"_links":{"self":[{"href":"https:\/\/www.globaware.com\/es\/wp-json\/wp\/v2\/pages\/3506","targetHints":{"allow":["GET"]}}],"collection":[{"href":"https:\/\/www.globaware.com\/es\/wp-json\/wp\/v2\/pages"}],"about":[{"href":"https:\/\/www.globaware.com\/es\/wp-json\/wp\/v2\/types\/page"}],"author":[{"embeddable":true,"href":"https:\/\/www.globaware.com\/es\/wp-json\/wp\/v2\/users\/4"}],"replies":[{"embeddable":true,"href":"https:\/\/www.globaware.com\/es\/wp-json\/wp\/v2\/comments?post=3506"}],"version-history":[{"count":2,"href":"https:\/\/www.globaware.com\/es\/wp-json\/wp\/v2\/pages\/3506\/revisions"}],"predecessor-version":[{"id":8591,"href":"https:\/\/www.globaware.com\/es\/wp-json\/wp\/v2\/pages\/3506\/revisions\/8591"}],"wp:featuredmedia":[{"embeddable":true,"href":"https:\/\/www.globaware.com\/es\/wp-json\/wp\/v2\/media\/2093"}],"wp:attachment":[{"href":"https:\/\/www.globaware.com\/es\/wp-json\/wp\/v2\/media?parent=3506"}],"curies":[{"name":"wp","href":"https:\/\/api.w.org\/{rel}","templated":true}]}}