{"id":1686,"date":"2018-04-20T15:09:48","date_gmt":"2018-04-20T14:09:48","guid":{"rendered":"https:\/\/www.globaware.com\/?page_id=1686"},"modified":"2022-03-31T10:26:44","modified_gmt":"2022-03-31T09:26:44","slug":"tienda-2","status":"publish","type":"page","link":"https:\/\/www.globaware.com\/es\/tienda-2\/","title":{"rendered":"Tienda"},"content":{"rendered":"\n<section id=\"section-4e2faf65-689f-4510-977d-4f6a86c2edae\" class=\"wp-block-gutentor-image-box alignfull gutentor-section gutentor-image-wrapper imagebox-template1\"><div class=\"grid-container\"><div class=\"grid-row gutentor-grid-item-wrap\"><div class=\"gutentor-grid-column grid-lg-6 grid-md-4 grid-12\"><div class=\"gutentor-single-item gutentor-image gutentor-single-item-0\"><div class=\"gutentor-single-item-wrap\"><div class=\"gutentor-single-item-image-box\"><div class=\"gutentor-image-thumb\"><img decoding=\"async\" class=\"normal-image\" src=\"https:\/\/www.globaware.com\/wp-content\/uploads\/2022\/02\/logo_idix_en-e1643804592838.png\" alt=\"\"\/><\/div><\/div><div class=\"gutentor-single-item-content\"><p class=\"gutentor-single-item-desc\">Une soci\u00e9t\u00e9 du Groupe GlobaWare<\/p><\/div><\/div><\/div><\/div><\/div><\/div><\/section>\n\n<p class=\"has-text-align-center is-style-cnvs-paragraph-callout has-blue-color has-text-color\" id=\"cours-de-langues-specialises-pour-les-professionnels\" style=\"font-size:22px\">Cursos de idiomas especializados para profesionales<\/p>\n\n<p class=\"has-text-align-center is-style-cnvs-paragraph-callout\" style=\"font-size:22px\">Formaci\u00f3n ling\u00fc\u00edstica de alto nivel<\/p>\n\n<div style=\"height:50px\" aria-hidden=\"true\" class=\"wp-block-spacer\"><\/div>\n\n          \n\n          <h1 style=\"color: #000000; font-weight: bold;\">Cursos de idiomas IdixLingua disponibles: \n          <\/h1>\n          \n\n        \n\n<div style=\"height:46px\" aria-hidden=\"true\" class=\"wp-block-spacer\"><\/div>\n\n<h2 style=\"color: #a02c59; font-weight: bold;\">INGL\u00c9S PARA PROFESIONALES DE RECURSOS HUMANOS \u2013 M\u00f3dulo 1<\/h2>\n          \n          <h3 style=\"color: #000000;\">\nPara profesionales o estudiantes de RRHH que necesiten comunicarse en ingl\u00e9s con colegas o trabajadores de diferentes nacionalidades o en otros pa\u00edses.<\/h3>\n\n          <p class=\"product woocommerce add_to_cart_inline \" style=\"border:4px solid #ccc; padding: 12px;\"><span class=\"woocommerce-Price-amount amount\"><bdi>290,00&nbsp;<span class=\"woocommerce-Price-currencySymbol\">&euro;<\/span><\/bdi><\/span><a href=\"\/es\/wp-json\/wp\/v2\/pages\/1686?add-to-cart=1591\" aria-describedby=\"woocommerce_loop_add_to_cart_link_describedby_1591\" data-quantity=\"1\" class=\"button product_type_simple add_to_cart_button ajax_add_to_cart\" data-product_id=\"1591\" data-product_sku=\"\" aria-label=\"A\u00f1adir al carrito: &ldquo;L\u2019ANGLAIS POUR LES PROFESSIONNELS DES RESSOURCES HUMAINES-Module 1&rdquo;\" rel=\"nofollow\" data-success_message=\"\u00abL\u2019ANGLAIS POUR LES PROFESSIONNELS DES RESSOURCES HUMAINES-Module 1\u00bb se ha a\u00f1adido a tu carrito\">Buy<\/a>\t<span id=\"woocommerce_loop_add_to_cart_link_describedby_1591\" class=\"screen-reader-text\">\n\t\t\t<\/span>\n<\/p>\n\nEl curso quedar\u00e1 anulado y el importe le ser\u00e1 reintegrado si no se alcanza a la cantidad m\u00ednima de 5 participantes.\n\n<div style=\"height:50px\" aria-hidden=\"true\" class=\"wp-block-spacer\"><\/div>\n\n<h2 style=\"color: #a02c59; font-weight: bold;\">INGL\u00c9S JUR\u00cdDICO (LEGAL ENGLISH)<\/h2>\n  <h3 style=\"color: #000000;\">Para abogados y juristas que deseen desenvolverse en el \u00e1mbito del derecho internacional.<\/h3>        \n\n        \n  <p class=\"product woocommerce add_to_cart_inline \" style=\"border:4px solid #ccc; padding: 12px;\"><span class=\"woocommerce-Price-amount amount\"><bdi>280,00&nbsp;<span class=\"woocommerce-Price-currencySymbol\">&euro;<\/span><\/bdi><\/span><a href=\"\/es\/wp-json\/wp\/v2\/pages\/1686?add-to-cart=8088\" aria-describedby=\"woocommerce_loop_add_to_cart_link_describedby_8088\" data-quantity=\"1\" class=\"button product_type_simple add_to_cart_button ajax_add_to_cart\" data-product_id=\"8088\" data-product_sku=\"\" aria-label=\"A\u00f1adir al carrito: &ldquo;L\u2019ANGLAIS JURIDIQUE OU L\u00c9GAL&rdquo;\" rel=\"nofollow\" data-success_message=\"\u00abL\u2019ANGLAIS JURIDIQUE OU L\u00c9GAL\u00bb se ha a\u00f1adido a tu carrito\">Buy<\/a>\t<span id=\"woocommerce_loop_add_to_cart_link_describedby_8088\" class=\"screen-reader-text\">\n\t\t\t<\/span>\n<\/p>\n\nEl curso quedar\u00e1 anulado y el importe le ser\u00e1 reintegrado si no se alcanza a la cantidad m\u00ednima de 5 participantes.\n\n<div style=\"height:50px\" aria-hidden=\"true\" class=\"wp-block-spacer\"><\/div>\n\n<h2 style=\"color: #a02c59; font-weight: bold;\">CURSO DE CONVERSACI\u00d3N EN INGL\u00c9S (PREINTERMEDIATE-A2\/LOW INTERMEDIATE-B1.1)<\/h2>\n  <h3 style=\"color: #000000;\">Para aquellos que quieran mejorar su fluidez y su vocabulario en lecciones enfocadas exclusivamente a la expresi\u00f3n oral.<\/h3>        \n\n        \n  <p class=\"product woocommerce add_to_cart_inline \" style=\"border:4px solid #ccc; padding: 12px;\"><span class=\"woocommerce-Price-amount amount\"><bdi>122,00&nbsp;<span class=\"woocommerce-Price-currencySymbol\">&euro;<\/span><\/bdi><\/span><a href=\"\/es\/wp-json\/wp\/v2\/pages\/1686?add-to-cart=8424\" aria-describedby=\"woocommerce_loop_add_to_cart_link_describedby_8424\" data-quantity=\"1\" class=\"button product_type_simple add_to_cart_button ajax_add_to_cart\" data-product_id=\"8424\" data-product_sku=\"\" aria-label=\"A\u00f1adir al carrito: &ldquo;Cours de conversation anglaise -Pr\u00e9-interm\u00e9diaire\/Interm\u00e9diaire inf\u00e9rieur&rdquo;\" rel=\"nofollow\" data-success_message=\"\u00abCours de conversation anglaise -Pr\u00e9-interm\u00e9diaire\/Interm\u00e9diaire inf\u00e9rieur\u00bb se ha a\u00f1adido a tu carrito\">Buy<\/a>\t<span id=\"woocommerce_loop_add_to_cart_link_describedby_8424\" class=\"screen-reader-text\">\n\t\t\t<\/span>\n<\/p>\n\nEl curso quedar\u00e1 anulado y el importe le ser\u00e1 reintegrado si no se alcanza a la cantidad m\u00ednima de 5 participantes.\n\n<div style=\"height:50px\" aria-hidden=\"true\" class=\"wp-block-spacer\"><\/div>\n\n<h2 style=\"color: #a02c59; font-weight: bold;\">CURSO DE CONVERSACI\u00d3N EN INGL\u00c9S (HIGH INTERMEDIATE-B1.2\/UPPER INTERMEDIATE-B2)<\/h2>\n  <h3 style=\"color: #000000;\">Para aquellos que quieran mejorar su fluidez y su vocabulario en lecciones enfocadas exclusivamente a la expresi\u00f3n oral.<\/h3>        \n\n        \n  <p class=\"product woocommerce add_to_cart_inline \" style=\"border:4px solid #ccc; padding: 12px;\"><span class=\"woocommerce-Price-amount amount\"><bdi>122,00&nbsp;<span class=\"woocommerce-Price-currencySymbol\">&euro;<\/span><\/bdi><\/span><a href=\"\/es\/wp-json\/wp\/v2\/pages\/1686?add-to-cart=8425\" aria-describedby=\"woocommerce_loop_add_to_cart_link_describedby_8425\" data-quantity=\"1\" class=\"button product_type_simple add_to_cart_button ajax_add_to_cart\" data-product_id=\"8425\" data-product_sku=\"\" aria-label=\"A\u00f1adir al carrito: &ldquo;Cours de conversation anglaise - Interm\u00e9diaire\/Interm\u00e9diaire sup\u00e9rieur&rdquo;\" rel=\"nofollow\" data-success_message=\"\u00abCours de conversation anglaise - Interm\u00e9diaire\/Interm\u00e9diaire sup\u00e9rieur\u00bb se ha a\u00f1adido a tu carrito\">Buy<\/a>\t<span id=\"woocommerce_loop_add_to_cart_link_describedby_8425\" class=\"screen-reader-text\">\n\t\t\t<\/span>\n<\/p>\n\nEl curso quedar\u00e1 anulado y el importe le ser\u00e1 reintegrado si no se alcanza a la cantidad m\u00ednima de 5 participantes.\n\n<div style=\"height:50px\" aria-hidden=\"true\" class=\"wp-block-spacer\"><\/div>\n\n<h2 style=\"color: #a02c59; font-weight: bold;\">REDACCI\u00d3N DE EMAILS EN INGL\u00c9S &#8211; M\u00d3DULO 1 <\/h2>\n  <h3 style=\"color: #000000;\">Para personas que deseen aprender a redactar emails en ingl\u00e9s de modo correcto y eficiente;<\/h3>        \n\n        \n  <p class=\"product woocommerce add_to_cart_inline \" style=\"border:4px solid #ccc; padding: 12px;\"><span class=\"woocommerce-Price-amount amount\"><bdi>250,00&nbsp;<span class=\"woocommerce-Price-currencySymbol\">&euro;<\/span><\/bdi><\/span><a href=\"\/es\/wp-json\/wp\/v2\/pages\/1686?add-to-cart=8484\" aria-describedby=\"woocommerce_loop_add_to_cart_link_describedby_8484\" data-quantity=\"1\" class=\"button product_type_simple add_to_cart_button ajax_add_to_cart\" data-product_id=\"8484\" data-product_sku=\"\" aria-label=\"A\u00f1adir al carrito: &ldquo;R\u00c9DACTION D&#039;E-MAILS EN ANGLAIS - MODULE 1&rdquo;\" rel=\"nofollow\" data-success_message=\"\u00abR\u00c9DACTION D&#039;E-MAILS EN ANGLAIS - MODULE 1\u00bb se ha a\u00f1adido a tu carrito\">Buy<\/a>\t<span id=\"woocommerce_loop_add_to_cart_link_describedby_8484\" class=\"screen-reader-text\">\n\t\t\t<\/span>\n<\/p>\n\nEl curso quedar\u00e1 anulado y el importe le ser\u00e1 reintegrado si no se alcanza a la cantidad m\u00ednima de 5 participantes.\n\n<div style=\"height:50px\" aria-hidden=\"true\" class=\"wp-block-spacer\"><\/div>\n\n<h2 style=\"color: #a02c59; font-weight: bold;\">INGL\u00c9S PARA HOSTELER\u00cdA Y TURISMO<\/h2>\n          \n           <h3 style=\"color: #000000;\">\nPara trabajadores del sector tur\u00edstico (hosteler\u00eda, restauraci\u00f3n\u2026) que necesiten comunicarse en ingl\u00e9s con turistas de diferentes nacionalidades<\/h3>\n\n          <p class=\"product woocommerce add_to_cart_inline \" style=\"border:4px solid #ccc; padding: 12px;\"><span class=\"woocommerce-Price-amount amount\"><bdi>250,00&nbsp;<span class=\"woocommerce-Price-currencySymbol\">&euro;<\/span><\/bdi><\/span><a href=\"\/es\/wp-json\/wp\/v2\/pages\/1686?add-to-cart=8087\" aria-describedby=\"woocommerce_loop_add_to_cart_link_describedby_8087\" data-quantity=\"1\" class=\"button product_type_simple add_to_cart_button ajax_add_to_cart\" data-product_id=\"8087\" data-product_sku=\"\" aria-label=\"A\u00f1adir al carrito: &ldquo;L\u2019ANGLAIS POUR L&#039;H\u00d4TELLERIE ET LE TOURISME&rdquo;\" rel=\"nofollow\" data-success_message=\"\u00abL\u2019ANGLAIS POUR L&#039;H\u00d4TELLERIE ET LE TOURISME\u00bb se ha a\u00f1adido a tu carrito\">Buy<\/a>\t<span id=\"woocommerce_loop_add_to_cart_link_describedby_8087\" class=\"screen-reader-text\">\n\t\t\t<\/span>\n<\/p>\n\nEl curso quedar\u00e1 anulado y el importe le ser\u00e1 reintegrado si no se alcanza a la cantidad m\u00ednima de 5 participantes.\n\n<div style=\"height:49px\" aria-hidden=\"true\" class=\"wp-block-spacer\"><\/div>\n\n<h2 style=\"color: #a02c59; font-weight: bold;\">OTROS SERVICIOS<\/h2>\n          \n<h3 style=\"color: #000000;\">Otros servicios, seg\u00fan factura<\/h3> \n          <p><\/p>\n          \n\n          <p class=\"product woocommerce add_to_cart_inline \" style=\"border:4px solid #ccc; padding: 12px;\"><span class=\"woocommerce-Price-amount amount\"><bdi>1,00&nbsp;<span class=\"woocommerce-Price-currencySymbol\">&euro;<\/span><\/bdi><\/span><a href=\"\/es\/wp-json\/wp\/v2\/pages\/1686?add-to-cart=6267\" aria-describedby=\"woocommerce_loop_add_to_cart_link_describedby_6267\" data-quantity=\"1\" class=\"button product_type_simple add_to_cart_button ajax_add_to_cart\" data-product_id=\"6267\" data-product_sku=\"\" aria-label=\"A\u00f1adir al carrito: &ldquo;AUTRES SERVICES&rdquo;\" rel=\"nofollow\" data-success_message=\"\u00abAUTRES SERVICES\u00bb se ha a\u00f1adido a tu carrito\">Buy<\/a>\t<span id=\"woocommerce_loop_add_to_cart_link_describedby_6267\" class=\"screen-reader-text\">\n\t\t\t<\/span>\n<\/p>\n\n<p><\/p>\n","protected":false},"excerpt":{"rendered":"<p>Cursos de idiomas especializados para profesionales Formaci\u00f3n ling\u00fc\u00edstica de alto nivel Cursos de idiomas IdixLingua disponibles: INGL\u00c9S PARA PROFESIONALES DE RECURSOS HUMANOS \u2013 M\u00f3dulo 1 Para profesionales o estudiantes de RRHH que necesiten comunicarse en ingl\u00e9s con colegas o trabajadores de diferentes nacionalidades o en otros pa\u00edses. El curso quedar\u00e1 anulado y el importe le [&hellip;]<\/p>\n","protected":false},"author":4,"featured_media":0,"parent":0,"menu_order":0,"comment_status":"closed","ping_status":"closed","template":"","meta":{"ocean_post_layout":"","ocean_both_sidebars_style":"","ocean_both_sidebars_content_width":0,"ocean_both_sidebars_sidebars_width":0,"ocean_sidebar":"0","ocean_second_sidebar":"0","ocean_disable_margins":"enable","ocean_add_body_class":"","ocean_shortcode_before_top_bar":"","ocean_shortcode_after_top_bar":"","ocean_shortcode_before_header":"","ocean_shortcode_after_header":"","ocean_has_shortcode":"","ocean_shortcode_after_title":"","ocean_shortcode_before_footer_widgets":"","ocean_shortcode_after_footer_widgets":"","ocean_shortcode_before_footer_bottom":"","ocean_shortcode_after_footer_bottom":"","ocean_display_top_bar":"default","ocean_display_header":"default","ocean_header_style":"","ocean_center_header_left_menu":"0","ocean_custom_header_template":"0","ocean_custom_logo":0,"ocean_custom_retina_logo":0,"ocean_custom_logo_max_width":0,"ocean_custom_logo_tablet_max_width":0,"ocean_custom_logo_mobile_max_width":0,"ocean_custom_logo_max_height":0,"ocean_custom_logo_tablet_max_height":0,"ocean_custom_logo_mobile_max_height":0,"ocean_header_custom_menu":"0","ocean_menu_typo_font_family":"0","ocean_menu_typo_font_subset":"","ocean_menu_typo_font_size":0,"ocean_menu_typo_font_size_tablet":0,"ocean_menu_typo_font_size_mobile":0,"ocean_menu_typo_font_size_unit":"px","ocean_menu_typo_font_weight":"","ocean_menu_typo_font_weight_tablet":"","ocean_menu_typo_font_weight_mobile":"","ocean_menu_typo_transform":"","ocean_menu_typo_transform_tablet":"","ocean_menu_typo_transform_mobile":"","ocean_menu_typo_line_height":0,"ocean_menu_typo_line_height_tablet":0,"ocean_menu_typo_line_height_mobile":0,"ocean_menu_typo_line_height_unit":"","ocean_menu_typo_spacing":0,"ocean_menu_typo_spacing_tablet":0,"ocean_menu_typo_spacing_mobile":0,"ocean_menu_typo_spacing_unit":"","ocean_menu_link_color":"","ocean_menu_link_color_hover":"","ocean_menu_link_color_active":"","ocean_menu_link_background":"","ocean_menu_link_hover_background":"","ocean_menu_link_active_background":"","ocean_menu_social_links_bg":"","ocean_menu_social_hover_links_bg":"","ocean_menu_social_links_color":"","ocean_menu_social_hover_links_color":"","ocean_disable_title":"default","ocean_disable_heading":"default","ocean_post_title":"","ocean_post_subheading":"","ocean_post_title_style":"","ocean_post_title_background_color":"","ocean_post_title_background":0,"ocean_post_title_bg_image_position":"","ocean_post_title_bg_image_attachment":"","ocean_post_title_bg_image_repeat":"","ocean_post_title_bg_image_size":"","ocean_post_title_height":0,"ocean_post_title_bg_overlay":0.5,"ocean_post_title_bg_overlay_color":"","ocean_disable_breadcrumbs":"default","ocean_breadcrumbs_color":"","ocean_breadcrumbs_separator_color":"","ocean_breadcrumbs_links_color":"","ocean_breadcrumbs_links_hover_color":"","ocean_display_footer_widgets":"default","ocean_display_footer_bottom":"default","ocean_custom_footer_template":"0","footnotes":""},"class_list":["post-1686","page","type-page","status-publish","hentry","entry","owp-thumbs-layout-horizontal","owp-btn-normal","owp-tabs-layout-horizontal","has-no-thumbnails","has-product-nav"],"yoast_head":"<!-- This site is optimized with the Yoast SEO plugin v27.5 - https:\/\/yoast.com\/product\/yoast-seo-wordpress\/ -->\n<title>Tienda -<\/title>\n<meta name=\"robots\" content=\"index, follow, max-snippet:-1, max-image-preview:large, max-video-preview:-1\" \/>\n<link rel=\"canonical\" href=\"https:\/\/www.globaware.com\/es\/tienda-2\/\" \/>\n<meta property=\"og:locale\" content=\"es_ES\" \/>\n<meta property=\"og:type\" content=\"article\" \/>\n<meta property=\"og:title\" content=\"Tienda -\" \/>\n<meta property=\"og:description\" content=\"Cursos de idiomas especializados para profesionales Formaci\u00f3n ling\u00fc\u00edstica de alto nivel Cursos de idiomas IdixLingua disponibles: INGL\u00c9S PARA PROFESIONALES DE RECURSOS HUMANOS \u2013 M\u00f3dulo 1 Para profesionales o estudiantes de RRHH que necesiten comunicarse en ingl\u00e9s con colegas o trabajadores de diferentes nacionalidades o en otros pa\u00edses. El curso quedar\u00e1 anulado y el importe le [&hellip;]\" \/>\n<meta property=\"og:url\" content=\"https:\/\/www.globaware.com\/es\/tienda-2\/\" \/>\n<meta property=\"article:modified_time\" content=\"2022-03-31T09:26:44+00:00\" \/>\n<meta property=\"og:image\" content=\"https:\/\/www.globaware.com\/wp-content\/uploads\/2022\/02\/logo_idix_en-e1643804592838.png\" \/>\n<meta name=\"twitter:label1\" content=\"Tiempo de lectura\" \/>\n\t<meta name=\"twitter:data1\" content=\"2 minutos\" \/>\n<script type=\"application\/ld+json\" class=\"yoast-schema-graph\">{\"@context\":\"https:\\\/\\\/schema.org\",\"@graph\":[{\"@type\":\"WebPage\",\"@id\":\"https:\\\/\\\/www.globaware.com\\\/es\\\/tienda-2\\\/\",\"url\":\"https:\\\/\\\/www.globaware.com\\\/es\\\/tienda-2\\\/\",\"name\":\"Tienda -\",\"isPartOf\":{\"@id\":\"https:\\\/\\\/www.globaware.com\\\/#website\"},\"primaryImageOfPage\":{\"@id\":\"https:\\\/\\\/www.globaware.com\\\/es\\\/tienda-2\\\/#primaryimage\"},\"image\":{\"@id\":\"https:\\\/\\\/www.globaware.com\\\/es\\\/tienda-2\\\/#primaryimage\"},\"thumbnailUrl\":\"https:\\\/\\\/www.globaware.com\\\/wp-content\\\/uploads\\\/2022\\\/02\\\/logo_idix_en-e1643804592838.png\",\"datePublished\":\"2018-04-20T14:09:48+00:00\",\"dateModified\":\"2022-03-31T09:26:44+00:00\",\"breadcrumb\":{\"@id\":\"https:\\\/\\\/www.globaware.com\\\/es\\\/tienda-2\\\/#breadcrumb\"},\"inLanguage\":\"es\",\"potentialAction\":[{\"@type\":\"ReadAction\",\"target\":[\"https:\\\/\\\/www.globaware.com\\\/es\\\/tienda-2\\\/\"]}]},{\"@type\":\"ImageObject\",\"inLanguage\":\"es\",\"@id\":\"https:\\\/\\\/www.globaware.com\\\/es\\\/tienda-2\\\/#primaryimage\",\"url\":\"https:\\\/\\\/www.globaware.com\\\/wp-content\\\/uploads\\\/2022\\\/02\\\/logo_idix_en-e1643804592838.png\",\"contentUrl\":\"https:\\\/\\\/www.globaware.com\\\/wp-content\\\/uploads\\\/2022\\\/02\\\/logo_idix_en-e1643804592838.png\"},{\"@type\":\"BreadcrumbList\",\"@id\":\"https:\\\/\\\/www.globaware.com\\\/es\\\/tienda-2\\\/#breadcrumb\",\"itemListElement\":[{\"@type\":\"ListItem\",\"position\":1,\"name\":\"Portada\",\"item\":\"https:\\\/\\\/www.globaware.com\\\/es\\\/\"},{\"@type\":\"ListItem\",\"position\":2,\"name\":\"Tienda\"}]},{\"@type\":\"WebSite\",\"@id\":\"https:\\\/\\\/www.globaware.com\\\/#website\",\"url\":\"https:\\\/\\\/www.globaware.com\\\/\",\"name\":\"\",\"description\":\"\",\"potentialAction\":[{\"@type\":\"SearchAction\",\"target\":{\"@type\":\"EntryPoint\",\"urlTemplate\":\"https:\\\/\\\/www.globaware.com\\\/?s={search_term_string}\"},\"query-input\":{\"@type\":\"PropertyValueSpecification\",\"valueRequired\":true,\"valueName\":\"search_term_string\"}}],\"inLanguage\":\"es\"}]}<\/script>\n<!-- \/ Yoast SEO plugin. -->","yoast_head_json":{"title":"Tienda -","robots":{"index":"index","follow":"follow","max-snippet":"max-snippet:-1","max-image-preview":"max-image-preview:large","max-video-preview":"max-video-preview:-1"},"canonical":"https:\/\/www.globaware.com\/es\/tienda-2\/","og_locale":"es_ES","og_type":"article","og_title":"Tienda -","og_description":"Cursos de idiomas especializados para profesionales Formaci\u00f3n ling\u00fc\u00edstica de alto nivel Cursos de idiomas IdixLingua disponibles: INGL\u00c9S PARA PROFESIONALES DE RECURSOS HUMANOS \u2013 M\u00f3dulo 1 Para profesionales o estudiantes de RRHH que necesiten comunicarse en ingl\u00e9s con colegas o trabajadores de diferentes nacionalidades o en otros pa\u00edses. El curso quedar\u00e1 anulado y el importe le [&hellip;]","og_url":"https:\/\/www.globaware.com\/es\/tienda-2\/","article_modified_time":"2022-03-31T09:26:44+00:00","og_image":[{"url":"https:\/\/www.globaware.com\/wp-content\/uploads\/2022\/02\/logo_idix_en-e1643804592838.png","type":"","width":"","height":""}],"twitter_misc":{"Tiempo de lectura":"2 minutos"},"schema":{"@context":"https:\/\/schema.org","@graph":[{"@type":"WebPage","@id":"https:\/\/www.globaware.com\/es\/tienda-2\/","url":"https:\/\/www.globaware.com\/es\/tienda-2\/","name":"Tienda -","isPartOf":{"@id":"https:\/\/www.globaware.com\/#website"},"primaryImageOfPage":{"@id":"https:\/\/www.globaware.com\/es\/tienda-2\/#primaryimage"},"image":{"@id":"https:\/\/www.globaware.com\/es\/tienda-2\/#primaryimage"},"thumbnailUrl":"https:\/\/www.globaware.com\/wp-content\/uploads\/2022\/02\/logo_idix_en-e1643804592838.png","datePublished":"2018-04-20T14:09:48+00:00","dateModified":"2022-03-31T09:26:44+00:00","breadcrumb":{"@id":"https:\/\/www.globaware.com\/es\/tienda-2\/#breadcrumb"},"inLanguage":"es","potentialAction":[{"@type":"ReadAction","target":["https:\/\/www.globaware.com\/es\/tienda-2\/"]}]},{"@type":"ImageObject","inLanguage":"es","@id":"https:\/\/www.globaware.com\/es\/tienda-2\/#primaryimage","url":"https:\/\/www.globaware.com\/wp-content\/uploads\/2022\/02\/logo_idix_en-e1643804592838.png","contentUrl":"https:\/\/www.globaware.com\/wp-content\/uploads\/2022\/02\/logo_idix_en-e1643804592838.png"},{"@type":"BreadcrumbList","@id":"https:\/\/www.globaware.com\/es\/tienda-2\/#breadcrumb","itemListElement":[{"@type":"ListItem","position":1,"name":"Portada","item":"https:\/\/www.globaware.com\/es\/"},{"@type":"ListItem","position":2,"name":"Tienda"}]},{"@type":"WebSite","@id":"https:\/\/www.globaware.com\/#website","url":"https:\/\/www.globaware.com\/","name":"","description":"","potentialAction":[{"@type":"SearchAction","target":{"@type":"EntryPoint","urlTemplate":"https:\/\/www.globaware.com\/?s={search_term_string}"},"query-input":{"@type":"PropertyValueSpecification","valueRequired":true,"valueName":"search_term_string"}}],"inLanguage":"es"}]}},"_links":{"self":[{"href":"https:\/\/www.globaware.com\/es\/wp-json\/wp\/v2\/pages\/1686","targetHints":{"allow":["GET"]}}],"collection":[{"href":"https:\/\/www.globaware.com\/es\/wp-json\/wp\/v2\/pages"}],"about":[{"href":"https:\/\/www.globaware.com\/es\/wp-json\/wp\/v2\/types\/page"}],"author":[{"embeddable":true,"href":"https:\/\/www.globaware.com\/es\/wp-json\/wp\/v2\/users\/4"}],"replies":[{"embeddable":true,"href":"https:\/\/www.globaware.com\/es\/wp-json\/wp\/v2\/comments?post=1686"}],"version-history":[{"count":0,"href":"https:\/\/www.globaware.com\/es\/wp-json\/wp\/v2\/pages\/1686\/revisions"}],"wp:attachment":[{"href":"https:\/\/www.globaware.com\/es\/wp-json\/wp\/v2\/media?parent=1686"}],"curies":[{"name":"wp","href":"https:\/\/api.w.org\/{rel}","templated":true}]}}