{"id":7725,"date":"2021-10-21T16:16:23","date_gmt":"2021-10-21T15:16:23","guid":{"rendered":"https:\/\/www.globaware.com\/legal-notice\/"},"modified":"2021-10-21T18:02:44","modified_gmt":"2021-10-21T17:02:44","slug":"legal-notice","status":"publish","type":"page","link":"https:\/\/www.globaware.com\/en\/legal-notice\/","title":{"rendered":"Legal notice"},"content":{"rendered":"\n<p><\/p>\n\n\n\n<h2 class=\"wp-block-heading\" style=\"font-size:26px\">LEGAL NOTICE<\/h2>\n\n\n\n<h2 class=\"has-g-palette-1633780710265-color has-text-color has-medium-font-size wp-block-heading\">Identification of those responsible for the site<\/h2>\n\n\n\n<p style=\"font-size:14px\"><strong>Our website is administered by<\/strong> : Globaware<\/p>\n\n\n\n<p style=\"font-size:14px\"><strong>Siret :<\/strong> 42273291700022<\/p>\n\n\n\n<p style=\"font-size:14px\">\n          <strong>Addresses :<\/strong>\n        <\/p>\n\n\n\n<p style=\"font-size:14px\">FRANCE<\/p>\n\n\n\n<p style=\"font-size:14px\">GlobaWare International<br>Nice Premier<br>455 promenade des Anglais<br>06200 Nice<br>France<\/p>\n\n\n\n<p style=\"font-size:14px\">NORTH AMERICA<\/p>\n\n\n\n<p style=\"font-size:14px\">Solutions GlobaWare Inc.<br>1000, rue de la Gaucheti\u00e8re Ouest<br>Bureau 2400<br>Montr\u00e9al, Qu\u00e9bec, H3B 4W5<br>Canada<\/p>\n\n\n\n<p style=\"font-size:14px\">ESPAGNE<\/p>\n\n\n\n<p style=\"font-size:14px\">Servicios y Consultor\u00eda IDIX, S. L.<br>C\/ Moi\u00e1 1, 2\u00aa planta<br>08006 Barcelone, Espagne<br><\/p>\n\n\n\n<p style=\"font-size:14px\">\n          <strong>Phone :<\/strong>\n        <\/p>\n\n\n\n<p style=\"font-size:14px\">+33 (0)492 29 50 30 (France)<\/p>\n\n\n\n<p style=\"font-size:14px\">+1 514 448-2198 (Am\u00e9rique du Nord)<\/p>\n\n\n\n<p style=\"font-size:14px\">+34 93 414 34 24 ( Espagne)<\/p>\n\n\n\n<p style=\"font-size:14px\"><strong>Email :<\/strong> info@globaware.com<\/p>\n\n\n\n<p style=\"font-size:14px\">The director of the publication is Fran\u00e7ois Chalumeau<\/p>\n\n\n\n<p style=\"font-size:14px\">The Data Protection Officer is Fran\u00e7ois Chalumeau<\/p>\n\n\n\n<h2 class=\"wp-block-heading\" style=\"font-size:14px\">\n          <strong>Hosting<\/strong>\n        <\/h2>\n\n\n\n<p style=\"font-size:14px\">O2 switch<a href=\"https:\/\/www.o2switch.fr\/\"> www.O2SWITCH.fr<\/a> <\/p>\n\n\n\n<p style=\"font-size:14px\">222 Bd Gustave Flaubert, 63000 Clermont-Ferrand<\/p>\n\n\n\n<h2 class=\"has-g-palette-1633780710265-color has-text-color has-medium-font-size wp-block-heading\">Use and accessibility of https:\/\/www.globaware.com<\/h2>\n\n\n\n<p style=\"font-size:14px\">The use of the website <a href=\"https:\/\/www.globaware.com\/en\/\">https:\/\/www.globaware.com<\/a> implies full acceptance of the general conditions of use described below and of this legal notice. These conditions of use and this legal notice may be modified or completed at any time under the responsibility of the site&#8217;s publication director.<br>Users of the site are invited to consult them regularly.<br>The site is designed, maintained and hosted to maximise its accessibility.<br>This website is normally accessible to users at all times.<br>An interruption for technical maintenance may however be decided by <a href=\"https:\/\/www.globaware.com\/en\/\">https:\/\/www.globaware.com,<\/a> which will then endeavour to inform users in advance of the dates and times of the intervention.<br>The website <a href=\"https:\/\/www.globaware.com\/en\/\">https:\/\/www.globaware.com<\/a> is hosted by a service provider in the European Union in accordance with the provisions of the General Data Protection Regulation (GDPR: n\u00b0 2016-679).<br>The host ensures the continuity of its service 24 hours a day, every day of the year. However, it reserves the right to interrupt the hosting service, in particular for maintenance purposes, to improve its infrastructure, or in the event of a failure in its links.<br>The site <a href=\"https:\/\/www.globaware.com\/en\/\">https:\/\/www.globaware.com<\/a>and the host cannot be held responsible in the event of malfunctioning of the Internet network, telephone lines or the user&#8217;s computer and telephone equipment, or in the event of network congestion preventing access to the server.<\/p>\n\n\n\n<p style=\"font-size:14px\">The user of the site undertakes to access the site using recent hardware, free of viruses and with a last generation updated browser.<\/p>\n\n\n\n<p style=\"font-size:14px\">GLOBAWARE cannot be held responsible for any material damage related to the use of the website <a href=\"https:\/\/www.globaware.com\/en\/\">https:\/\/www.globaware.com<\/a>nor for direct and indirect damage caused to the user&#8217;s equipment when accessing the site in the event of equipment not meeting the above specifications or in the event of a bug or incompatibility.<\/p>\n\n\n\n<h2 class=\"has-g-palette-1633780710265-color has-text-color has-medium-font-size wp-block-heading\">Services provided<\/h2>\n\n\n\n<p style=\"font-size:14px\">The purpose of the website<a href=\"https:\/\/www.globaware.com\/en\/\">https:\/\/www.globaware.com<\/a> is to provide information that is as precise as possible concerning all the activities of the company GLOBAWARE. The contents of the website published by Globaware have been compiled with the utmost care. As such, no illicit or defamatory content is published on them. Furthermore, they do not present any character that could be considered as &#8220;misleading advertising&#8221; within the meaning of Articles 121-1 et seq. of the French Consumer Code. GLOBAWARE cannot be held responsible for any omissions, inaccuracies or shortcomings in the updating of the information, whether caused by GLOBAWARE or by third party partners who provide the information. The information contained on the <a href=\"https:\/\/www.globaware.com\/en\/\">https:\/\/www.globaware.com<\/a>website is given for information only, is not exhaustive and is subject to change.<\/p>\n\n\n\n<p style=\"font-size:14px\">GLOBAWARE acts as the publisher of the website <a href=\"https:\/\/www.globaware.com\/en\/\">https:\/\/www.globaware.com.<\/a> As such, it is responsible for the quality and accuracy of the content it publishes.<\/p>\n\n\n\n<p style=\"font-size:14px\">If applicable, <a href=\"https:\/\/www.globaware.com\/en\/\">https:\/\/www.globaware.com<\/a> reserves the possibility of calling into question the civil and\/or criminal liability of the user, in particular in the event of messages of a racist, insulting, defamatory or pornographic nature, whatever the medium used (text, photographs, etc.), sent by the user in the &#8220;your message&#8221; part of the site&#8217;s contact forms.<\/p>\n\n\n\n<h2 class=\"has-g-palette-1633780710265-color has-text-color has-medium-font-size wp-block-heading\">Intellectual property<\/h2>\n\n\n\n<p style=\"font-size:14px\">All the elements constituting the skeleton of the site (photos, images, logos, flash\u00ae animations, modelled elements&#8230;), as well as the technological elements (software creations, administration back-office, proposed services&#8230;) are protected by copyright and are the exclusive property of their respective authors, except in the restrictive cases of complete or partial transfer of rights to Globaware. The contents of the site (texts, articles, etc.) are the exclusive property of their authors and may not be reproduced or exploited without their agreement. In accordance with the provisions of Article L. 122-4 of the French Intellectual Property Code, any reproduction of all or part of the content of the site is prohibited, regardless of its form (reproduction, nesting, distribution, &#8220;inline linking&#8221; and &#8220;framing&#8221; techniques, etc.). Direct links to downloadable files (in any format) on our site are also prohibited. If you wish to link to our site, please contact Globaware before linking to our site or its contents. The present texts from external sources have been reproduced with the implicit or explicit agreement of their respective authors. As such, the sources and respective authors are mentioned on the site. Any unauthorised use of the site or of any of the elements it contains will be considered as constituting an infringement and will be prosecuted in accordance with the provisions of articles L.335-2 et seq. of the French Intellectual Property Code.<\/p>\n\n\n\n<h2 class=\"has-g-palette-1633780710265-color has-text-color has-medium-font-size wp-block-heading\">External links <\/h2>\n\n\n\n<p style=\"font-size:14px\">The links present on the site (direct links, permalinks, partner links, etc.) redirect the user to sites whose content is the responsibility of the publishers of these sites. Globaware can in no way be held responsible for the content of these sites. As we attach particular importance to the legality of the contents of the sites to which our links point, we kindly ask you to inform us of any content that may seem illicit on the sites to which links have been set up.<\/p>\n\n\n\n<h2 class=\"has-g-palette-1633780710265-color has-text-color has-medium-font-size wp-block-heading\">Advertising<\/h2>\n\n\n\n<p style=\"font-size:14px\">Advertisements may be displayed on our sites. These may come from external sources (third-party affiliate management platforms, Google\u00ae ads, etc.) or be managed by our own advertising agency. Globaware cannot be held responsible for &#8220;misleading or aggressive&#8221; advertising from external sources. Concerning the advertisements managed by Globaware, Globaware reserves the right not to distribute advertisements that are clearly misleading in the sense of articles 121-1 and following of the French Code de la Consommation.<\/p>\n\n\n\n<h2 class=\"has-g-palette-1633780710265-color has-text-color has-medium-font-size wp-block-heading\">Privacy policy<\/h2>\n\n\n\n<p>To learn more about the personal data we collect and how we use it, visit our privacy policy page.<\/p>\n","protected":false},"excerpt":{"rendered":"<p>LEGAL NOTICE Identification of those responsible for the site Our website is administered by : Globaware Siret : 42273291700022 Addresses : FRANCE GlobaWare InternationalNice Premier455 promenade des Anglais06200 NiceFrance NORTH AMERICA Solutions GlobaWare Inc.1000, rue de la Gaucheti\u00e8re OuestBureau 2400Montr\u00e9al, Qu\u00e9bec, H3B 4W5Canada ESPAGNE Servicios y Consultor\u00eda IDIX, S. L.C\/ Moi\u00e1 1, 2\u00aa planta08006 Barcelone, [&hellip;]<\/p>\n","protected":false},"author":4,"featured_media":0,"parent":0,"menu_order":0,"comment_status":"closed","ping_status":"closed","template":"","meta":{"ocean_post_layout":"","ocean_both_sidebars_style":"","ocean_both_sidebars_content_width":0,"ocean_both_sidebars_sidebars_width":0,"ocean_sidebar":"0","ocean_second_sidebar":"0","ocean_disable_margins":"enable","ocean_add_body_class":"","ocean_shortcode_before_top_bar":"","ocean_shortcode_after_top_bar":"","ocean_shortcode_before_header":"","ocean_shortcode_after_header":"","ocean_has_shortcode":"","ocean_shortcode_after_title":"","ocean_shortcode_before_footer_widgets":"","ocean_shortcode_after_footer_widgets":"","ocean_shortcode_before_footer_bottom":"","ocean_shortcode_after_footer_bottom":"","ocean_display_top_bar":"default","ocean_display_header":"default","ocean_header_style":"","ocean_center_header_left_menu":"0","ocean_custom_header_template":"0","ocean_custom_logo":0,"ocean_custom_retina_logo":0,"ocean_custom_logo_max_width":0,"ocean_custom_logo_tablet_max_width":0,"ocean_custom_logo_mobile_max_width":0,"ocean_custom_logo_max_height":0,"ocean_custom_logo_tablet_max_height":0,"ocean_custom_logo_mobile_max_height":0,"ocean_header_custom_menu":"0","ocean_menu_typo_font_family":"0","ocean_menu_typo_font_subset":"","ocean_menu_typo_font_size":0,"ocean_menu_typo_font_size_tablet":0,"ocean_menu_typo_font_size_mobile":0,"ocean_menu_typo_font_size_unit":"px","ocean_menu_typo_font_weight":"","ocean_menu_typo_font_weight_tablet":"","ocean_menu_typo_font_weight_mobile":"","ocean_menu_typo_transform":"","ocean_menu_typo_transform_tablet":"","ocean_menu_typo_transform_mobile":"","ocean_menu_typo_line_height":0,"ocean_menu_typo_line_height_tablet":0,"ocean_menu_typo_line_height_mobile":0,"ocean_menu_typo_line_height_unit":"","ocean_menu_typo_spacing":0,"ocean_menu_typo_spacing_tablet":0,"ocean_menu_typo_spacing_mobile":0,"ocean_menu_typo_spacing_unit":"","ocean_menu_link_color":"","ocean_menu_link_color_hover":"","ocean_menu_link_color_active":"","ocean_menu_link_background":"","ocean_menu_link_hover_background":"","ocean_menu_link_active_background":"","ocean_menu_social_links_bg":"","ocean_menu_social_hover_links_bg":"","ocean_menu_social_links_color":"","ocean_menu_social_hover_links_color":"","ocean_disable_title":"default","ocean_disable_heading":"default","ocean_post_title":"","ocean_post_subheading":"","ocean_post_title_style":"","ocean_post_title_background_color":"","ocean_post_title_background":0,"ocean_post_title_bg_image_position":"","ocean_post_title_bg_image_attachment":"","ocean_post_title_bg_image_repeat":"","ocean_post_title_bg_image_size":"","ocean_post_title_height":0,"ocean_post_title_bg_overlay":0.5,"ocean_post_title_bg_overlay_color":"","ocean_disable_breadcrumbs":"default","ocean_breadcrumbs_color":"","ocean_breadcrumbs_separator_color":"","ocean_breadcrumbs_links_color":"","ocean_breadcrumbs_links_hover_color":"","ocean_display_footer_widgets":"default","ocean_display_footer_bottom":"default","ocean_custom_footer_template":"0","footnotes":""},"class_list":["post-7725","page","type-page","status-publish","hentry","entry","owp-thumbs-layout-horizontal","owp-btn-normal","owp-tabs-layout-horizontal","has-no-thumbnails","has-product-nav"],"yoast_head":"<!-- This site is optimized with the Yoast SEO plugin v27.5 - https:\/\/yoast.com\/product\/yoast-seo-wordpress\/ -->\n<title>Legal notice -<\/title>\n<meta name=\"robots\" content=\"index, follow, max-snippet:-1, max-image-preview:large, max-video-preview:-1\" \/>\n<link rel=\"canonical\" href=\"https:\/\/www.globaware.com\/en\/legal-notice\/\" \/>\n<meta property=\"og:locale\" content=\"en_US\" \/>\n<meta property=\"og:type\" content=\"article\" \/>\n<meta property=\"og:title\" content=\"Legal notice -\" \/>\n<meta property=\"og:description\" content=\"LEGAL NOTICE Identification of those responsible for the site Our website is administered by : Globaware Siret : 42273291700022 Addresses : FRANCE GlobaWare InternationalNice Premier455 promenade des Anglais06200 NiceFrance NORTH AMERICA Solutions GlobaWare Inc.1000, rue de la Gaucheti\u00e8re OuestBureau 2400Montr\u00e9al, Qu\u00e9bec, H3B 4W5Canada ESPAGNE Servicios y Consultor\u00eda IDIX, S. L.C\/ Moi\u00e1 1, 2\u00aa planta08006 Barcelone, [&hellip;]\" \/>\n<meta property=\"og:url\" content=\"https:\/\/www.globaware.com\/en\/legal-notice\/\" \/>\n<meta property=\"article:modified_time\" content=\"2021-10-21T17:02:44+00:00\" \/>\n<meta name=\"twitter:label1\" content=\"Est. reading time\" \/>\n\t<meta name=\"twitter:data1\" content=\"5 minutes\" \/>\n<script type=\"application\/ld+json\" class=\"yoast-schema-graph\">{\"@context\":\"https:\\\/\\\/schema.org\",\"@graph\":[{\"@type\":\"WebPage\",\"@id\":\"https:\\\/\\\/www.globaware.com\\\/en\\\/legal-notice\\\/\",\"url\":\"https:\\\/\\\/www.globaware.com\\\/en\\\/legal-notice\\\/\",\"name\":\"Legal notice -\",\"isPartOf\":{\"@id\":\"https:\\\/\\\/www.globaware.com\\\/#website\"},\"datePublished\":\"2021-10-21T15:16:23+00:00\",\"dateModified\":\"2021-10-21T17:02:44+00:00\",\"breadcrumb\":{\"@id\":\"https:\\\/\\\/www.globaware.com\\\/en\\\/legal-notice\\\/#breadcrumb\"},\"inLanguage\":\"en-US\",\"potentialAction\":[{\"@type\":\"ReadAction\",\"target\":[\"https:\\\/\\\/www.globaware.com\\\/en\\\/legal-notice\\\/\"]}]},{\"@type\":\"BreadcrumbList\",\"@id\":\"https:\\\/\\\/www.globaware.com\\\/en\\\/legal-notice\\\/#breadcrumb\",\"itemListElement\":[{\"@type\":\"ListItem\",\"position\":1,\"name\":\"Home\",\"item\":\"https:\\\/\\\/www.globaware.com\\\/en\\\/\"},{\"@type\":\"ListItem\",\"position\":2,\"name\":\"Legal notice\"}]},{\"@type\":\"WebSite\",\"@id\":\"https:\\\/\\\/www.globaware.com\\\/#website\",\"url\":\"https:\\\/\\\/www.globaware.com\\\/\",\"name\":\"\",\"description\":\"\",\"potentialAction\":[{\"@type\":\"SearchAction\",\"target\":{\"@type\":\"EntryPoint\",\"urlTemplate\":\"https:\\\/\\\/www.globaware.com\\\/?s={search_term_string}\"},\"query-input\":{\"@type\":\"PropertyValueSpecification\",\"valueRequired\":true,\"valueName\":\"search_term_string\"}}],\"inLanguage\":\"en-US\"}]}<\/script>\n<!-- \/ Yoast SEO plugin. -->","yoast_head_json":{"title":"Legal notice -","robots":{"index":"index","follow":"follow","max-snippet":"max-snippet:-1","max-image-preview":"max-image-preview:large","max-video-preview":"max-video-preview:-1"},"canonical":"https:\/\/www.globaware.com\/en\/legal-notice\/","og_locale":"en_US","og_type":"article","og_title":"Legal notice -","og_description":"LEGAL NOTICE Identification of those responsible for the site Our website is administered by : Globaware Siret : 42273291700022 Addresses : FRANCE GlobaWare InternationalNice Premier455 promenade des Anglais06200 NiceFrance NORTH AMERICA Solutions GlobaWare Inc.1000, rue de la Gaucheti\u00e8re OuestBureau 2400Montr\u00e9al, Qu\u00e9bec, H3B 4W5Canada ESPAGNE Servicios y Consultor\u00eda IDIX, S. L.C\/ Moi\u00e1 1, 2\u00aa planta08006 Barcelone, [&hellip;]","og_url":"https:\/\/www.globaware.com\/en\/legal-notice\/","article_modified_time":"2021-10-21T17:02:44+00:00","twitter_misc":{"Est. reading time":"5 minutes"},"schema":{"@context":"https:\/\/schema.org","@graph":[{"@type":"WebPage","@id":"https:\/\/www.globaware.com\/en\/legal-notice\/","url":"https:\/\/www.globaware.com\/en\/legal-notice\/","name":"Legal notice -","isPartOf":{"@id":"https:\/\/www.globaware.com\/#website"},"datePublished":"2021-10-21T15:16:23+00:00","dateModified":"2021-10-21T17:02:44+00:00","breadcrumb":{"@id":"https:\/\/www.globaware.com\/en\/legal-notice\/#breadcrumb"},"inLanguage":"en-US","potentialAction":[{"@type":"ReadAction","target":["https:\/\/www.globaware.com\/en\/legal-notice\/"]}]},{"@type":"BreadcrumbList","@id":"https:\/\/www.globaware.com\/en\/legal-notice\/#breadcrumb","itemListElement":[{"@type":"ListItem","position":1,"name":"Home","item":"https:\/\/www.globaware.com\/en\/"},{"@type":"ListItem","position":2,"name":"Legal notice"}]},{"@type":"WebSite","@id":"https:\/\/www.globaware.com\/#website","url":"https:\/\/www.globaware.com\/","name":"","description":"","potentialAction":[{"@type":"SearchAction","target":{"@type":"EntryPoint","urlTemplate":"https:\/\/www.globaware.com\/?s={search_term_string}"},"query-input":{"@type":"PropertyValueSpecification","valueRequired":true,"valueName":"search_term_string"}}],"inLanguage":"en-US"}]}},"_links":{"self":[{"href":"https:\/\/www.globaware.com\/en\/wp-json\/wp\/v2\/pages\/7725","targetHints":{"allow":["GET"]}}],"collection":[{"href":"https:\/\/www.globaware.com\/en\/wp-json\/wp\/v2\/pages"}],"about":[{"href":"https:\/\/www.globaware.com\/en\/wp-json\/wp\/v2\/types\/page"}],"author":[{"embeddable":true,"href":"https:\/\/www.globaware.com\/en\/wp-json\/wp\/v2\/users\/4"}],"replies":[{"embeddable":true,"href":"https:\/\/www.globaware.com\/en\/wp-json\/wp\/v2\/comments?post=7725"}],"version-history":[{"count":0,"href":"https:\/\/www.globaware.com\/en\/wp-json\/wp\/v2\/pages\/7725\/revisions"}],"wp:attachment":[{"href":"https:\/\/www.globaware.com\/en\/wp-json\/wp\/v2\/media?parent=7725"}],"curies":[{"name":"wp","href":"https:\/\/api.w.org\/{rel}","templated":true}]}}