{"id":4238,"date":"2021-08-26T14:12:25","date_gmt":"2021-08-26T13:12:25","guid":{"rendered":"https:\/\/www.globaware.com\/faq\/"},"modified":"2021-10-15T15:12:02","modified_gmt":"2021-10-15T14:12:02","slug":"faq","status":"publish","type":"page","link":"https:\/\/www.globaware.com\/en\/faq\/","title":{"rendered":"FAQ"},"content":{"rendered":"\n<div class=\"wp-block-cover\" style=\"min-height:300px;aspect-ratio:unset;\"><img loading=\"lazy\" decoding=\"async\" width=\"1050\" height=\"265\" class=\"wp-block-cover__image-background wp-image-2056\" alt=\"\" src=\"https:\/\/www.globaware.com\/wp-content\/uploads\/2014\/10\/bandeau_cours.jpg\" data-object-fit=\"cover\"\/><div class=\"wp-block-cover__inner-container is-layout-flow wp-block-cover-is-layout-flow\">\n<p class=\"has-text-align-center has-large-font-size\"><\/p>\n<\/div><\/div>\n\n<div style=\"height:14px\" aria-hidden=\"true\" class=\"wp-block-spacer\"><\/div>\n\n<h2 class=\"has-text-align-center has-g-palette-1633780710265-color has-text-color has-large-font-size wp-block-heading\">Frequently asked questions<\/h2>\n\n<p class=\"has-text-align-center\">In this FAQ (frequently asked questions) section, you will find answers to the most frequently asked questions from our customers. If you cannot find the answer to your question in the FAQ section, <a href=\"https:\/\/www.globaware.com\/en\/support-2\/contact\/\">please contact us <\/a>immediately.<\/p>\n\n<section id=\"1b8c2f\" class=\"section-1b8c2f gutentor-module gutentor-module-accordion\"><div class=\"grid-container\">\n<div id=\"094804\" class=\"wp-block-gutentor-m6-item section-094804 gutentor-module gutentor-module-accordion-item\"><div class=\"gutentor-module-accordion-panel g-a-panel-1b8c2f\"><div class=\"gm-ah-1b8c2f gutentor-module-accordion-item-heading gutentor-module-icon-position-right\"><span class=\"gutentor-module-accordion-panel-handler\" role=\"button\"><span class=\"gutentor-module-accordion-panel-handler-label\"> <strong>Pourquoi externaliser la traduction et la localisation aupr\u00e8s d\u2019une agence ?<\/strong><\/span><span class=\"gutentor-module-accordion-icon\"><i class=\"gm-aio-1b8c2f gutentor-module-accordion-icon-open fas fa-plus\"><\/i><i class=\"gm-aic-1b8c2f gutentor-module-accordion-icon-close fas fa-minus\"><\/i><\/span><\/span><\/div><div class=\"gm-ab-1b8c2f gutentor-module-accordion-body\">\n<div id=\"section-g928107\" class=\"wp-block-gutentor-e0 section-g928107 gutentor-element gutentor-element-advanced-text\"><div class=\"gutentor-text-wrap\"><p class=\"gutentor-text\"><span style=\"font-size: revert;\">Assessing the exact costs of a translation is often very complex. This is because conventional evaluations simply calculate external costs. In addition, it is important to consider the total cost of a translation project including internal costs (selection, training, coordination and supervision of technicians, purchase of equipment, time spent, etc.). GlobaWare offers tools to industrialise your translations and simplify your approach while controlling your costs. You know exactly the deadlines and budget for each assignment. Website translation or software localisation is a specialised and complex job. It requires the cooperation of different categories of professionals. Not only linguists, but also engineers, testers, graphic designers, programmers, project managers, etc. Outsourcing this work to a specialized team means giving yourself the assurance of achieving your budget and deadlines and quality.<\/span> <\/p><\/div><\/div>\n<\/div><\/div><\/div>\n\n\n\n<div id=\"0b84bf\" class=\"wp-block-gutentor-m6-item section-0b84bf gutentor-module gutentor-module-accordion-item\"><div class=\"gutentor-module-accordion-panel g-a-panel-1b8c2f\"><div class=\"gm-ah-1b8c2f gutentor-module-accordion-item-heading gutentor-module-icon-position-right\"><span class=\"gutentor-module-accordion-panel-handler\" role=\"button\"><span class=\"gutentor-module-accordion-panel-handler-label\"><strong>Pourquoi payer une entreprise sp\u00e9cialis\u00e9e dans la traduction alors qu\u2019on peut faire appel \u00e0 des traducteurs ind\u00e9pendants?<\/strong><\/span><span class=\"gutentor-module-accordion-icon\"><i class=\"gm-aio-1b8c2f gutentor-module-accordion-icon-open fas fa-plus\"><\/i><i class=\"gm-aic-1b8c2f gutentor-module-accordion-icon-close fas fa-minus\"><\/i><\/span><\/span><\/div><div class=\"gm-ab-1b8c2f gutentor-module-accordion-body\">\n<div id=\"section-g252e31\" class=\"wp-block-gutentor-e0 section-g252e31 gutentor-element gutentor-element-advanced-text\"><div class=\"gutentor-text-wrap\"><p class=\"gutentor-text\"><span style=\"font-size: revert;\">Unlike freelance translators, a translation and localisation agency such as GlobaWare provides you with a comprehensive and complete service. This is why it provides you with a project manager and coordination resources. It should be noted that the cost is not necessarily higher than that of an independent translator. Using a translation agency also guarantees the availability of translators. You are also responsible for ensuring that all control procedures are followed, that documents are reviewed, that the work of the translators is consistent and that the overall project is managed.<\/span>  <\/p><\/div><\/div>\n<\/div><\/div><\/div>\n\n\n\n<div id=\"6c337d\" class=\"wp-block-gutentor-m6-item section-6c337d gutentor-module gutentor-module-accordion-item\"><div class=\"gutentor-module-accordion-panel g-a-panel-1b8c2f\"><div class=\"gm-ah-1b8c2f gutentor-module-accordion-item-heading gutentor-module-icon-position-right\"><span class=\"gutentor-module-accordion-panel-handler\" role=\"button\"><span class=\"gutentor-module-accordion-panel-handler-label\"><strong>Comment choisir entre traduction humaine et traduction automatique ?<\/strong><\/span><span class=\"gutentor-module-accordion-icon\"><i class=\"gm-aio-1b8c2f gutentor-module-accordion-icon-open fas fa-plus\"><\/i><i class=\"gm-aic-1b8c2f gutentor-module-accordion-icon-close fas fa-minus\"><\/i><\/span><\/span><\/div><div class=\"gm-ab-1b8c2f gutentor-module-accordion-body\">\n<div id=\"section-g9710b1\" class=\"wp-block-gutentor-e0 section-g9710b1 gutentor-element gutentor-element-advanced-text\"><div class=\"gutentor-text-wrap\"><p class=\"gutentor-text\"><span style=\"font-size: revert;\">The automatic translator allows a quick understanding of e-mails, texts, etc. In other words, it is about grasping the approximate meaning of a word or text. It is also a great productivity tool. However, it is risky to translate documents or websites with this type of software. This practice can lead to misunderstandings and inaccuracies. Therefore, post-editing often has to be considered. Only an expert translator can provide you with a quality translation with all the nuances and details inherent to the language and the specific field in question.<\/span>  <\/p><\/div><\/div>\n<\/div><\/div><\/div>\n\n\n\n<div id=\"f63471\" class=\"wp-block-gutentor-m6-item section-f63471 gutentor-module gutentor-module-accordion-item\"><div class=\"gutentor-module-accordion-panel g-a-panel-1b8c2f\"><div class=\"gm-ah-1b8c2f gutentor-module-accordion-item-heading gutentor-module-icon-position-right\"><span class=\"gutentor-module-accordion-panel-handler\" role=\"button\"><span class=\"gutentor-module-accordion-panel-handler-label\"><strong>Comment assurez-vous la s\u00e9curit\u00e9 et la confidentialit\u00e9 des informations envoy\u00e9es ?<\/strong> <\/span><span class=\"gutentor-module-accordion-icon\"><i class=\"gm-aio-1b8c2f gutentor-module-accordion-icon-open fas fa-plus\"><\/i><i class=\"gm-aic-1b8c2f gutentor-module-accordion-icon-close fas fa-minus\"><\/i><\/span><\/span><\/div><div class=\"gm-ab-1b8c2f gutentor-module-accordion-body\">\n<div id=\"section-g20c718\" class=\"wp-block-gutentor-e0 section-g20c718 gutentor-element gutentor-element-advanced-text\"><div class=\"gutentor-text-wrap\"><p class=\"gutentor-text\"><span style=\"font-size: revert;\">All document exchange is done electronically (email, web platform, FTP or transfer sites). We store all your information on systems behind a firewall, all located on the GlobaWare premises. Specifically, there is no remote storage or backup service. GlobaWare has set up a unique file server, accessible only to authorised accounts. Anti-virus and anti-spyware software protect your data in our systems.<\/span> <\/p><\/div><\/div>\n<\/div><\/div><\/div>\n\n\n\n<div id=\"741e57\" class=\"wp-block-gutentor-m6-item section-741e57 gutentor-module gutentor-module-accordion-item\"><div class=\"gutentor-module-accordion-panel g-a-panel-1b8c2f\"><div class=\"gm-ah-1b8c2f gutentor-module-accordion-item-heading gutentor-module-icon-position-right\"><span class=\"gutentor-module-accordion-panel-handler\" role=\"button\"><span class=\"gutentor-module-accordion-panel-handler-label\"><strong>Comment effectuez-vous les devis ?<\/strong><\/span><span class=\"gutentor-module-accordion-icon\"><i class=\"gm-aio-1b8c2f gutentor-module-accordion-icon-open fas fa-plus\"><\/i><i class=\"gm-aic-1b8c2f gutentor-module-accordion-icon-close fas fa-minus\"><\/i><\/span><\/span><\/div><div class=\"gm-ab-1b8c2f gutentor-module-accordion-body\">\n<div id=\"section-gbf41dd\" class=\"wp-block-gutentor-e0 section-gbf41dd gutentor-element gutentor-element-advanced-text\"><div class=\"gutentor-text-wrap\"><p class=\"gutentor-text\"><span style=\"font-size: revert;\">We process your requests for quotes quickly. We calculate quotations on an hourly basis (language engineering, interpreting, training) or by quantity (words for translation). Rates may vary depending on the complexity or technicality of the documents to be translated. The scarcity of translators or interpreters for certain languages can also increase the cost. A minimum fee may apply in some cases. This may apply, for example, to the translation of texts containing few words or to a very short interpreting assignment.<\/span> <\/p><\/div><\/div>\n<\/div><\/div><\/div>\n\n\n\n<div id=\"7f386f\" class=\"wp-block-gutentor-m6-item section-7f386f gutentor-module gutentor-module-accordion-item\"><div class=\"gutentor-module-accordion-panel g-a-panel-1b8c2f\"><div class=\"gm-ah-1b8c2f gutentor-module-accordion-item-heading gutentor-module-icon-position-right\"><span class=\"gutentor-module-accordion-panel-handler\" role=\"button\"><span class=\"gutentor-module-accordion-panel-handler-label\"><strong>Sous quel format dois-je envoyer mes documents ?<\/strong><\/span><span class=\"gutentor-module-accordion-icon\"><i class=\"gm-aio-1b8c2f gutentor-module-accordion-icon-open fas fa-plus\"><\/i><i class=\"gm-aic-1b8c2f gutentor-module-accordion-icon-close fas fa-minus\"><\/i><\/span><\/span><\/div><div class=\"gm-ab-1b8c2f gutentor-module-accordion-body\">\n<div id=\"section-g1e5d04\" class=\"wp-block-gutentor-e0 section-g1e5d04 gutentor-element gutentor-element-advanced-text\"><div class=\"gutentor-text-wrap\"><p class=\"gutentor-text\"><span style=\"font-size: revert;\">The source files must be readable and usable (Word, PowerPoint, Excel formats). Please note that PDF documents and other scanned images are not translatable as is. They therefore involve recovery and formatting work, lengthening deadlines and generating additional billing<\/span> <\/p><\/div><\/div>\n<\/div><\/div><\/div>\n<\/div><\/section>\n\n<ul class=\"is-style-cnvs-list-styled-positive has-vivid-cyan-blue-color has-white-background-color has-text-color has-background wp-block-list\" style=\"font-size:18px\"><li>  <\/li><\/ul>\n","protected":false},"excerpt":{"rendered":"<p>Frequently asked questions In this FAQ (frequently asked questions) section, you will find answers to the most frequently asked questions from our customers. If you cannot find the answer to your question in the FAQ section, please contact us immediately.<\/p>\n","protected":false},"author":15,"featured_media":0,"parent":0,"menu_order":0,"comment_status":"closed","ping_status":"closed","template":"","meta":{"ocean_post_layout":"","ocean_both_sidebars_style":"","ocean_both_sidebars_content_width":0,"ocean_both_sidebars_sidebars_width":0,"ocean_sidebar":"0","ocean_second_sidebar":"0","ocean_disable_margins":"enable","ocean_add_body_class":"","ocean_shortcode_before_top_bar":"","ocean_shortcode_after_top_bar":"","ocean_shortcode_before_header":"","ocean_shortcode_after_header":"","ocean_has_shortcode":"","ocean_shortcode_after_title":"","ocean_shortcode_before_footer_widgets":"","ocean_shortcode_after_footer_widgets":"","ocean_shortcode_before_footer_bottom":"","ocean_shortcode_after_footer_bottom":"","ocean_display_top_bar":"default","ocean_display_header":"default","ocean_header_style":"","ocean_center_header_left_menu":"0","ocean_custom_header_template":"0","ocean_custom_logo":0,"ocean_custom_retina_logo":0,"ocean_custom_logo_max_width":0,"ocean_custom_logo_tablet_max_width":0,"ocean_custom_logo_mobile_max_width":0,"ocean_custom_logo_max_height":0,"ocean_custom_logo_tablet_max_height":0,"ocean_custom_logo_mobile_max_height":0,"ocean_header_custom_menu":"0","ocean_menu_typo_font_family":"0","ocean_menu_typo_font_subset":"","ocean_menu_typo_font_size":0,"ocean_menu_typo_font_size_tablet":0,"ocean_menu_typo_font_size_mobile":0,"ocean_menu_typo_font_size_unit":"px","ocean_menu_typo_font_weight":"","ocean_menu_typo_font_weight_tablet":"","ocean_menu_typo_font_weight_mobile":"","ocean_menu_typo_transform":"","ocean_menu_typo_transform_tablet":"","ocean_menu_typo_transform_mobile":"","ocean_menu_typo_line_height":0,"ocean_menu_typo_line_height_tablet":0,"ocean_menu_typo_line_height_mobile":0,"ocean_menu_typo_line_height_unit":"","ocean_menu_typo_spacing":0,"ocean_menu_typo_spacing_tablet":0,"ocean_menu_typo_spacing_mobile":0,"ocean_menu_typo_spacing_unit":"","ocean_menu_link_color":"","ocean_menu_link_color_hover":"","ocean_menu_link_color_active":"","ocean_menu_link_background":"","ocean_menu_link_hover_background":"","ocean_menu_link_active_background":"","ocean_menu_social_links_bg":"","ocean_menu_social_hover_links_bg":"","ocean_menu_social_links_color":"","ocean_menu_social_hover_links_color":"","ocean_disable_title":"default","ocean_disable_heading":"default","ocean_post_title":"","ocean_post_subheading":"","ocean_post_title_style":"","ocean_post_title_background_color":"","ocean_post_title_background":0,"ocean_post_title_bg_image_position":"","ocean_post_title_bg_image_attachment":"","ocean_post_title_bg_image_repeat":"","ocean_post_title_bg_image_size":"","ocean_post_title_height":0,"ocean_post_title_bg_overlay":0.5,"ocean_post_title_bg_overlay_color":"","ocean_disable_breadcrumbs":"default","ocean_breadcrumbs_color":"","ocean_breadcrumbs_separator_color":"","ocean_breadcrumbs_links_color":"","ocean_breadcrumbs_links_hover_color":"","ocean_display_footer_widgets":"default","ocean_display_footer_bottom":"default","ocean_custom_footer_template":"0","footnotes":""},"class_list":["post-4238","page","type-page","status-publish","hentry","entry","owp-thumbs-layout-horizontal","owp-btn-normal","owp-tabs-layout-horizontal","has-no-thumbnails","has-product-nav"],"yoast_head":"<!-- This site is optimized with the Yoast SEO plugin v27.5 - https:\/\/yoast.com\/product\/yoast-seo-wordpress\/ -->\n<title>FAQ -<\/title>\n<meta name=\"description\" content=\"Professional translation or localisation requires the cooperation of different categories of experts: FAQ\" \/>\n<meta name=\"robots\" content=\"index, follow, max-snippet:-1, max-image-preview:large, max-video-preview:-1\" \/>\n<link rel=\"canonical\" href=\"https:\/\/www.globaware.com\/en\/faq\/\" \/>\n<meta property=\"og:locale\" content=\"en_US\" \/>\n<meta property=\"og:type\" content=\"article\" \/>\n<meta property=\"og:title\" content=\"FAQ -\" \/>\n<meta property=\"og:description\" content=\"Professional translation or localisation requires the cooperation of different categories of experts: FAQ\" \/>\n<meta property=\"og:url\" content=\"https:\/\/www.globaware.com\/en\/faq\/\" \/>\n<meta property=\"article:modified_time\" content=\"2021-10-15T14:12:02+00:00\" \/>\n<meta property=\"og:image\" content=\"https:\/\/www.globaware.com\/wp-content\/uploads\/2014\/10\/bandeau_cours.jpg\" \/>\n<meta name=\"twitter:label1\" content=\"Est. reading time\" \/>\n\t<meta name=\"twitter:data1\" content=\"3 minutes\" \/>\n<script type=\"application\/ld+json\" class=\"yoast-schema-graph\">{\"@context\":\"https:\\\/\\\/schema.org\",\"@graph\":[{\"@type\":\"WebPage\",\"@id\":\"https:\\\/\\\/www.globaware.com\\\/en\\\/faq\\\/\",\"url\":\"https:\\\/\\\/www.globaware.com\\\/en\\\/faq\\\/\",\"name\":\"FAQ -\",\"isPartOf\":{\"@id\":\"https:\\\/\\\/www.globaware.com\\\/#website\"},\"primaryImageOfPage\":{\"@id\":\"https:\\\/\\\/www.globaware.com\\\/en\\\/faq\\\/#primaryimage\"},\"image\":{\"@id\":\"https:\\\/\\\/www.globaware.com\\\/en\\\/faq\\\/#primaryimage\"},\"thumbnailUrl\":\"https:\\\/\\\/www.globaware.com\\\/wp-content\\\/uploads\\\/2014\\\/10\\\/bandeau_cours.jpg\",\"datePublished\":\"2021-08-26T13:12:25+00:00\",\"dateModified\":\"2021-10-15T14:12:02+00:00\",\"description\":\"Professional translation or localisation requires the cooperation of different categories of experts: FAQ\",\"breadcrumb\":{\"@id\":\"https:\\\/\\\/www.globaware.com\\\/en\\\/faq\\\/#breadcrumb\"},\"inLanguage\":\"en-US\",\"potentialAction\":[{\"@type\":\"ReadAction\",\"target\":[\"https:\\\/\\\/www.globaware.com\\\/en\\\/faq\\\/\"]}]},{\"@type\":\"ImageObject\",\"inLanguage\":\"en-US\",\"@id\":\"https:\\\/\\\/www.globaware.com\\\/en\\\/faq\\\/#primaryimage\",\"url\":\"https:\\\/\\\/www.globaware.com\\\/wp-content\\\/uploads\\\/2014\\\/10\\\/bandeau_cours.jpg\",\"contentUrl\":\"https:\\\/\\\/www.globaware.com\\\/wp-content\\\/uploads\\\/2014\\\/10\\\/bandeau_cours.jpg\"},{\"@type\":\"BreadcrumbList\",\"@id\":\"https:\\\/\\\/www.globaware.com\\\/en\\\/faq\\\/#breadcrumb\",\"itemListElement\":[{\"@type\":\"ListItem\",\"position\":1,\"name\":\"Home\",\"item\":\"https:\\\/\\\/www.globaware.com\\\/en\\\/\"},{\"@type\":\"ListItem\",\"position\":2,\"name\":\"FAQ\"}]},{\"@type\":\"WebSite\",\"@id\":\"https:\\\/\\\/www.globaware.com\\\/#website\",\"url\":\"https:\\\/\\\/www.globaware.com\\\/\",\"name\":\"\",\"description\":\"\",\"potentialAction\":[{\"@type\":\"SearchAction\",\"target\":{\"@type\":\"EntryPoint\",\"urlTemplate\":\"https:\\\/\\\/www.globaware.com\\\/?s={search_term_string}\"},\"query-input\":{\"@type\":\"PropertyValueSpecification\",\"valueRequired\":true,\"valueName\":\"search_term_string\"}}],\"inLanguage\":\"en-US\"}]}<\/script>\n<!-- \/ Yoast SEO plugin. -->","yoast_head_json":{"title":"FAQ -","description":"Professional translation or localisation requires the cooperation of different categories of experts: FAQ","robots":{"index":"index","follow":"follow","max-snippet":"max-snippet:-1","max-image-preview":"max-image-preview:large","max-video-preview":"max-video-preview:-1"},"canonical":"https:\/\/www.globaware.com\/en\/faq\/","og_locale":"en_US","og_type":"article","og_title":"FAQ -","og_description":"Professional translation or localisation requires the cooperation of different categories of experts: FAQ","og_url":"https:\/\/www.globaware.com\/en\/faq\/","article_modified_time":"2021-10-15T14:12:02+00:00","og_image":[{"url":"https:\/\/www.globaware.com\/wp-content\/uploads\/2014\/10\/bandeau_cours.jpg","type":"","width":"","height":""}],"twitter_misc":{"Est. reading time":"3 minutes"},"schema":{"@context":"https:\/\/schema.org","@graph":[{"@type":"WebPage","@id":"https:\/\/www.globaware.com\/en\/faq\/","url":"https:\/\/www.globaware.com\/en\/faq\/","name":"FAQ -","isPartOf":{"@id":"https:\/\/www.globaware.com\/#website"},"primaryImageOfPage":{"@id":"https:\/\/www.globaware.com\/en\/faq\/#primaryimage"},"image":{"@id":"https:\/\/www.globaware.com\/en\/faq\/#primaryimage"},"thumbnailUrl":"https:\/\/www.globaware.com\/wp-content\/uploads\/2014\/10\/bandeau_cours.jpg","datePublished":"2021-08-26T13:12:25+00:00","dateModified":"2021-10-15T14:12:02+00:00","description":"Professional translation or localisation requires the cooperation of different categories of experts: FAQ","breadcrumb":{"@id":"https:\/\/www.globaware.com\/en\/faq\/#breadcrumb"},"inLanguage":"en-US","potentialAction":[{"@type":"ReadAction","target":["https:\/\/www.globaware.com\/en\/faq\/"]}]},{"@type":"ImageObject","inLanguage":"en-US","@id":"https:\/\/www.globaware.com\/en\/faq\/#primaryimage","url":"https:\/\/www.globaware.com\/wp-content\/uploads\/2014\/10\/bandeau_cours.jpg","contentUrl":"https:\/\/www.globaware.com\/wp-content\/uploads\/2014\/10\/bandeau_cours.jpg"},{"@type":"BreadcrumbList","@id":"https:\/\/www.globaware.com\/en\/faq\/#breadcrumb","itemListElement":[{"@type":"ListItem","position":1,"name":"Home","item":"https:\/\/www.globaware.com\/en\/"},{"@type":"ListItem","position":2,"name":"FAQ"}]},{"@type":"WebSite","@id":"https:\/\/www.globaware.com\/#website","url":"https:\/\/www.globaware.com\/","name":"","description":"","potentialAction":[{"@type":"SearchAction","target":{"@type":"EntryPoint","urlTemplate":"https:\/\/www.globaware.com\/?s={search_term_string}"},"query-input":{"@type":"PropertyValueSpecification","valueRequired":true,"valueName":"search_term_string"}}],"inLanguage":"en-US"}]}},"_links":{"self":[{"href":"https:\/\/www.globaware.com\/en\/wp-json\/wp\/v2\/pages\/4238","targetHints":{"allow":["GET"]}}],"collection":[{"href":"https:\/\/www.globaware.com\/en\/wp-json\/wp\/v2\/pages"}],"about":[{"href":"https:\/\/www.globaware.com\/en\/wp-json\/wp\/v2\/types\/page"}],"author":[{"embeddable":true,"href":"https:\/\/www.globaware.com\/en\/wp-json\/wp\/v2\/users\/15"}],"replies":[{"embeddable":true,"href":"https:\/\/www.globaware.com\/en\/wp-json\/wp\/v2\/comments?post=4238"}],"version-history":[{"count":0,"href":"https:\/\/www.globaware.com\/en\/wp-json\/wp\/v2\/pages\/4238\/revisions"}],"wp:attachment":[{"href":"https:\/\/www.globaware.com\/en\/wp-json\/wp\/v2\/media?parent=4238"}],"curies":[{"name":"wp","href":"https:\/\/api.w.org\/{rel}","templated":true}]}}